{"id":977,"date":"2025-08-22T08:27:01","date_gmt":"2025-08-22T08:27:01","guid":{"rendered":"https:\/\/sauleraclinic.uk\/?page_id=977"},"modified":"2025-09-13T14:13:18","modified_gmt":"2025-09-13T14:13:18","slug":"daugybiniu-odos-dariniu-salinimas","status":"publish","type":"page","link":"https:\/\/sauleraclinic.uk\/en\/daugybiniu-odos-dariniu-salinimas\/","title":{"rendered":"Multiple skin lesions"},"content":{"rendered":"<div data-elementor-type=\"wp-page\" data-elementor-id=\"977\" class=\"elementor elementor-977\" data-elementor-post-type=\"page\">\n\t\t\t\t<div class=\"elementor-element elementor-element-2e12f85 e-con-full e-flex wpr-particle-no wpr-jarallax-no wpr-parallax-no wpr-sticky-section-no wpr-equal-height-no e-con e-parent\" data-id=\"2e12f85\" data-element_type=\"container\" data-e-type=\"container\" data-settings=\"{&quot;background_background&quot;:&quot;classic&quot;}\">\n\t\t<div class=\"elementor-element elementor-element-f45fb6a e-con-full e-flex wpr-particle-no wpr-jarallax-no wpr-parallax-no wpr-sticky-section-no wpr-equal-height-no e-con e-child\" data-id=\"f45fb6a\" data-element_type=\"container\" data-e-type=\"container\">\n\t\t\t\t<div class=\"elementor-element elementor-element-66de18e animated-btn elementor-widget-mobile__width-initial elementor-widget__width-initial elementor-widget elementor-widget-button\" data-id=\"66de18e\" data-element_type=\"widget\" data-e-type=\"widget\" data-widget_type=\"button.default\">\n\t\t\t\t\t\t\t\t\t\t<a class=\"elementor-button elementor-button-link elementor-size-sm\" href=\"https:\/\/sauleraclinic.uk\/en\/pries-po\/\">\n\t\t\t\t\t\t<span class=\"elementor-button-content-wrapper\">\n\t\t\t\t\t\t<span class=\"elementor-button-icon\">\n\t\t\t\t<svg xmlns=\"http:\/\/www.w3.org\/2000\/svg\" width=\"24\" height=\"24\" viewbox=\"0 0 24 24\" fill=\"none\"><path d=\"M6.96945 12.531L14.4694 20.031C14.5391 20.1007 14.6219 20.156 14.7129 20.1937C14.8039 20.2314 14.9015 20.2508 15.0001 20.2508C15.0986 20.2508 15.1962 20.2314 15.2872 20.1937C15.3783 20.156 15.461 20.1007 15.5307 20.031C15.6004 19.9614 15.6557 19.8786 15.6934 19.7876C15.7311 19.6965 15.7505 19.599 15.7505 19.5004C15.7505 19.4019 15.7311 19.3043 15.6934 19.2132C15.6557 19.1222 15.6004 19.0395 15.5307 18.9698L8.56038 12.0004L15.5307 5.03104C15.6714 4.89031 15.7505 4.69944 15.7505 4.50042C15.7505 4.30139 15.6714 4.11052 15.5307 3.96979C15.39 3.82906 15.1991 3.75 15.0001 3.75C14.801 3.75 14.6102 3.82906 14.4694 3.96979L6.96945 11.4698C6.89971 11.5394 6.84439 11.6222 6.80665 11.7132C6.76891 11.8043 6.74948 11.9019 6.74948 12.0004C6.74948 12.099 6.76891 12.1966 6.80665 12.2876C6.84439 12.3787 6.89971 12.4614 6.96945 12.531Z\" fill=\"#3A2A26\"><\/path><\/svg>\t\t\t<\/span>\n\t\t\t\t\t\t\t\t\t<span class=\"elementor-button-text\">Return to gallery<\/span>\n\t\t\t\t\t<\/span>\n\t\t\t\t\t<\/a>\n\t\t\t\t\t\t\t\t<\/div>\n\t\t\t\t<\/div>\n\t\t<div class=\"elementor-element elementor-element-a37e53e e-con-full e-flex wpr-particle-no wpr-jarallax-no wpr-parallax-no wpr-sticky-section-no wpr-equal-height-no e-con e-child\" data-id=\"a37e53e\" data-element_type=\"container\" data-e-type=\"container\">\n\t\t\t\t<div class=\"elementor-element elementor-element-d9847a3 page-header elementor-widget__width-initial elementor-widget elementor-widget-heading\" data-id=\"d9847a3\" data-element_type=\"widget\" data-e-type=\"widget\" data-widget_type=\"heading.default\">\n\t\t\t\t\t<h1 class=\"elementor-heading-title elementor-size-default\">Multiple skin lesions<\/h1>\t\t\t\t<\/div>\n\t\t\t\t<\/div>\n\t\t\t\t<\/div>\n\t\t<div class=\"elementor-element elementor-element-80f203d e-con-full e-flex wpr-particle-no wpr-jarallax-no wpr-parallax-no wpr-sticky-section-no wpr-equal-height-no e-con e-parent\" data-id=\"80f203d\" data-element_type=\"container\" data-e-type=\"container\">\n\t\t<div class=\"elementor-element elementor-element-3cc8696 e-con-full e-flex wpr-particle-no wpr-jarallax-no wpr-parallax-no wpr-sticky-section-no wpr-equal-height-no e-con e-child\" data-id=\"3cc8696\" data-element_type=\"container\" data-e-type=\"container\">\n\t\t\t\t<div class=\"elementor-element elementor-element-26d52d3 elementor-widget__width-initial pries-po elementor-widget elementor-widget-wpr-before-after\" data-id=\"26d52d3\" data-element_type=\"widget\" data-e-type=\"widget\" data-widget_type=\"wpr-before-after.default\">\n\t\t\t\t\t<div class=\"wpr-ba-image-container wpr-ba-horizontal wpr-ba-labels-default\" data-position=\"50\" data-trigger=\"drag\"><div class=\"wpr-ba-image-1\"><img decoding=\"async\" src=\"https:\/\/sauleraclinic.uk\/wp-content\/uploads\/2025\/08\/po.2.png\"><\/div><div class=\"wpr-ba-image-2\"><img decoding=\"async\" src=\"https:\/\/sauleraclinic.uk\/wp-content\/uploads\/2025\/08\/pries-1-1.png\"><\/div><div class=\"wpr-ba-divider\"><div class=\"wpr-ba-divider-icons\"><i class=\"fa fa-angle-left\"><\/i><i class=\"fa fa-angle-right\"><\/i><\/div><\/div><\/div>\t\t\t\t<\/div>\n\t\t\t\t<\/div>\n\t\t<div class=\"elementor-element elementor-element-44a55eb e-con-full e-flex wpr-particle-no wpr-jarallax-no wpr-parallax-no wpr-sticky-section-no wpr-equal-height-no e-con e-child\" data-id=\"44a55eb\" data-element_type=\"container\" data-e-type=\"container\">\n\t\t\t\t<\/div>\n\t\t<div class=\"elementor-element elementor-element-a3254a6 e-con-full e-flex wpr-particle-no wpr-jarallax-no wpr-parallax-no wpr-sticky-section-no wpr-equal-height-no e-con e-child\" data-id=\"a3254a6\" data-element_type=\"container\" data-e-type=\"container\">\n\t\t\t\t<\/div>\n\t\t\t\t<\/div>\n\t\t<div class=\"elementor-element elementor-element-720cee16 e-con-full e-flex wpr-particle-no wpr-jarallax-no wpr-parallax-no wpr-sticky-section-no wpr-equal-height-no e-con e-parent\" data-id=\"720cee16\" data-element_type=\"container\" data-e-type=\"container\" data-settings=\"{&quot;background_background&quot;:&quot;classic&quot;}\">\n\t\t<div class=\"elementor-element elementor-element-4a068c54 e-con-full e-flex wpr-particle-no wpr-jarallax-no wpr-parallax-no wpr-sticky-section-no wpr-equal-height-no e-con e-child\" data-id=\"4a068c54\" data-element_type=\"container\" data-e-type=\"container\">\n\t\t\t\t<div class=\"elementor-element elementor-element-5ad5199d elementor-widget elementor-widget-image\" data-id=\"5ad5199d\" data-element_type=\"widget\" data-e-type=\"widget\" data-widget_type=\"image.default\">\n\t\t\t\t\t\t\t\t\t\t\t\t\t\t\t<img fetchpriority=\"high\" decoding=\"async\" width=\"486\" height=\"486\" src=\"https:\/\/sauleraclinic.uk\/wp-content\/uploads\/2025\/08\/dovanu-kuponas-1-1-1.png\" class=\"attachment-large size-large wp-image-546\" alt=\"Dovan\u0173 kupoas\" srcset=\"https:\/\/sauleraclinic.uk\/wp-content\/uploads\/2025\/08\/dovanu-kuponas-1-1-1.png 486w, https:\/\/sauleraclinic.uk\/wp-content\/uploads\/2025\/08\/dovanu-kuponas-1-1-1-300x300.png 300w, https:\/\/sauleraclinic.uk\/wp-content\/uploads\/2025\/08\/dovanu-kuponas-1-1-1-150x150.png 150w\" sizes=\"(max-width: 486px) 100vw, 486px\" \/>\t\t\t\t\t\t\t\t\t\t\t\t\t\t\t<\/div>\n\t\t\t\t<\/div>\n\t\t<div class=\"elementor-element elementor-element-252f81f5 e-con-full e-flex wpr-particle-no wpr-jarallax-no wpr-parallax-no wpr-sticky-section-no wpr-equal-height-no e-con e-child\" data-id=\"252f81f5\" data-element_type=\"container\" data-e-type=\"container\">\n\t\t<div class=\"elementor-element elementor-element-55316416 e-con-full e-flex wpr-particle-no wpr-jarallax-no wpr-parallax-no wpr-sticky-section-no wpr-equal-height-no e-con e-child\" data-id=\"55316416\" data-element_type=\"container\" data-e-type=\"container\">\n\t\t\t\t<div class=\"elementor-element elementor-element-7ae0ffab elementor-widget elementor-widget-heading\" data-id=\"7ae0ffab\" data-element_type=\"widget\" data-e-type=\"widget\" data-widget_type=\"heading.default\">\n\t\t\t\t\t<h5 class=\"elementor-heading-title elementor-size-default\">Saul\u0117 RA Clinic gift voucher<\/h5>\t\t\t\t<\/div>\n\t\t\t\t<div class=\"elementor-element elementor-element-4addfc96 elementor-widget elementor-widget-heading\" data-id=\"4addfc96\" data-element_type=\"widget\" data-e-type=\"widget\" data-widget_type=\"heading.default\">\n\t\t\t\t\t<h2 class=\"elementor-heading-title elementor-size-default\">Looking for the perfect gift for someone special?<\/h2>\t\t\t\t<\/div>\n\t\t\t\t<div class=\"elementor-element elementor-element-4668364c elementor-align-left elementor-widget elementor-widget-button\" data-id=\"4668364c\" data-element_type=\"widget\" data-e-type=\"widget\" data-widget_type=\"button.default\">\n\t\t\t\t\t\t\t\t\t\t<a class=\"elementor-button elementor-button-link elementor-size-sm elementor-animation-grow\" href=\"https:\/\/sauleraclinic.uk\/en\/dovanu-kuponas\/\">\n\t\t\t\t\t\t<span class=\"elementor-button-content-wrapper\">\n\t\t\t\t\t\t\t\t\t<span class=\"elementor-button-text\">Get Your Voucher<\/span>\n\t\t\t\t\t<\/span>\n\t\t\t\t\t<\/a>\n\t\t\t\t\t\t\t\t<\/div>\n\t\t\t\t<\/div>\n\t\t\t\t<\/div>\n\t\t\t\t<\/div>\n\t\t\t\t<\/div>","protected":false},"excerpt":{"rendered":"<p>Gr\u012f\u017eti \u012f galerij\u0105 Daugybiniai odos dariniai Saul\u0117 RA Clinic dovan\u0173 kuponas Ie\u0161kote dovanos artimam \u017emogui? \u012esigyti kupon\u0105<\/p>","protected":false},"author":1,"featured_media":0,"parent":0,"menu_order":0,"comment_status":"closed","ping_status":"closed","template":"","meta":{"inline_featured_image":false,"footnotes":""},"class_list":["post-977","page","type-page","status-publish","hentry"],"yoast_head":"<!-- This site is optimized with the Yoast SEO plugin v27.4 - https:\/\/yoast.com\/product\/yoast-seo-wordpress\/ -->\n<title>Daugybini\u0173 odos dariniai prie\u0161 ir po galerija Saul\u0117 Ra Dermatology<\/title>\n<meta name=\"description\" content=\"Profesionalus daugybini\u0173 odos darini\u0173 \u0161alinimas. Greita ir saugi proced\u016bra be rand\u0173. Per\u017ei\u016br\u0117kite galerij\u0105 prie\u0161 ir po proced\u016bros.\" \/>\n<meta name=\"robots\" content=\"index, follow, max-snippet:-1, max-image-preview:large, max-video-preview:-1\" \/>\n<link rel=\"canonical\" href=\"https:\/\/sauleraclinic.uk\/en\/daugybiniu-odos-dariniu-salinimas\/\" \/>\n<meta property=\"og:locale\" content=\"en_GB\" \/>\n<meta property=\"og:type\" content=\"article\" \/>\n<meta property=\"og:title\" content=\"Daugybini\u0173 odos dariniai prie\u0161 ir po galerija Saul\u0117 Ra Dermatology\" \/>\n<meta property=\"og:description\" content=\"Profesionalus daugybini\u0173 odos darini\u0173 \u0161alinimas. Greita ir saugi proced\u016bra be rand\u0173. Per\u017ei\u016br\u0117kite galerij\u0105 prie\u0161 ir po proced\u016bros.\" \/>\n<meta property=\"og:url\" content=\"https:\/\/sauleraclinic.uk\/en\/daugybiniu-odos-dariniu-salinimas\/\" \/>\n<meta property=\"og:site_name\" content=\"Saul\u0117 RA Dermatology Clinic\" \/>\n<meta property=\"article:modified_time\" content=\"2025-09-13T14:13:18+00:00\" \/>\n<meta property=\"og:image\" content=\"https:\/\/sauleraclinic.uk\/wp-content\/uploads\/2025\/08\/po.2.png\" \/>\n<meta name=\"twitter:card\" content=\"summary_large_image\" \/>\n<meta name=\"twitter:label1\" content=\"Estimated reading time\" \/>\n\t<meta name=\"twitter:data1\" content=\"1 minute\" \/>\n<script type=\"application\/ld+json\" class=\"yoast-schema-graph\">{\"@context\":\"https:\\\/\\\/schema.org\",\"@graph\":[{\"@type\":\"WebPage\",\"@id\":\"https:\\\/\\\/sauleraclinic.uk\\\/daugybiniu-odos-dariniu-salinimas\\\/\",\"url\":\"https:\\\/\\\/sauleraclinic.uk\\\/daugybiniu-odos-dariniu-salinimas\\\/\",\"name\":\"Daugybini\u0173 odos dariniai prie\u0161 ir po galerija Saul\u0117 Ra Dermatology\",\"isPartOf\":{\"@id\":\"https:\\\/\\\/sauleraclinic.uk\\\/#website\"},\"primaryImageOfPage\":{\"@id\":\"https:\\\/\\\/sauleraclinic.uk\\\/daugybiniu-odos-dariniu-salinimas\\\/#primaryimage\"},\"image\":{\"@id\":\"https:\\\/\\\/sauleraclinic.uk\\\/daugybiniu-odos-dariniu-salinimas\\\/#primaryimage\"},\"thumbnailUrl\":\"https:\\\/\\\/sauleraclinic.uk\\\/wp-content\\\/uploads\\\/2025\\\/08\\\/po.2.png\",\"datePublished\":\"2025-08-22T08:27:01+00:00\",\"dateModified\":\"2025-09-13T14:13:18+00:00\",\"description\":\"Profesionalus daugybini\u0173 odos darini\u0173 \u0161alinimas. Greita ir saugi proced\u016bra be rand\u0173. Per\u017ei\u016br\u0117kite galerij\u0105 prie\u0161 ir po proced\u016bros.\",\"breadcrumb\":{\"@id\":\"https:\\\/\\\/sauleraclinic.uk\\\/daugybiniu-odos-dariniu-salinimas\\\/#breadcrumb\"},\"inLanguage\":\"en-GB\",\"potentialAction\":[{\"@type\":\"ReadAction\",\"target\":[\"https:\\\/\\\/sauleraclinic.uk\\\/daugybiniu-odos-dariniu-salinimas\\\/\"]}]},{\"@type\":\"ImageObject\",\"inLanguage\":\"en-GB\",\"@id\":\"https:\\\/\\\/sauleraclinic.uk\\\/daugybiniu-odos-dariniu-salinimas\\\/#primaryimage\",\"url\":\"https:\\\/\\\/sauleraclinic.uk\\\/wp-content\\\/uploads\\\/2025\\\/08\\\/po.2.png\",\"contentUrl\":\"https:\\\/\\\/sauleraclinic.uk\\\/wp-content\\\/uploads\\\/2025\\\/08\\\/po.2.png\"},{\"@type\":\"BreadcrumbList\",\"@id\":\"https:\\\/\\\/sauleraclinic.uk\\\/daugybiniu-odos-dariniu-salinimas\\\/#breadcrumb\",\"itemListElement\":[{\"@type\":\"ListItem\",\"position\":1,\"name\":\"Home\",\"item\":\"https:\\\/\\\/sauleraclinic.uk\\\/\"},{\"@type\":\"ListItem\",\"position\":2,\"name\":\"Daugybiniai odos dariniai\"}]},{\"@type\":\"WebSite\",\"@id\":\"https:\\\/\\\/sauleraclinic.uk\\\/#website\",\"url\":\"https:\\\/\\\/sauleraclinic.uk\\\/\",\"name\":\"Saul\u0117 RA Dermatology Clinic\",\"description\":\"\",\"publisher\":{\"@id\":\"https:\\\/\\\/sauleraclinic.uk\\\/#organization\"},\"potentialAction\":[{\"@type\":\"SearchAction\",\"target\":{\"@type\":\"EntryPoint\",\"urlTemplate\":\"https:\\\/\\\/sauleraclinic.uk\\\/?s={search_term_string}\"},\"query-input\":{\"@type\":\"PropertyValueSpecification\",\"valueRequired\":true,\"valueName\":\"search_term_string\"}}],\"inLanguage\":\"en-GB\"},{\"@type\":\"Organization\",\"@id\":\"https:\\\/\\\/sauleraclinic.uk\\\/#organization\",\"name\":\"Saul\u0117 RA Dermatology Clinic\",\"url\":\"https:\\\/\\\/sauleraclinic.uk\\\/\",\"logo\":{\"@type\":\"ImageObject\",\"inLanguage\":\"en-GB\",\"@id\":\"https:\\\/\\\/sauleraclinic.uk\\\/#\\\/schema\\\/logo\\\/image\\\/\",\"url\":\"https:\\\/\\\/sauleraclinic.uk\\\/wp-content\\\/uploads\\\/2025\\\/08\\\/logo-gold-1.png\",\"contentUrl\":\"https:\\\/\\\/sauleraclinic.uk\\\/wp-content\\\/uploads\\\/2025\\\/08\\\/logo-gold-1.png\",\"width\":1000,\"height\":264,\"caption\":\"Saul\u0117 RA Dermatology Clinic\"},\"image\":{\"@id\":\"https:\\\/\\\/sauleraclinic.uk\\\/#\\\/schema\\\/logo\\\/image\\\/\"}}]}<\/script>\n<!-- \/ Yoast SEO plugin. -->","yoast_head_json":{"title":"Daugybini\u0173 odos dariniai prie\u0161 ir po galerija Saul\u0117 Ra Dermatology","description":"Profesionalus daugybini\u0173 odos darini\u0173 \u0161alinimas. Greita ir saugi proced\u016bra be rand\u0173. Per\u017ei\u016br\u0117kite galerij\u0105 prie\u0161 ir po proced\u016bros.","robots":{"index":"index","follow":"follow","max-snippet":"max-snippet:-1","max-image-preview":"max-image-preview:large","max-video-preview":"max-video-preview:-1"},"canonical":"https:\/\/sauleraclinic.uk\/en\/daugybiniu-odos-dariniu-salinimas\/","og_locale":"en_GB","og_type":"article","og_title":"Daugybini\u0173 odos dariniai prie\u0161 ir po galerija Saul\u0117 Ra Dermatology","og_description":"Profesionalus daugybini\u0173 odos darini\u0173 \u0161alinimas. Greita ir saugi proced\u016bra be rand\u0173. Per\u017ei\u016br\u0117kite galerij\u0105 prie\u0161 ir po proced\u016bros.","og_url":"https:\/\/sauleraclinic.uk\/en\/daugybiniu-odos-dariniu-salinimas\/","og_site_name":"Saul\u0117 RA Dermatology Clinic","article_modified_time":"2025-09-13T14:13:18+00:00","og_image":[{"url":"https:\/\/sauleraclinic.uk\/wp-content\/uploads\/2025\/08\/po.2.png","type":"","width":"","height":""}],"twitter_card":"summary_large_image","twitter_misc":{"Estimated reading time":"1 minute"},"schema":{"@context":"https:\/\/schema.org","@graph":[{"@type":"WebPage","@id":"https:\/\/sauleraclinic.uk\/daugybiniu-odos-dariniu-salinimas\/","url":"https:\/\/sauleraclinic.uk\/daugybiniu-odos-dariniu-salinimas\/","name":"Daugybini\u0173 odos dariniai prie\u0161 ir po galerija Saul\u0117 Ra Dermatology","isPartOf":{"@id":"https:\/\/sauleraclinic.uk\/#website"},"primaryImageOfPage":{"@id":"https:\/\/sauleraclinic.uk\/daugybiniu-odos-dariniu-salinimas\/#primaryimage"},"image":{"@id":"https:\/\/sauleraclinic.uk\/daugybiniu-odos-dariniu-salinimas\/#primaryimage"},"thumbnailUrl":"https:\/\/sauleraclinic.uk\/wp-content\/uploads\/2025\/08\/po.2.png","datePublished":"2025-08-22T08:27:01+00:00","dateModified":"2025-09-13T14:13:18+00:00","description":"Profesionalus daugybini\u0173 odos darini\u0173 \u0161alinimas. Greita ir saugi proced\u016bra be rand\u0173. Per\u017ei\u016br\u0117kite galerij\u0105 prie\u0161 ir po proced\u016bros.","breadcrumb":{"@id":"https:\/\/sauleraclinic.uk\/daugybiniu-odos-dariniu-salinimas\/#breadcrumb"},"inLanguage":"en-GB","potentialAction":[{"@type":"ReadAction","target":["https:\/\/sauleraclinic.uk\/daugybiniu-odos-dariniu-salinimas\/"]}]},{"@type":"ImageObject","inLanguage":"en-GB","@id":"https:\/\/sauleraclinic.uk\/daugybiniu-odos-dariniu-salinimas\/#primaryimage","url":"https:\/\/sauleraclinic.uk\/wp-content\/uploads\/2025\/08\/po.2.png","contentUrl":"https:\/\/sauleraclinic.uk\/wp-content\/uploads\/2025\/08\/po.2.png"},{"@type":"BreadcrumbList","@id":"https:\/\/sauleraclinic.uk\/daugybiniu-odos-dariniu-salinimas\/#breadcrumb","itemListElement":[{"@type":"ListItem","position":1,"name":"Home","item":"https:\/\/sauleraclinic.uk\/"},{"@type":"ListItem","position":2,"name":"Daugybiniai odos dariniai"}]},{"@type":"WebSite","@id":"https:\/\/sauleraclinic.uk\/#website","url":"https:\/\/sauleraclinic.uk\/","name":"Saul\u0117 RA Dermatology Clinic","description":"","publisher":{"@id":"https:\/\/sauleraclinic.uk\/#organization"},"potentialAction":[{"@type":"SearchAction","target":{"@type":"EntryPoint","urlTemplate":"https:\/\/sauleraclinic.uk\/?s={search_term_string}"},"query-input":{"@type":"PropertyValueSpecification","valueRequired":true,"valueName":"search_term_string"}}],"inLanguage":"en-GB"},{"@type":"Organization","@id":"https:\/\/sauleraclinic.uk\/#organization","name":"Saul\u0117 RA Dermatology Clinic","url":"https:\/\/sauleraclinic.uk\/","logo":{"@type":"ImageObject","inLanguage":"en-GB","@id":"https:\/\/sauleraclinic.uk\/#\/schema\/logo\/image\/","url":"https:\/\/sauleraclinic.uk\/wp-content\/uploads\/2025\/08\/logo-gold-1.png","contentUrl":"https:\/\/sauleraclinic.uk\/wp-content\/uploads\/2025\/08\/logo-gold-1.png","width":1000,"height":264,"caption":"Saul\u0117 RA Dermatology Clinic"},"image":{"@id":"https:\/\/sauleraclinic.uk\/#\/schema\/logo\/image\/"}}]}},"_links":{"self":[{"href":"https:\/\/sauleraclinic.uk\/en\/wp-json\/wp\/v2\/pages\/977","targetHints":{"allow":["GET"]}}],"collection":[{"href":"https:\/\/sauleraclinic.uk\/en\/wp-json\/wp\/v2\/pages"}],"about":[{"href":"https:\/\/sauleraclinic.uk\/en\/wp-json\/wp\/v2\/types\/page"}],"author":[{"embeddable":true,"href":"https:\/\/sauleraclinic.uk\/en\/wp-json\/wp\/v2\/users\/1"}],"replies":[{"embeddable":true,"href":"https:\/\/sauleraclinic.uk\/en\/wp-json\/wp\/v2\/comments?post=977"}],"version-history":[{"count":128,"href":"https:\/\/sauleraclinic.uk\/en\/wp-json\/wp\/v2\/pages\/977\/revisions"}],"predecessor-version":[{"id":3915,"href":"https:\/\/sauleraclinic.uk\/en\/wp-json\/wp\/v2\/pages\/977\/revisions\/3915"}],"wp:attachment":[{"href":"https:\/\/sauleraclinic.uk\/en\/wp-json\/wp\/v2\/media?parent=977"}],"curies":[{"name":"wp","href":"https:\/\/api.w.org\/{rel}","templated":true}]}}