{"id":4594,"date":"2025-10-29T11:19:16","date_gmt":"2025-10-29T11:19:16","guid":{"rendered":"https:\/\/sauleraclinic.uk\/?page_id=4594"},"modified":"2025-10-31T23:31:12","modified_gmt":"2025-10-31T23:31:12","slug":"biorevitalizacija-mezoterapija-skin-booster","status":"publish","type":"page","link":"https:\/\/sauleraclinic.uk\/en\/biorevitalizacija-mezoterapija-skin-booster\/","title":{"rendered":"Biorevitalisation, Mesotherapy and Skin Booster Treatments"},"content":{"rendered":"<div data-elementor-type=\"wp-page\" data-elementor-id=\"4594\" class=\"elementor elementor-4594\" data-elementor-post-type=\"page\">\n\t\t\t\t<div class=\"elementor-element elementor-element-8b77758 e-con-full elementor-hidden-desktop elementor-hidden-tablet e-flex wpr-particle-no wpr-jarallax-no wpr-parallax-no wpr-sticky-section-no wpr-equal-height-no e-con e-parent\" data-id=\"8b77758\" data-element_type=\"container\" data-e-type=\"container\" data-settings=\"{&quot;background_background&quot;:&quot;classic&quot;}\">\n\t\t<div class=\"elementor-element elementor-element-b503ce9 e-con-full e-flex wpr-particle-no wpr-jarallax-no wpr-parallax-no wpr-sticky-section-no wpr-equal-height-no e-con e-child\" data-id=\"b503ce9\" data-element_type=\"container\" data-e-type=\"container\">\n\t\t\t\t<div class=\"elementor-element elementor-element-9bf8e14 elementor-widget elementor-widget-heading\" data-id=\"9bf8e14\" data-element_type=\"widget\" data-e-type=\"widget\" data-widget_type=\"heading.default\">\n\t\t\t\t\t<h5 class=\"elementor-heading-title elementor-size-default\">Saul\u0117 RA Dermatology Services<\/h5>\t\t\t\t<\/div>\n\t\t\t\t<div class=\"elementor-element elementor-element-5c43a4e page-header elementor-widget elementor-widget-heading\" data-id=\"5c43a4e\" data-element_type=\"widget\" data-e-type=\"widget\" data-widget_type=\"heading.default\">\n\t\t\t\t\t<h1 class=\"elementor-heading-title elementor-size-default\">Biorevitalisation, Mesotherapy and Skin Booster Treatments <\/h1>\t\t\t\t<\/div>\n\t\t\t\t<\/div>\n\t\t\t\t<\/div>\n\t\t<div class=\"elementor-element elementor-element-c604094 e-con-full e-flex wpr-particle-no wpr-jarallax-no wpr-parallax-no wpr-sticky-section-no wpr-equal-height-no e-con e-parent\" data-id=\"c604094\" data-element_type=\"container\" data-e-type=\"container\">\n\t\t<div class=\"elementor-element elementor-element-24ebf07 e-con-full e-flex wpr-particle-no wpr-jarallax-no wpr-parallax-no wpr-sticky-section-no wpr-equal-height-no e-con e-child\" data-id=\"24ebf07\" data-element_type=\"container\" data-e-type=\"container\">\n\t\t\t\t<div class=\"elementor-element elementor-element-a6671e8 elementor-widget elementor-widget-text-editor\" data-id=\"a6671e8\" data-element_type=\"widget\" data-e-type=\"widget\" data-widget_type=\"text-editor.default\">\n\t\t\t\t\t\t\t\t\t<p class=\"p1\">A collection of advanced skin rejuvenation treatments designed to restore hydration, improve elasticity, and stimulate collagen and elastin production from within.<\/p><p class=\"p3\"><b>Ejal Skin Booster \u2013 5-Point \u201cFacelift\u201d<\/b><b><\/b><\/p><p class=\"p1\">A minimally invasive procedure that restores firmness and tone, creating a natural lifting effect without surgery.<\/p><p class=\"p3\"><b>Jalupro Super Hydro 5-Point Skin Booster<\/b><b><\/b><\/p><p class=\"p1\">An intensive hydrating therapy enriched with amino acids and hyaluronic acid to revitalize tired, dehydrated, or dull skin.<\/p><p class=\"p3\"><b>Profhilo<\/b><b><\/b><\/p><p class=\"p1\">An innovative hyaluronic acid treatment that works as both a filler and a biostimulator \u2013 activating the skin\u2019s natural regeneration process and providing a lasting tightening effect.<\/p><p class=\"p3\"><b>Amber acid redermalization<\/b><b><\/b><\/p><p class=\"p1\">Combining the power of amber acid and hyaluronic acid, this treatment improves microcirculation, brightens, and rejuvenates the skin while reducing fine lines.<\/p><p class=\"p3\"><b>Exosome therapy<\/b><b><\/b><\/p><p class=\"p1\">A next-generation biotechnological solution that promotes tissue regeneration and rejuvenation at the cellular level. Perfect for post-laser or post-injection recovery and overall skin renewal.<\/p><p class=\"p3\"><b>Biorevitalization<\/b><b><\/b><\/p><p class=\"p1\">A classic rejuvenation procedure that restores hydration, elasticity, and a natural glow. Ideal for improving overall skin quality and texture.<\/p><p class=\"p3\"><b>Dark circle treatment (polynucleotide injections)<\/b><b><\/b><\/p><p class=\"p1\">A targeted therapy designed for the delicate under-eye area, reducing dark circles, puffiness, and signs of fatigue. It helps restore skin density and promotes regeneration.<\/p><p class=\"p3\"><b>Mesotherapy \/ Microneedling therapy<\/b><b><\/b><\/p><p class=\"p1\">During this procedure, active ingredients such as vitamins, peptides, and hyaluronic acid are infused into the skin through microinjections. It improves texture and gives the skin a healthy, luminous appearance.<\/p><p class=\"p3\"><b>Skin Booster<\/b><b><\/b><\/p><p class=\"p1\">A gentle yet highly effective treatment that provides deep hydration, smoothness, and radiance. Ideal before special occasions or as part of regular skin maintenance.<\/p><p class=\"p1\">\u00a0<\/p>\t\t\t\t\t\t\t\t<\/div>\n\t\t\t\t<\/div>\n\t\t<div class=\"elementor-element elementor-element-6b03bbd e-con-full e-flex wpr-particle-no wpr-jarallax-no wpr-parallax-no wpr-sticky-section-no wpr-equal-height-no e-con e-child\" data-id=\"6b03bbd\" data-element_type=\"container\" data-e-type=\"container\">\n\t\t<div class=\"elementor-element elementor-element-9b5a4aa e-con-full e-flex wpr-particle-no wpr-jarallax-no wpr-parallax-no wpr-sticky-section-no wpr-equal-height-no e-con e-child\" data-id=\"9b5a4aa\" data-element_type=\"container\" data-e-type=\"container\" data-settings=\"{&quot;background_background&quot;:&quot;classic&quot;}\">\n\t\t<div class=\"elementor-element elementor-element-c5f9406 e-con-full e-flex wpr-particle-no wpr-jarallax-no wpr-parallax-no wpr-sticky-section-no wpr-equal-height-no e-con e-child\" data-id=\"c5f9406\" data-element_type=\"container\" data-e-type=\"container\" data-settings=\"{&quot;background_background&quot;:&quot;classic&quot;}\">\n\t\t\t\t<div class=\"elementor-element elementor-element-518ea41 elementor-widget elementor-widget-heading\" data-id=\"518ea41\" data-element_type=\"widget\" data-e-type=\"widget\" data-widget_type=\"heading.default\">\n\t\t\t\t\t<h2 class=\"elementor-heading-title elementor-size-default\">Biorevitalisation, Mesotherapy and Skin Booster Treatments<\/h2>\t\t\t\t<\/div>\n\t\t\t\t<div class=\"elementor-element elementor-element-feda64d elementor-widget elementor-widget-image\" data-id=\"feda64d\" data-element_type=\"widget\" data-e-type=\"widget\" data-widget_type=\"image.default\">\n\t\t\t\t\t\t\t\t\t\t\t\t\t\t\t<img fetchpriority=\"high\" decoding=\"async\" width=\"1788\" height=\"1340\" src=\"https:\/\/sauleraclinic.uk\/wp-content\/uploads\/2025\/10\/DSC08017-scaled-e1761908752580.jpg\" class=\"attachment-full size-full wp-image-4723\" alt=\"Mezoterapija Londone ir Peterborough\" srcset=\"https:\/\/sauleraclinic.uk\/wp-content\/uploads\/2025\/10\/DSC08017-scaled-e1761908752580.jpg 1788w, https:\/\/sauleraclinic.uk\/wp-content\/uploads\/2025\/10\/DSC08017-scaled-e1761908752580-300x225.jpg 300w, https:\/\/sauleraclinic.uk\/wp-content\/uploads\/2025\/10\/DSC08017-scaled-e1761908752580-1024x767.jpg 1024w, https:\/\/sauleraclinic.uk\/wp-content\/uploads\/2025\/10\/DSC08017-scaled-e1761908752580-768x576.jpg 768w, https:\/\/sauleraclinic.uk\/wp-content\/uploads\/2025\/10\/DSC08017-scaled-e1761908752580-1536x1151.jpg 1536w, https:\/\/sauleraclinic.uk\/wp-content\/uploads\/2025\/10\/DSC08017-scaled-e1761908752580-16x12.jpg 16w, https:\/\/sauleraclinic.uk\/wp-content\/uploads\/2025\/10\/DSC08017-scaled-e1761908752580-1320x989.jpg 1320w\" sizes=\"(max-width: 1788px) 100vw, 1788px\" \/>\t\t\t\t\t\t\t\t\t\t\t\t\t\t\t<\/div>\n\t\t\t\t<\/div>\n\t\t\t\t<div class=\"elementor-element elementor-element-09f4874 elementor-align-center elementor-widget__width-initial elementor-widget elementor-widget-button\" data-id=\"09f4874\" data-element_type=\"widget\" data-e-type=\"widget\" data-widget_type=\"button.default\">\n\t\t\t\t\t\t\t\t\t\t<a class=\"elementor-button elementor-button-link elementor-size-sm elementor-animation-grow\" href=\"https:\/\/sauleraclinic.uk\/en\/kainorastis\/\">\n\t\t\t\t\t\t<span class=\"elementor-button-content-wrapper\">\n\t\t\t\t\t\t<span class=\"elementor-button-icon\">\n\t\t\t\t<svg xmlns=\"http:\/\/www.w3.org\/2000\/svg\" width=\"24\" height=\"24\" viewbox=\"0 0 24 24\" fill=\"none\"><path d=\"M17.0306 12.531L9.53055 20.031C9.46087 20.1007 9.37815 20.156 9.2871 20.1937C9.19606 20.2314 9.09847 20.2508 8.99993 20.2508C8.90138 20.2508 8.8038 20.2314 8.71276 20.1937C8.62171 20.156 8.53899 20.1007 8.4693 20.031C8.39962 19.9614 8.34435 19.8786 8.30663 19.7876C8.26892 19.6965 8.24951 19.599 8.24951 19.5004C8.24951 19.4019 8.26892 19.3043 8.30663 19.2132C8.34435 19.1222 8.39962 19.0395 8.4693 18.9698L15.4396 12.0004L8.4693 5.03104C8.32857 4.89031 8.24951 4.69944 8.24951 4.50042C8.24951 4.30139 8.32857 4.11052 8.4693 3.96979C8.61003 3.82906 8.80091 3.75 8.99993 3.75C9.19895 3.75 9.38982 3.82906 9.53055 3.96979L17.0306 11.4698C17.1003 11.5394 17.1556 11.6222 17.1933 11.7132C17.2311 11.8043 17.2505 11.9019 17.2505 12.0004C17.2505 12.099 17.2311 12.1966 17.1933 12.2876C17.1556 12.3787 17.1003 12.4614 17.0306 12.531Z\" fill=\"#3A2A26\"><\/path><\/svg>\t\t\t<\/span>\n\t\t\t\t\t\t\t\t\t<span class=\"elementor-button-text\">View Pricing<\/span>\n\t\t\t\t\t<\/span>\n\t\t\t\t\t<\/a>\n\t\t\t\t\t\t\t\t<\/div>\n\t\t\t\t<div class=\"elementor-element elementor-element-6e19913 elementor-align-center number elementor-icon-list--layout-traditional elementor-list-item-link-full_width elementor-widget elementor-widget-icon-list\" data-id=\"6e19913\" data-element_type=\"widget\" data-e-type=\"widget\" data-widget_type=\"icon-list.default\">\n\t\t\t\t\t\t\t<ul class=\"elementor-icon-list-items\">\n\t\t\t\t\t\t\t<li class=\"elementor-icon-list-item\">\n\t\t\t\t\t\t\t\t\t\t\t<a href=\"tel:+447743467235\">\n\n\t\t\t\t\t\t\t\t\t\t\t\t<span class=\"elementor-icon-list-icon\">\n\t\t\t\t\t\t\t<svg aria-hidden=\"true\" class=\"e-font-icon-svg e-fas-phone\" viewbox=\"0 0 512 512\" xmlns=\"http:\/\/www.w3.org\/2000\/svg\"><path d=\"M493.4 24.6l-104-24c-11.3-2.6-22.9 3.3-27.5 13.9l-48 112c-4.2 9.8-1.4 21.3 6.9 28l60.6 49.6c-36 76.7-98.9 140.5-177.2 177.2l-49.6-60.6c-6.8-8.3-18.2-11.1-28-6.9l-112 48C3.9 366.5-2 378.1.6 389.4l24 104C27.1 504.2 36.7 512 48 512c256.1 0 464-207.5 464-464 0-11.2-7.7-20.9-18.6-23.4z\"><\/path><\/svg>\t\t\t\t\t\t<\/span>\n\t\t\t\t\t\t\t\t\t\t<span class=\"elementor-icon-list-text\">+ 447743467235<\/span>\n\t\t\t\t\t\t\t\t\t\t\t<\/a>\n\t\t\t\t\t\t\t\t\t<\/li>\n\t\t\t\t\t\t<\/ul>\n\t\t\t\t\t\t<\/div>\n\t\t\t\t<div class=\"elementor-element elementor-element-6cf9ea1 elementor-align-center elementor-widget__width-initial elementor-widget elementor-widget-button\" data-id=\"6cf9ea1\" data-element_type=\"widget\" data-e-type=\"widget\" data-widget_type=\"button.default\">\n\t\t\t\t\t\t\t\t\t\t<a class=\"elementor-button elementor-button-link elementor-size-sm elementor-animation-grow\" href=\"https:\/\/sauleraclinic.uk\/en\/registracija\/\">\n\t\t\t\t\t\t<span class=\"elementor-button-content-wrapper\">\n\t\t\t\t\t\t<span class=\"elementor-button-icon\">\n\t\t\t\t<svg aria-hidden=\"true\" class=\"e-font-icon-svg e-far-calendar-check\" viewbox=\"0 0 448 512\" xmlns=\"http:\/\/www.w3.org\/2000\/svg\"><path d=\"M400 64h-48V12c0-6.627-5.373-12-12-12h-40c-6.627 0-12 5.373-12 12v52H160V12c0-6.627-5.373-12-12-12h-40c-6.627 0-12 5.373-12 12v52H48C21.49 64 0 85.49 0 112v352c0 26.51 21.49 48 48 48h352c26.51 0 48-21.49 48-48V112c0-26.51-21.49-48-48-48zm-6 400H54a6 6 0 0 1-6-6V160h352v298a6 6 0 0 1-6 6zm-52.849-200.65L198.842 404.519c-4.705 4.667-12.303 4.637-16.971-.068l-75.091-75.699c-4.667-4.705-4.637-12.303.068-16.971l22.719-22.536c4.705-4.667 12.303-4.637 16.97.069l44.104 44.461 111.072-110.181c4.705-4.667 12.303-4.637 16.971.068l22.536 22.718c4.667 4.705 4.636 12.303-.069 16.97z\"><\/path><\/svg>\t\t\t<\/span>\n\t\t\t\t\t\t\t\t\t<span class=\"elementor-button-text\">Submit Request<\/span>\n\t\t\t\t\t<\/span>\n\t\t\t\t\t<\/a>\n\t\t\t\t\t\t\t\t<\/div>\n\t\t\t\t<\/div>\n\t\t\t\t<\/div>\n\t\t\t\t<\/div>\n\t\t\t\t<\/div>","protected":false},"excerpt":{"rendered":"<p>Saul\u0117 Ra dermatologijos paslaugos Biorevitalizacija, mezoterapija ir skin booster Odos atgaivinimo ir gilumin\u0117s regeneracijos proced\u016bros, skirtos atkurti dr\u0117gm\u0117s balans\u0105, pagerinti elastingum\u0105 bei suaktyvinti kolageno ir elastino gamyb\u0105. Ejal Skin Booster 5 ta\u0161k\u0173 \u201eFacelift\u201c Minimaliai invazin\u0117 proced\u016bra, padedanti atkurti odos stangrum\u0105 ir tonus\u0105, suteikianti veidui nat\u016bralaus pak\u0117limo efekt\u0105 be chirurgin\u0117s intervencijos. Jalupro Super Hydro 5 ta\u0161k\u0173 Skin Booster Intensyviai dr\u0117kinanti terapija, praturtinta aminor\u016bg\u0161timis ir hialurono r\u016bg\u0161timi, skirta pavargusiai, dehidratuotai ar papilk\u0117jusiai odai atgaivinti. Profhilo Unikalus hialurono r\u016bg\u0161ties preparatas, kuris veikia ne tik kaip u\u017epildas, bet ir kaip biostimuliatorius \u2013 skatina nat\u016bral\u0173 odos atsinaujinim\u0105 ir suteikia ilgalaik\u012f stangrinant\u012f efekt\u0105. Gintaro r\u016bg\u0161ties redermalizacija Proced\u016bra, sujungianti gintaro r\u016bg\u0161ties ir hialurono r\u016bg\u0161ties poveik\u012f \u2013 gerina mikrocirkuliacij\u0105, skaistina ir jaunina od\u0105, ma\u017eina smulkias rauk\u0161leles. Egzosom\u0173 terapija Naujos kartos biotechnologinis sprendimas, skatinantis audini\u0173 regeneracij\u0105 ir atjauninim\u0105 l\u0105steli\u0173 lygiu. Puikiai tinka po lazerini\u0173 ar injekcini\u0173 proced\u016br\u0173 odos atsistatymui. Biorevitalizacija Klasikin\u0117 odos atgaivinimo proced\u016bra, gr\u0105\u017einanti dr\u0117gm\u0119, elastingum\u0105 ir nat\u016bral\u0173 \u0161vyt\u0117jim\u0105. Rekomenduojama norint pagerinti bendr\u0105 odos kokyb\u0119. Tamsi\u0173 paaki\u0173 gydymas (polinukleotid\u0173 injekcijos) Specialiai paaki\u0173 sri\u010diai sukurta terapija, ma\u017einanti tamsius ratilus, paburkim\u0105 ir nuovargio \u017eymes. Atkuria odos tank\u012f bei skatina regeneracij\u0105. Mezoterapija \/ Mikroadatin\u0117 terapija Proced\u016bra, kurios metu \u012f od\u0105 mikroinjekcijomis suleid\u017eiamos veikliosios med\u017eiagos \u2013 vitaminai, peptidai ir hialurono r\u016bg\u0161tis. Padeda pagerinti odos tekst\u016br\u0105 ir suteikia jai sveik\u0105 spindes\u012f. Skin Booster \u0160velni ir veiksminga proced\u016bra, suteikianti odai intensyv\u0173 dr\u0117kinim\u0105, glotnum\u0105 ir skaistum\u0105. Puikiai tinka prie\u0161 svarbius renginius ar kaip ilgalaik\u0117s prie\u017ei\u016bros dalis. \u00a0 Biorevitalizacija, mezoterapija ir skin booster Per\u017ei\u016br\u0117ti kainora\u0161t\u012f + 447743467235 Registruotis vizitui<\/p>","protected":false},"author":1,"featured_media":0,"parent":0,"menu_order":0,"comment_status":"closed","ping_status":"closed","template":"","meta":{"inline_featured_image":false,"footnotes":""},"class_list":["post-4594","page","type-page","status-publish","hentry"],"yoast_head":"<!-- This site is optimized with the Yoast SEO plugin v27.4 - https:\/\/yoast.com\/product\/yoast-seo-wordpress\/ -->\n<title>Saul\u0117 Ra Dermatology Clinic - Odos injekcin\u0117s proced\u016bros<\/title>\n<meta name=\"description\" content=\"Atkurkite odos gyvybingum\u0105 ir stangrum\u0105. Skin booster ir mezoterapijos proced\u016bros maitina od\u0105 i\u0161 vidaus, gerina tonus\u0105 ir ma\u017eina rauk\u0161leles.\" \/>\n<meta name=\"robots\" content=\"index, follow, max-snippet:-1, max-image-preview:large, max-video-preview:-1\" \/>\n<link rel=\"canonical\" href=\"https:\/\/sauleraclinic.uk\/en\/biorevitalizacija-mezoterapija-skin-booster\/\" \/>\n<meta property=\"og:locale\" content=\"en_GB\" \/>\n<meta property=\"og:type\" content=\"article\" \/>\n<meta property=\"og:title\" content=\"Saul\u0117 Ra Dermatology Clinic - Odos injekcin\u0117s proced\u016bros\" \/>\n<meta property=\"og:description\" content=\"Atkurkite odos gyvybingum\u0105 ir stangrum\u0105. Skin booster ir mezoterapijos proced\u016bros maitina od\u0105 i\u0161 vidaus, gerina tonus\u0105 ir ma\u017eina rauk\u0161leles.\" \/>\n<meta property=\"og:url\" content=\"https:\/\/sauleraclinic.uk\/en\/biorevitalizacija-mezoterapija-skin-booster\/\" \/>\n<meta property=\"og:site_name\" content=\"Saul\u0117 RA Dermatology Clinic\" \/>\n<meta property=\"article:modified_time\" content=\"2025-10-31T23:31:12+00:00\" \/>\n<meta property=\"og:image\" content=\"https:\/\/sauleraclinic.uk\/wp-content\/uploads\/2025\/10\/DSC08017-scaled-e1761908752580.jpg\" \/>\n\t<meta property=\"og:image:width\" content=\"1788\" \/>\n\t<meta property=\"og:image:height\" content=\"1340\" \/>\n\t<meta property=\"og:image:type\" content=\"image\/jpeg\" \/>\n<meta name=\"twitter:card\" content=\"summary_large_image\" \/>\n<meta name=\"twitter:label1\" content=\"Estimated reading time\" \/>\n\t<meta name=\"twitter:data1\" content=\"2 minutes\" \/>\n<script type=\"application\/ld+json\" class=\"yoast-schema-graph\">{\"@context\":\"https:\\\/\\\/schema.org\",\"@graph\":[{\"@type\":\"WebPage\",\"@id\":\"https:\\\/\\\/sauleraclinic.uk\\\/biorevitalizacija-mezoterapija-skin-booster\\\/\",\"url\":\"https:\\\/\\\/sauleraclinic.uk\\\/biorevitalizacija-mezoterapija-skin-booster\\\/\",\"name\":\"Saul\u0117 Ra Dermatology Clinic - Odos injekcin\u0117s proced\u016bros\",\"isPartOf\":{\"@id\":\"https:\\\/\\\/sauleraclinic.uk\\\/#website\"},\"primaryImageOfPage\":{\"@id\":\"https:\\\/\\\/sauleraclinic.uk\\\/biorevitalizacija-mezoterapija-skin-booster\\\/#primaryimage\"},\"image\":{\"@id\":\"https:\\\/\\\/sauleraclinic.uk\\\/biorevitalizacija-mezoterapija-skin-booster\\\/#primaryimage\"},\"thumbnailUrl\":\"https:\\\/\\\/sauleraclinic.uk\\\/wp-content\\\/uploads\\\/2025\\\/10\\\/DSC08017-scaled-e1761908752580.jpg\",\"datePublished\":\"2025-10-29T11:19:16+00:00\",\"dateModified\":\"2025-10-31T23:31:12+00:00\",\"description\":\"Atkurkite odos gyvybingum\u0105 ir stangrum\u0105. Skin booster ir mezoterapijos proced\u016bros maitina od\u0105 i\u0161 vidaus, gerina tonus\u0105 ir ma\u017eina rauk\u0161leles.\",\"breadcrumb\":{\"@id\":\"https:\\\/\\\/sauleraclinic.uk\\\/biorevitalizacija-mezoterapija-skin-booster\\\/#breadcrumb\"},\"inLanguage\":\"en-GB\",\"potentialAction\":[{\"@type\":\"ReadAction\",\"target\":[\"https:\\\/\\\/sauleraclinic.uk\\\/biorevitalizacija-mezoterapija-skin-booster\\\/\"]}]},{\"@type\":\"ImageObject\",\"inLanguage\":\"en-GB\",\"@id\":\"https:\\\/\\\/sauleraclinic.uk\\\/biorevitalizacija-mezoterapija-skin-booster\\\/#primaryimage\",\"url\":\"https:\\\/\\\/sauleraclinic.uk\\\/wp-content\\\/uploads\\\/2025\\\/10\\\/DSC08017-scaled-e1761908752580.jpg\",\"contentUrl\":\"https:\\\/\\\/sauleraclinic.uk\\\/wp-content\\\/uploads\\\/2025\\\/10\\\/DSC08017-scaled-e1761908752580.jpg\"},{\"@type\":\"BreadcrumbList\",\"@id\":\"https:\\\/\\\/sauleraclinic.uk\\\/biorevitalizacija-mezoterapija-skin-booster\\\/#breadcrumb\",\"itemListElement\":[{\"@type\":\"ListItem\",\"position\":1,\"name\":\"Home\",\"item\":\"https:\\\/\\\/sauleraclinic.uk\\\/\"},{\"@type\":\"ListItem\",\"position\":2,\"name\":\"Biorevitalizacija, mezoterapija ir skin booster\"}]},{\"@type\":\"WebSite\",\"@id\":\"https:\\\/\\\/sauleraclinic.uk\\\/#website\",\"url\":\"https:\\\/\\\/sauleraclinic.uk\\\/\",\"name\":\"Saul\u0117 RA Dermatology Clinic\",\"description\":\"\",\"publisher\":{\"@id\":\"https:\\\/\\\/sauleraclinic.uk\\\/#organization\"},\"potentialAction\":[{\"@type\":\"SearchAction\",\"target\":{\"@type\":\"EntryPoint\",\"urlTemplate\":\"https:\\\/\\\/sauleraclinic.uk\\\/?s={search_term_string}\"},\"query-input\":{\"@type\":\"PropertyValueSpecification\",\"valueRequired\":true,\"valueName\":\"search_term_string\"}}],\"inLanguage\":\"en-GB\"},{\"@type\":\"Organization\",\"@id\":\"https:\\\/\\\/sauleraclinic.uk\\\/#organization\",\"name\":\"Saul\u0117 RA Dermatology Clinic\",\"url\":\"https:\\\/\\\/sauleraclinic.uk\\\/\",\"logo\":{\"@type\":\"ImageObject\",\"inLanguage\":\"en-GB\",\"@id\":\"https:\\\/\\\/sauleraclinic.uk\\\/#\\\/schema\\\/logo\\\/image\\\/\",\"url\":\"https:\\\/\\\/sauleraclinic.uk\\\/wp-content\\\/uploads\\\/2025\\\/08\\\/logo-gold-1.png\",\"contentUrl\":\"https:\\\/\\\/sauleraclinic.uk\\\/wp-content\\\/uploads\\\/2025\\\/08\\\/logo-gold-1.png\",\"width\":1000,\"height\":264,\"caption\":\"Saul\u0117 RA Dermatology Clinic\"},\"image\":{\"@id\":\"https:\\\/\\\/sauleraclinic.uk\\\/#\\\/schema\\\/logo\\\/image\\\/\"}}]}<\/script>\n<!-- \/ Yoast SEO plugin. -->","yoast_head_json":{"title":"Saul\u0117 Ra Dermatology Clinic - Odos injekcin\u0117s proced\u016bros","description":"Atkurkite odos gyvybingum\u0105 ir stangrum\u0105. Skin booster ir mezoterapijos proced\u016bros maitina od\u0105 i\u0161 vidaus, gerina tonus\u0105 ir ma\u017eina rauk\u0161leles.","robots":{"index":"index","follow":"follow","max-snippet":"max-snippet:-1","max-image-preview":"max-image-preview:large","max-video-preview":"max-video-preview:-1"},"canonical":"https:\/\/sauleraclinic.uk\/en\/biorevitalizacija-mezoterapija-skin-booster\/","og_locale":"en_GB","og_type":"article","og_title":"Saul\u0117 Ra Dermatology Clinic - Odos injekcin\u0117s proced\u016bros","og_description":"Atkurkite odos gyvybingum\u0105 ir stangrum\u0105. Skin booster ir mezoterapijos proced\u016bros maitina od\u0105 i\u0161 vidaus, gerina tonus\u0105 ir ma\u017eina rauk\u0161leles.","og_url":"https:\/\/sauleraclinic.uk\/en\/biorevitalizacija-mezoterapija-skin-booster\/","og_site_name":"Saul\u0117 RA Dermatology Clinic","article_modified_time":"2025-10-31T23:31:12+00:00","og_image":[{"width":1788,"height":1340,"url":"https:\/\/sauleraclinic.uk\/wp-content\/uploads\/2025\/10\/DSC08017-scaled-e1761908752580.jpg","type":"image\/jpeg"}],"twitter_card":"summary_large_image","twitter_misc":{"Estimated reading time":"2 minutes"},"schema":{"@context":"https:\/\/schema.org","@graph":[{"@type":"WebPage","@id":"https:\/\/sauleraclinic.uk\/biorevitalizacija-mezoterapija-skin-booster\/","url":"https:\/\/sauleraclinic.uk\/biorevitalizacija-mezoterapija-skin-booster\/","name":"Saul\u0117 Ra Dermatology Clinic - Odos injekcin\u0117s proced\u016bros","isPartOf":{"@id":"https:\/\/sauleraclinic.uk\/#website"},"primaryImageOfPage":{"@id":"https:\/\/sauleraclinic.uk\/biorevitalizacija-mezoterapija-skin-booster\/#primaryimage"},"image":{"@id":"https:\/\/sauleraclinic.uk\/biorevitalizacija-mezoterapija-skin-booster\/#primaryimage"},"thumbnailUrl":"https:\/\/sauleraclinic.uk\/wp-content\/uploads\/2025\/10\/DSC08017-scaled-e1761908752580.jpg","datePublished":"2025-10-29T11:19:16+00:00","dateModified":"2025-10-31T23:31:12+00:00","description":"Atkurkite odos gyvybingum\u0105 ir stangrum\u0105. Skin booster ir mezoterapijos proced\u016bros maitina od\u0105 i\u0161 vidaus, gerina tonus\u0105 ir ma\u017eina rauk\u0161leles.","breadcrumb":{"@id":"https:\/\/sauleraclinic.uk\/biorevitalizacija-mezoterapija-skin-booster\/#breadcrumb"},"inLanguage":"en-GB","potentialAction":[{"@type":"ReadAction","target":["https:\/\/sauleraclinic.uk\/biorevitalizacija-mezoterapija-skin-booster\/"]}]},{"@type":"ImageObject","inLanguage":"en-GB","@id":"https:\/\/sauleraclinic.uk\/biorevitalizacija-mezoterapija-skin-booster\/#primaryimage","url":"https:\/\/sauleraclinic.uk\/wp-content\/uploads\/2025\/10\/DSC08017-scaled-e1761908752580.jpg","contentUrl":"https:\/\/sauleraclinic.uk\/wp-content\/uploads\/2025\/10\/DSC08017-scaled-e1761908752580.jpg"},{"@type":"BreadcrumbList","@id":"https:\/\/sauleraclinic.uk\/biorevitalizacija-mezoterapija-skin-booster\/#breadcrumb","itemListElement":[{"@type":"ListItem","position":1,"name":"Home","item":"https:\/\/sauleraclinic.uk\/"},{"@type":"ListItem","position":2,"name":"Biorevitalizacija, mezoterapija ir skin booster"}]},{"@type":"WebSite","@id":"https:\/\/sauleraclinic.uk\/#website","url":"https:\/\/sauleraclinic.uk\/","name":"Saul\u0117 RA Dermatology Clinic","description":"","publisher":{"@id":"https:\/\/sauleraclinic.uk\/#organization"},"potentialAction":[{"@type":"SearchAction","target":{"@type":"EntryPoint","urlTemplate":"https:\/\/sauleraclinic.uk\/?s={search_term_string}"},"query-input":{"@type":"PropertyValueSpecification","valueRequired":true,"valueName":"search_term_string"}}],"inLanguage":"en-GB"},{"@type":"Organization","@id":"https:\/\/sauleraclinic.uk\/#organization","name":"Saul\u0117 RA Dermatology Clinic","url":"https:\/\/sauleraclinic.uk\/","logo":{"@type":"ImageObject","inLanguage":"en-GB","@id":"https:\/\/sauleraclinic.uk\/#\/schema\/logo\/image\/","url":"https:\/\/sauleraclinic.uk\/wp-content\/uploads\/2025\/08\/logo-gold-1.png","contentUrl":"https:\/\/sauleraclinic.uk\/wp-content\/uploads\/2025\/08\/logo-gold-1.png","width":1000,"height":264,"caption":"Saul\u0117 RA Dermatology Clinic"},"image":{"@id":"https:\/\/sauleraclinic.uk\/#\/schema\/logo\/image\/"}}]}},"_links":{"self":[{"href":"https:\/\/sauleraclinic.uk\/en\/wp-json\/wp\/v2\/pages\/4594","targetHints":{"allow":["GET"]}}],"collection":[{"href":"https:\/\/sauleraclinic.uk\/en\/wp-json\/wp\/v2\/pages"}],"about":[{"href":"https:\/\/sauleraclinic.uk\/en\/wp-json\/wp\/v2\/types\/page"}],"author":[{"embeddable":true,"href":"https:\/\/sauleraclinic.uk\/en\/wp-json\/wp\/v2\/users\/1"}],"replies":[{"embeddable":true,"href":"https:\/\/sauleraclinic.uk\/en\/wp-json\/wp\/v2\/comments?post=4594"}],"version-history":[{"count":28,"href":"https:\/\/sauleraclinic.uk\/en\/wp-json\/wp\/v2\/pages\/4594\/revisions"}],"predecessor-version":[{"id":4754,"href":"https:\/\/sauleraclinic.uk\/en\/wp-json\/wp\/v2\/pages\/4594\/revisions\/4754"}],"wp:attachment":[{"href":"https:\/\/sauleraclinic.uk\/en\/wp-json\/wp\/v2\/media?parent=4594"}],"curies":[{"name":"wp","href":"https:\/\/api.w.org\/{rel}","templated":true}]}}