{"id":4588,"date":"2025-10-28T16:02:37","date_gmt":"2025-10-28T16:02:37","guid":{"rendered":"https:\/\/sauleraclinic.uk\/?page_id=4588"},"modified":"2025-10-29T11:29:07","modified_gmt":"2025-10-29T11:29:07","slug":"riebalu-tirpinimo-injekcijos","status":"publish","type":"page","link":"https:\/\/sauleraclinic.uk\/en\/riebalu-tirpinimo-injekcijos\/","title":{"rendered":"Fat-dissolving injections"},"content":{"rendered":"<div data-elementor-type=\"wp-page\" data-elementor-id=\"4588\" class=\"elementor elementor-4588\" data-elementor-post-type=\"page\">\n\t\t\t\t<div class=\"elementor-element elementor-element-6a9c31d e-con-full elementor-hidden-desktop elementor-hidden-tablet e-flex wpr-particle-no wpr-jarallax-no wpr-parallax-no wpr-sticky-section-no wpr-equal-height-no e-con e-parent\" data-id=\"6a9c31d\" data-element_type=\"container\" data-e-type=\"container\" data-settings=\"{&quot;background_background&quot;:&quot;classic&quot;}\">\n\t\t<div class=\"elementor-element elementor-element-0e7f2ed e-con-full e-flex wpr-particle-no wpr-jarallax-no wpr-parallax-no wpr-sticky-section-no wpr-equal-height-no e-con e-child\" data-id=\"0e7f2ed\" data-element_type=\"container\" data-e-type=\"container\">\n\t\t\t\t<div class=\"elementor-element elementor-element-bc235db elementor-widget elementor-widget-heading\" data-id=\"bc235db\" data-element_type=\"widget\" data-e-type=\"widget\" data-widget_type=\"heading.default\">\n\t\t\t\t\t<h5 class=\"elementor-heading-title elementor-size-default\">Saul\u0117 RA Dermatology Services<\/h5>\t\t\t\t<\/div>\n\t\t\t\t<div class=\"elementor-element elementor-element-b1b2160 page-header elementor-widget elementor-widget-heading\" data-id=\"b1b2160\" data-element_type=\"widget\" data-e-type=\"widget\" data-widget_type=\"heading.default\">\n\t\t\t\t\t<h1 class=\"elementor-heading-title elementor-size-default\">Fat-dissolving injections <\/h1>\t\t\t\t<\/div>\n\t\t\t\t<\/div>\n\t\t\t\t<\/div>\n\t\t<div class=\"elementor-element elementor-element-9a3d811 e-con-full e-flex wpr-particle-no wpr-jarallax-no wpr-parallax-no wpr-sticky-section-no wpr-equal-height-no e-con e-parent\" data-id=\"9a3d811\" data-element_type=\"container\" data-e-type=\"container\">\n\t\t<div class=\"elementor-element elementor-element-4e06411 e-con-full e-flex wpr-particle-no wpr-jarallax-no wpr-parallax-no wpr-sticky-section-no wpr-equal-height-no e-con e-child\" data-id=\"4e06411\" data-element_type=\"container\" data-e-type=\"container\">\n\t\t\t\t<div class=\"elementor-element elementor-element-b601fec elementor-widget elementor-widget-text-editor\" data-id=\"b601fec\" data-element_type=\"widget\" data-e-type=\"widget\" data-widget_type=\"text-editor.default\">\n\t\t\t\t\t\t\t\t\t<p class=\"p1\">\u201cLemon Shot\u201d lipolytic injections are an advanced procedure that helps dissolve localized fat deposits without surgery. The active ingredients in the injections effectively break down fat cells, improving skin tone and firmness.<\/p><p class=\"p1\">The procedure is especially suitable <span class=\"s1\"><b>for contouring the double chin<\/b><\/span>, <span class=\"s1\"><b>arms<\/b><\/span>, <span class=\"s1\"><b>hips<\/b><\/span>, <span class=\"s1\"><b>abdomen,<\/b><\/span> or <span class=\"s1\"><b>thighs<\/b><\/span> .<\/p><ul><li><p class=\"p1\"><b>Double chin:<\/b><span class=\"s1\"> duration <\/span><b>\u2013 about 15 minutes.<\/b><span class=\"s1\">.<\/span><\/p><\/li><li><p class=\"p1\"><span class=\"s1\"><b>Larger areas:<\/b><\/span> duration is determined <span class=\"s1\"><b>individually<\/b><\/span>,  depending on the size of the area and specific needs.<\/p><\/li><\/ul><p class=\"p1\">The result \u2013 smoother body contours, firmer skin, and a natural look without surgery.<\/p>\t\t\t\t\t\t\t\t<\/div>\n\t\t\t\t<\/div>\n\t\t<div class=\"elementor-element elementor-element-aa9e96a e-con-full e-flex wpr-particle-no wpr-jarallax-no wpr-parallax-no wpr-sticky-section-no wpr-equal-height-no e-con e-child\" data-id=\"aa9e96a\" data-element_type=\"container\" data-e-type=\"container\">\n\t\t<div class=\"elementor-element elementor-element-32c7745 e-con-full e-flex wpr-particle-no wpr-jarallax-no wpr-parallax-no wpr-sticky-section-no wpr-equal-height-no e-con e-child\" data-id=\"32c7745\" data-element_type=\"container\" data-e-type=\"container\" data-settings=\"{&quot;background_background&quot;:&quot;classic&quot;}\">\n\t\t<div class=\"elementor-element elementor-element-0eaa312 e-con-full e-flex wpr-particle-no wpr-jarallax-no wpr-parallax-no wpr-sticky-section-no wpr-equal-height-no e-con e-child\" data-id=\"0eaa312\" data-element_type=\"container\" data-e-type=\"container\" data-settings=\"{&quot;background_background&quot;:&quot;classic&quot;}\">\n\t\t\t\t<div class=\"elementor-element elementor-element-d0ed41d elementor-widget elementor-widget-heading\" data-id=\"d0ed41d\" data-element_type=\"widget\" data-e-type=\"widget\" data-widget_type=\"heading.default\">\n\t\t\t\t\t<h2 class=\"elementor-heading-title elementor-size-default\">Fat-dissolving injections <\/h2>\t\t\t\t<\/div>\n\t\t\t\t<div class=\"elementor-element elementor-element-eca20a6 elementor-widget elementor-widget-image\" data-id=\"eca20a6\" data-element_type=\"widget\" data-e-type=\"widget\" data-widget_type=\"image.default\">\n\t\t\t\t\t\t\t\t\t\t\t\t\t\t\t<img fetchpriority=\"high\" decoding=\"async\" width=\"400\" height=\"267\" src=\"https:\/\/sauleraclinic.uk\/wp-content\/uploads\/2025\/10\/fat-injections.png\" class=\"attachment-full size-full wp-image-4599\" alt=\"Lemon Shot fat dissolving injections for double chin and body contouring.\" srcset=\"https:\/\/sauleraclinic.uk\/wp-content\/uploads\/2025\/10\/fat-injections.png 400w, https:\/\/sauleraclinic.uk\/wp-content\/uploads\/2025\/10\/fat-injections-300x200.png 300w, https:\/\/sauleraclinic.uk\/wp-content\/uploads\/2025\/10\/fat-injections-18x12.png 18w\" sizes=\"(max-width: 400px) 100vw, 400px\" \/>\t\t\t\t\t\t\t\t\t\t\t\t\t\t\t<\/div>\n\t\t\t\t<\/div>\n\t\t\t\t<div class=\"elementor-element elementor-element-cedab3e elementor-align-center elementor-widget__width-initial elementor-widget elementor-widget-button\" data-id=\"cedab3e\" data-element_type=\"widget\" data-e-type=\"widget\" data-widget_type=\"button.default\">\n\t\t\t\t\t\t\t\t\t\t<a class=\"elementor-button elementor-button-link elementor-size-sm elementor-animation-grow\" href=\"https:\/\/sauleraclinic.uk\/en\/kainorastis\/\">\n\t\t\t\t\t\t<span class=\"elementor-button-content-wrapper\">\n\t\t\t\t\t\t<span class=\"elementor-button-icon\">\n\t\t\t\t<svg xmlns=\"http:\/\/www.w3.org\/2000\/svg\" width=\"24\" height=\"24\" viewbox=\"0 0 24 24\" fill=\"none\"><path d=\"M17.0306 12.531L9.53055 20.031C9.46087 20.1007 9.37815 20.156 9.2871 20.1937C9.19606 20.2314 9.09847 20.2508 8.99993 20.2508C8.90138 20.2508 8.8038 20.2314 8.71276 20.1937C8.62171 20.156 8.53899 20.1007 8.4693 20.031C8.39962 19.9614 8.34435 19.8786 8.30663 19.7876C8.26892 19.6965 8.24951 19.599 8.24951 19.5004C8.24951 19.4019 8.26892 19.3043 8.30663 19.2132C8.34435 19.1222 8.39962 19.0395 8.4693 18.9698L15.4396 12.0004L8.4693 5.03104C8.32857 4.89031 8.24951 4.69944 8.24951 4.50042C8.24951 4.30139 8.32857 4.11052 8.4693 3.96979C8.61003 3.82906 8.80091 3.75 8.99993 3.75C9.19895 3.75 9.38982 3.82906 9.53055 3.96979L17.0306 11.4698C17.1003 11.5394 17.1556 11.6222 17.1933 11.7132C17.2311 11.8043 17.2505 11.9019 17.2505 12.0004C17.2505 12.099 17.2311 12.1966 17.1933 12.2876C17.1556 12.3787 17.1003 12.4614 17.0306 12.531Z\" fill=\"#3A2A26\"><\/path><\/svg>\t\t\t<\/span>\n\t\t\t\t\t\t\t\t\t<span class=\"elementor-button-text\">View Pricing<\/span>\n\t\t\t\t\t<\/span>\n\t\t\t\t\t<\/a>\n\t\t\t\t\t\t\t\t<\/div>\n\t\t\t\t<div class=\"elementor-element elementor-element-5a372ef elementor-align-center number elementor-icon-list--layout-traditional elementor-list-item-link-full_width elementor-widget elementor-widget-icon-list\" data-id=\"5a372ef\" data-element_type=\"widget\" data-e-type=\"widget\" data-widget_type=\"icon-list.default\">\n\t\t\t\t\t\t\t<ul class=\"elementor-icon-list-items\">\n\t\t\t\t\t\t\t<li class=\"elementor-icon-list-item\">\n\t\t\t\t\t\t\t\t\t\t\t<a href=\"tel:+447743467235\">\n\n\t\t\t\t\t\t\t\t\t\t\t\t<span class=\"elementor-icon-list-icon\">\n\t\t\t\t\t\t\t<svg aria-hidden=\"true\" class=\"e-font-icon-svg e-fas-phone\" viewbox=\"0 0 512 512\" xmlns=\"http:\/\/www.w3.org\/2000\/svg\"><path d=\"M493.4 24.6l-104-24c-11.3-2.6-22.9 3.3-27.5 13.9l-48 112c-4.2 9.8-1.4 21.3 6.9 28l60.6 49.6c-36 76.7-98.9 140.5-177.2 177.2l-49.6-60.6c-6.8-8.3-18.2-11.1-28-6.9l-112 48C3.9 366.5-2 378.1.6 389.4l24 104C27.1 504.2 36.7 512 48 512c256.1 0 464-207.5 464-464 0-11.2-7.7-20.9-18.6-23.4z\"><\/path><\/svg>\t\t\t\t\t\t<\/span>\n\t\t\t\t\t\t\t\t\t\t<span class=\"elementor-icon-list-text\">+ 447743467235<\/span>\n\t\t\t\t\t\t\t\t\t\t\t<\/a>\n\t\t\t\t\t\t\t\t\t<\/li>\n\t\t\t\t\t\t<\/ul>\n\t\t\t\t\t\t<\/div>\n\t\t\t\t<div class=\"elementor-element elementor-element-66248fe elementor-align-center elementor-widget__width-initial elementor-widget elementor-widget-button\" data-id=\"66248fe\" data-element_type=\"widget\" data-e-type=\"widget\" data-widget_type=\"button.default\">\n\t\t\t\t\t\t\t\t\t\t<a class=\"elementor-button elementor-button-link elementor-size-sm elementor-animation-grow\" href=\"https:\/\/sauleraclinic.uk\/en\/registracija\/\">\n\t\t\t\t\t\t<span class=\"elementor-button-content-wrapper\">\n\t\t\t\t\t\t<span class=\"elementor-button-icon\">\n\t\t\t\t<svg aria-hidden=\"true\" class=\"e-font-icon-svg e-far-calendar-check\" viewbox=\"0 0 448 512\" xmlns=\"http:\/\/www.w3.org\/2000\/svg\"><path d=\"M400 64h-48V12c0-6.627-5.373-12-12-12h-40c-6.627 0-12 5.373-12 12v52H160V12c0-6.627-5.373-12-12-12h-40c-6.627 0-12 5.373-12 12v52H48C21.49 64 0 85.49 0 112v352c0 26.51 21.49 48 48 48h352c26.51 0 48-21.49 48-48V112c0-26.51-21.49-48-48-48zm-6 400H54a6 6 0 0 1-6-6V160h352v298a6 6 0 0 1-6 6zm-52.849-200.65L198.842 404.519c-4.705 4.667-12.303 4.637-16.971-.068l-75.091-75.699c-4.667-4.705-4.637-12.303.068-16.971l22.719-22.536c4.705-4.667 12.303-4.637 16.97.069l44.104 44.461 111.072-110.181c4.705-4.667 12.303-4.637 16.971.068l22.536 22.718c4.667 4.705 4.636 12.303-.069 16.97z\"><\/path><\/svg>\t\t\t<\/span>\n\t\t\t\t\t\t\t\t\t<span class=\"elementor-button-text\">Submit Request<\/span>\n\t\t\t\t\t<\/span>\n\t\t\t\t\t<\/a>\n\t\t\t\t\t\t\t\t<\/div>\n\t\t\t\t<\/div>\n\t\t\t\t<\/div>\n\t\t\t\t<\/div>\n\t\t<div class=\"elementor-element elementor-element-f7cf002 e-con-full e-flex wpr-particle-no wpr-jarallax-no wpr-parallax-no wpr-sticky-section-no wpr-equal-height-no e-con e-parent\" data-id=\"f7cf002\" data-element_type=\"container\" data-e-type=\"container\">\n\t\t<div class=\"elementor-element elementor-element-7c91a4b e-con-full e-flex wpr-particle-no wpr-jarallax-no wpr-parallax-no wpr-sticky-section-no wpr-equal-height-no e-con e-child\" data-id=\"7c91a4b\" data-element_type=\"container\" data-e-type=\"container\" data-settings=\"{&quot;background_background&quot;:&quot;classic&quot;}\">\n\t\t<div class=\"elementor-element elementor-element-72683df e-con-full e-flex wpr-particle-no wpr-jarallax-no wpr-parallax-no wpr-sticky-section-no wpr-equal-height-no e-con e-child\" data-id=\"72683df\" data-element_type=\"container\" data-e-type=\"container\">\n\t\t\t\t<div class=\"elementor-element elementor-element-1e11dc2 elementor-widget elementor-widget-heading\" data-id=\"1e11dc2\" data-element_type=\"widget\" data-e-type=\"widget\" data-widget_type=\"heading.default\">\n\t\t\t\t\t<h2 class=\"elementor-heading-title elementor-size-default\">See the Changes in Our Patients<\/h2>\t\t\t\t<\/div>\n\t\t\t\t<div class=\"elementor-element elementor-element-2c9d088 elementor-widget elementor-widget-text-editor\" data-id=\"2c9d088\" data-element_type=\"widget\" data-e-type=\"widget\" data-widget_type=\"text-editor.default\">\n\t\t\t\t\t\t\t\t\t<p class=\"p1\">Our patients results speak for themselves. Browse the gallery and see what changes can be achieved with the right treatment.<\/p>\t\t\t\t\t\t\t\t<\/div>\n\t\t\t\t<div class=\"elementor-element elementor-element-5744cac elementor-widget elementor-widget-button\" data-id=\"5744cac\" data-element_type=\"widget\" data-e-type=\"widget\" data-widget_type=\"button.default\">\n\t\t\t\t\t\t\t\t\t\t<a class=\"elementor-button elementor-button-link elementor-size-sm elementor-animation-grow\" href=\"https:\/\/sauleraclinic.uk\/en\/pries-po\/\">\n\t\t\t\t\t\t<span class=\"elementor-button-content-wrapper\">\n\t\t\t\t\t\t\t\t\t<span class=\"elementor-button-text\">View Gallery<\/span>\n\t\t\t\t\t<\/span>\n\t\t\t\t\t<\/a>\n\t\t\t\t\t\t\t\t<\/div>\n\t\t\t\t<\/div>\n\t\t<div class=\"elementor-element elementor-element-47d9d27 e-con-full e-flex wpr-particle-no wpr-jarallax-no wpr-parallax-no wpr-sticky-section-no wpr-equal-height-no e-con e-child\" data-id=\"47d9d27\" data-element_type=\"container\" data-e-type=\"container\" data-settings=\"{&quot;background_background&quot;:&quot;slideshow&quot;,&quot;background_slideshow_gallery&quot;:[],&quot;background_slideshow_loop&quot;:&quot;yes&quot;,&quot;background_slideshow_slide_duration&quot;:5000,&quot;background_slideshow_slide_transition&quot;:&quot;fade&quot;,&quot;background_slideshow_transition_duration&quot;:500}\">\n\t\t\t\t<div class=\"elementor-element elementor-element-aa7f3b7 elementor-widget elementor-widget-image\" data-id=\"aa7f3b7\" data-element_type=\"widget\" data-e-type=\"widget\" data-widget_type=\"image.default\">\n\t\t\t\t\t\t\t\t\t\t\t\t\t\t\t<img decoding=\"async\" width=\"800\" height=\"592\" src=\"https:\/\/sauleraclinic.uk\/wp-content\/uploads\/2025\/08\/dermatologo-cta-1024x758.png\" class=\"attachment-large size-large wp-image-1817\" alt=\"Dermatologijos paslaug\u0173 galerija prie\u0161 ir po\" srcset=\"https:\/\/sauleraclinic.uk\/wp-content\/uploads\/2025\/08\/dermatologo-cta-1024x758.png 1024w, https:\/\/sauleraclinic.uk\/wp-content\/uploads\/2025\/08\/dermatologo-cta-300x222.png 300w, https:\/\/sauleraclinic.uk\/wp-content\/uploads\/2025\/08\/dermatologo-cta-768x568.png 768w, https:\/\/sauleraclinic.uk\/wp-content\/uploads\/2025\/08\/dermatologo-cta.png 1280w\" sizes=\"(max-width: 800px) 100vw, 800px\" \/>\t\t\t\t\t\t\t\t\t\t\t\t\t\t\t<\/div>\n\t\t\t\t<\/div>\n\t\t\t\t<\/div>\n\t\t\t\t<\/div>\n\t\t\t\t<\/div>","protected":false},"excerpt":{"rendered":"<p>Saul\u0117 Ra dermatologijos paslaugos Riebal\u0173 tirpinimo injekcijos \u201eLemon Shot\u201c lipolitin\u0117s injekcijos \u2013 tai pa\u017eangi proced\u016bra, padedanti tirpdyti lokalizuotas riebal\u0173 sankaupas be operacijos. Injekcij\u0173 sud\u0117tyje esantys veiklieji ingredientai efektyviai skaido riebal\u0173 l\u0105steles, gerina odos tonus\u0105 ir stangrum\u0105. Proced\u016bra itin tinkama pagurkliui, rank\u0173, klub\u0173, pilvo ar \u0161laun\u0173 sri\u010diai formuoti. Pagurkliui: trukm\u0117 \u2013 apie 15 minu\u010di\u0173. Didesn\u0117ms zonoms: trukm\u0117 nustatoma individualiai, atsi\u017evelgiant \u012f poreik\u012f ir zonos dyd\u012f. Rezultatas \u2013 dailesn\u0117s k\u016bno linijos, tolygesn\u0117 oda ir nat\u016brali i\u0161vaizda be chirurgin\u0117s intervencijos. Riebal\u0173 tirpinimo injekcijos Per\u017ei\u016br\u0117ti kainora\u0161t\u012f + 447743467235 Registruotis vizitui Pamatykite m\u016bs\u0173 pacient\u0173 poky\u010dius M\u016bs\u0173 pacient\u0173 rezultatai kalba patys u\u017e save. Per\u017ei\u016br\u0117kite galerij\u0105 ir pamatykite, koki\u0173 poky\u010di\u0173 galima pasiekti su tinkamu gydymu. \u017di\u016br\u0117ti galerij\u0105<\/p>","protected":false},"author":1,"featured_media":0,"parent":0,"menu_order":0,"comment_status":"closed","ping_status":"closed","template":"","meta":{"inline_featured_image":false,"footnotes":""},"class_list":["post-4588","page","type-page","status-publish","hentry"],"yoast_head":"<!-- This site is optimized with the Yoast SEO plugin v27.4 - https:\/\/yoast.com\/product\/yoast-seo-wordpress\/ -->\n<title>Saul\u0117 Ra Dermatology Clinic - riebal\u0173 tirpinimo injekcijos<\/title>\n<meta name=\"description\" content=\"Saugiai atsikratykite riebal\u0173 be chirurgijos. Riebal\u0173 tirpinimo injekcijos padeda formuoti k\u016bno linijas ir pagerinti odos stangrum\u0105.\" \/>\n<meta name=\"robots\" content=\"index, follow, max-snippet:-1, max-image-preview:large, max-video-preview:-1\" \/>\n<link rel=\"canonical\" href=\"https:\/\/sauleraclinic.uk\/en\/riebalu-tirpinimo-injekcijos\/\" \/>\n<meta property=\"og:locale\" content=\"en_GB\" \/>\n<meta property=\"og:type\" content=\"article\" \/>\n<meta property=\"og:title\" content=\"Saul\u0117 Ra Dermatology Clinic - riebal\u0173 tirpinimo injekcijos\" \/>\n<meta property=\"og:description\" content=\"Saugiai atsikratykite riebal\u0173 be chirurgijos. Riebal\u0173 tirpinimo injekcijos padeda formuoti k\u016bno linijas ir pagerinti odos stangrum\u0105.\" \/>\n<meta property=\"og:url\" content=\"https:\/\/sauleraclinic.uk\/en\/riebalu-tirpinimo-injekcijos\/\" \/>\n<meta property=\"og:site_name\" content=\"Saul\u0117 RA Dermatology Clinic\" \/>\n<meta property=\"article:modified_time\" content=\"2025-10-29T11:29:07+00:00\" \/>\n<meta property=\"og:image\" content=\"https:\/\/sauleraclinic.uk\/wp-content\/uploads\/2025\/10\/fat-injections.png\" \/>\n<meta name=\"twitter:card\" content=\"summary_large_image\" \/>\n<meta name=\"twitter:label1\" content=\"Estimated reading time\" \/>\n\t<meta name=\"twitter:data1\" content=\"1 minute\" \/>\n<script type=\"application\/ld+json\" class=\"yoast-schema-graph\">{\"@context\":\"https:\\\/\\\/schema.org\",\"@graph\":[{\"@type\":\"WebPage\",\"@id\":\"https:\\\/\\\/sauleraclinic.uk\\\/riebalu-tirpinimo-injekcijos\\\/\",\"url\":\"https:\\\/\\\/sauleraclinic.uk\\\/riebalu-tirpinimo-injekcijos\\\/\",\"name\":\"Saul\u0117 Ra Dermatology Clinic - riebal\u0173 tirpinimo injekcijos\",\"isPartOf\":{\"@id\":\"https:\\\/\\\/sauleraclinic.uk\\\/#website\"},\"primaryImageOfPage\":{\"@id\":\"https:\\\/\\\/sauleraclinic.uk\\\/riebalu-tirpinimo-injekcijos\\\/#primaryimage\"},\"image\":{\"@id\":\"https:\\\/\\\/sauleraclinic.uk\\\/riebalu-tirpinimo-injekcijos\\\/#primaryimage\"},\"thumbnailUrl\":\"https:\\\/\\\/sauleraclinic.uk\\\/wp-content\\\/uploads\\\/2025\\\/10\\\/fat-injections.png\",\"datePublished\":\"2025-10-28T16:02:37+00:00\",\"dateModified\":\"2025-10-29T11:29:07+00:00\",\"description\":\"Saugiai atsikratykite riebal\u0173 be chirurgijos. Riebal\u0173 tirpinimo injekcijos padeda formuoti k\u016bno linijas ir pagerinti odos stangrum\u0105.\",\"breadcrumb\":{\"@id\":\"https:\\\/\\\/sauleraclinic.uk\\\/riebalu-tirpinimo-injekcijos\\\/#breadcrumb\"},\"inLanguage\":\"en-GB\",\"potentialAction\":[{\"@type\":\"ReadAction\",\"target\":[\"https:\\\/\\\/sauleraclinic.uk\\\/riebalu-tirpinimo-injekcijos\\\/\"]}]},{\"@type\":\"ImageObject\",\"inLanguage\":\"en-GB\",\"@id\":\"https:\\\/\\\/sauleraclinic.uk\\\/riebalu-tirpinimo-injekcijos\\\/#primaryimage\",\"url\":\"https:\\\/\\\/sauleraclinic.uk\\\/wp-content\\\/uploads\\\/2025\\\/10\\\/fat-injections.png\",\"contentUrl\":\"https:\\\/\\\/sauleraclinic.uk\\\/wp-content\\\/uploads\\\/2025\\\/10\\\/fat-injections.png\"},{\"@type\":\"BreadcrumbList\",\"@id\":\"https:\\\/\\\/sauleraclinic.uk\\\/riebalu-tirpinimo-injekcijos\\\/#breadcrumb\",\"itemListElement\":[{\"@type\":\"ListItem\",\"position\":1,\"name\":\"Home\",\"item\":\"https:\\\/\\\/sauleraclinic.uk\\\/\"},{\"@type\":\"ListItem\",\"position\":2,\"name\":\"Riebal\u0173 tirpinimo injekcijos\"}]},{\"@type\":\"WebSite\",\"@id\":\"https:\\\/\\\/sauleraclinic.uk\\\/#website\",\"url\":\"https:\\\/\\\/sauleraclinic.uk\\\/\",\"name\":\"Saul\u0117 RA Dermatology Clinic\",\"description\":\"\",\"publisher\":{\"@id\":\"https:\\\/\\\/sauleraclinic.uk\\\/#organization\"},\"potentialAction\":[{\"@type\":\"SearchAction\",\"target\":{\"@type\":\"EntryPoint\",\"urlTemplate\":\"https:\\\/\\\/sauleraclinic.uk\\\/?s={search_term_string}\"},\"query-input\":{\"@type\":\"PropertyValueSpecification\",\"valueRequired\":true,\"valueName\":\"search_term_string\"}}],\"inLanguage\":\"en-GB\"},{\"@type\":\"Organization\",\"@id\":\"https:\\\/\\\/sauleraclinic.uk\\\/#organization\",\"name\":\"Saul\u0117 RA Dermatology Clinic\",\"url\":\"https:\\\/\\\/sauleraclinic.uk\\\/\",\"logo\":{\"@type\":\"ImageObject\",\"inLanguage\":\"en-GB\",\"@id\":\"https:\\\/\\\/sauleraclinic.uk\\\/#\\\/schema\\\/logo\\\/image\\\/\",\"url\":\"https:\\\/\\\/sauleraclinic.uk\\\/wp-content\\\/uploads\\\/2025\\\/08\\\/logo-gold-1.png\",\"contentUrl\":\"https:\\\/\\\/sauleraclinic.uk\\\/wp-content\\\/uploads\\\/2025\\\/08\\\/logo-gold-1.png\",\"width\":1000,\"height\":264,\"caption\":\"Saul\u0117 RA Dermatology Clinic\"},\"image\":{\"@id\":\"https:\\\/\\\/sauleraclinic.uk\\\/#\\\/schema\\\/logo\\\/image\\\/\"}}]}<\/script>\n<!-- \/ Yoast SEO plugin. -->","yoast_head_json":{"title":"Saul\u0117 Ra Dermatology Clinic - riebal\u0173 tirpinimo injekcijos","description":"Saugiai atsikratykite riebal\u0173 be chirurgijos. Riebal\u0173 tirpinimo injekcijos padeda formuoti k\u016bno linijas ir pagerinti odos stangrum\u0105.","robots":{"index":"index","follow":"follow","max-snippet":"max-snippet:-1","max-image-preview":"max-image-preview:large","max-video-preview":"max-video-preview:-1"},"canonical":"https:\/\/sauleraclinic.uk\/en\/riebalu-tirpinimo-injekcijos\/","og_locale":"en_GB","og_type":"article","og_title":"Saul\u0117 Ra Dermatology Clinic - riebal\u0173 tirpinimo injekcijos","og_description":"Saugiai atsikratykite riebal\u0173 be chirurgijos. Riebal\u0173 tirpinimo injekcijos padeda formuoti k\u016bno linijas ir pagerinti odos stangrum\u0105.","og_url":"https:\/\/sauleraclinic.uk\/en\/riebalu-tirpinimo-injekcijos\/","og_site_name":"Saul\u0117 RA Dermatology Clinic","article_modified_time":"2025-10-29T11:29:07+00:00","og_image":[{"url":"https:\/\/sauleraclinic.uk\/wp-content\/uploads\/2025\/10\/fat-injections.png","type":"","width":"","height":""}],"twitter_card":"summary_large_image","twitter_misc":{"Estimated reading time":"1 minute"},"schema":{"@context":"https:\/\/schema.org","@graph":[{"@type":"WebPage","@id":"https:\/\/sauleraclinic.uk\/riebalu-tirpinimo-injekcijos\/","url":"https:\/\/sauleraclinic.uk\/riebalu-tirpinimo-injekcijos\/","name":"Saul\u0117 Ra Dermatology Clinic - riebal\u0173 tirpinimo injekcijos","isPartOf":{"@id":"https:\/\/sauleraclinic.uk\/#website"},"primaryImageOfPage":{"@id":"https:\/\/sauleraclinic.uk\/riebalu-tirpinimo-injekcijos\/#primaryimage"},"image":{"@id":"https:\/\/sauleraclinic.uk\/riebalu-tirpinimo-injekcijos\/#primaryimage"},"thumbnailUrl":"https:\/\/sauleraclinic.uk\/wp-content\/uploads\/2025\/10\/fat-injections.png","datePublished":"2025-10-28T16:02:37+00:00","dateModified":"2025-10-29T11:29:07+00:00","description":"Saugiai atsikratykite riebal\u0173 be chirurgijos. Riebal\u0173 tirpinimo injekcijos padeda formuoti k\u016bno linijas ir pagerinti odos stangrum\u0105.","breadcrumb":{"@id":"https:\/\/sauleraclinic.uk\/riebalu-tirpinimo-injekcijos\/#breadcrumb"},"inLanguage":"en-GB","potentialAction":[{"@type":"ReadAction","target":["https:\/\/sauleraclinic.uk\/riebalu-tirpinimo-injekcijos\/"]}]},{"@type":"ImageObject","inLanguage":"en-GB","@id":"https:\/\/sauleraclinic.uk\/riebalu-tirpinimo-injekcijos\/#primaryimage","url":"https:\/\/sauleraclinic.uk\/wp-content\/uploads\/2025\/10\/fat-injections.png","contentUrl":"https:\/\/sauleraclinic.uk\/wp-content\/uploads\/2025\/10\/fat-injections.png"},{"@type":"BreadcrumbList","@id":"https:\/\/sauleraclinic.uk\/riebalu-tirpinimo-injekcijos\/#breadcrumb","itemListElement":[{"@type":"ListItem","position":1,"name":"Home","item":"https:\/\/sauleraclinic.uk\/"},{"@type":"ListItem","position":2,"name":"Riebal\u0173 tirpinimo injekcijos"}]},{"@type":"WebSite","@id":"https:\/\/sauleraclinic.uk\/#website","url":"https:\/\/sauleraclinic.uk\/","name":"Saul\u0117 RA Dermatology Clinic","description":"","publisher":{"@id":"https:\/\/sauleraclinic.uk\/#organization"},"potentialAction":[{"@type":"SearchAction","target":{"@type":"EntryPoint","urlTemplate":"https:\/\/sauleraclinic.uk\/?s={search_term_string}"},"query-input":{"@type":"PropertyValueSpecification","valueRequired":true,"valueName":"search_term_string"}}],"inLanguage":"en-GB"},{"@type":"Organization","@id":"https:\/\/sauleraclinic.uk\/#organization","name":"Saul\u0117 RA Dermatology Clinic","url":"https:\/\/sauleraclinic.uk\/","logo":{"@type":"ImageObject","inLanguage":"en-GB","@id":"https:\/\/sauleraclinic.uk\/#\/schema\/logo\/image\/","url":"https:\/\/sauleraclinic.uk\/wp-content\/uploads\/2025\/08\/logo-gold-1.png","contentUrl":"https:\/\/sauleraclinic.uk\/wp-content\/uploads\/2025\/08\/logo-gold-1.png","width":1000,"height":264,"caption":"Saul\u0117 RA Dermatology Clinic"},"image":{"@id":"https:\/\/sauleraclinic.uk\/#\/schema\/logo\/image\/"}}]}},"_links":{"self":[{"href":"https:\/\/sauleraclinic.uk\/en\/wp-json\/wp\/v2\/pages\/4588","targetHints":{"allow":["GET"]}}],"collection":[{"href":"https:\/\/sauleraclinic.uk\/en\/wp-json\/wp\/v2\/pages"}],"about":[{"href":"https:\/\/sauleraclinic.uk\/en\/wp-json\/wp\/v2\/types\/page"}],"author":[{"embeddable":true,"href":"https:\/\/sauleraclinic.uk\/en\/wp-json\/wp\/v2\/users\/1"}],"replies":[{"embeddable":true,"href":"https:\/\/sauleraclinic.uk\/en\/wp-json\/wp\/v2\/comments?post=4588"}],"version-history":[{"count":7,"href":"https:\/\/sauleraclinic.uk\/en\/wp-json\/wp\/v2\/pages\/4588\/revisions"}],"predecessor-version":[{"id":4602,"href":"https:\/\/sauleraclinic.uk\/en\/wp-json\/wp\/v2\/pages\/4588\/revisions\/4602"}],"wp:attachment":[{"href":"https:\/\/sauleraclinic.uk\/en\/wp-json\/wp\/v2\/media?parent=4588"}],"curies":[{"name":"wp","href":"https:\/\/api.w.org\/{rel}","templated":true}]}}