{"id":2603,"date":"2025-09-01T14:45:35","date_gmt":"2025-09-01T14:45:35","guid":{"rendered":"https:\/\/sauleraclinic.uk\/?page_id=2603"},"modified":"2025-09-12T10:35:26","modified_gmt":"2025-09-12T10:35:26","slug":"naujienos","status":"publish","type":"page","link":"https:\/\/sauleraclinic.uk\/en\/naujienos\/","title":{"rendered":"News"},"content":{"rendered":"<div data-elementor-type=\"wp-page\" data-elementor-id=\"2603\" class=\"elementor elementor-2603\" data-elementor-post-type=\"page\">\n\t\t\t\t<div class=\"elementor-element elementor-element-262ee18 e-con-full elementor-hidden-desktop elementor-hidden-tablet e-flex wpr-particle-no wpr-jarallax-no wpr-parallax-no wpr-sticky-section-no wpr-equal-height-no e-con e-parent\" data-id=\"262ee18\" data-element_type=\"container\" data-e-type=\"container\" data-settings=\"{&quot;background_background&quot;:&quot;classic&quot;}\">\n\t\t<div class=\"elementor-element elementor-element-10f0b3c e-con-full e-flex wpr-particle-no wpr-jarallax-no wpr-parallax-no wpr-sticky-section-no wpr-equal-height-no e-con e-child\" data-id=\"10f0b3c\" data-element_type=\"container\" data-e-type=\"container\">\n\t\t\t\t<div class=\"elementor-element elementor-element-5279b8c page-headerr elementor-widget__width-initial elementor-widget elementor-widget-heading\" data-id=\"5279b8c\" data-element_type=\"widget\" data-e-type=\"widget\" data-widget_type=\"heading.default\">\n\t\t\t\t\t<h1 class=\"elementor-heading-title elementor-size-default\">News<\/h1>\t\t\t\t<\/div>\n\t\t\t\t<\/div>\n\t\t\t\t<\/div>\n\t\t<div class=\"elementor-element elementor-element-6b1d155 e-con-full elementor-hidden-mobile e-flex wpr-particle-no wpr-jarallax-no wpr-parallax-no wpr-sticky-section-no wpr-equal-height-no e-con e-parent\" data-id=\"6b1d155\" data-element_type=\"container\" data-e-type=\"container\" data-settings=\"{&quot;background_background&quot;:&quot;classic&quot;}\">\n\t\t<div class=\"elementor-element elementor-element-861d35e e-con-full e-flex wpr-particle-no wpr-jarallax-no wpr-parallax-no wpr-sticky-section-no wpr-equal-height-no e-con e-child\" data-id=\"861d35e\" data-element_type=\"container\" data-e-type=\"container\">\n\t\t\t\t<div class=\"elementor-element elementor-element-07079b7 page-header elementor-widget__width-initial elementor-widget elementor-widget-heading\" data-id=\"07079b7\" data-element_type=\"widget\" data-e-type=\"widget\" data-widget_type=\"heading.default\">\n\t\t\t\t\t<h1 class=\"elementor-heading-title elementor-size-default\">News<\/h1>\t\t\t\t<\/div>\n\t\t\t\t<\/div>\n\t\t\t\t<\/div>\n\t\t<div class=\"elementor-element elementor-element-1656d58 e-con-full e-flex wpr-particle-no wpr-jarallax-no wpr-parallax-no wpr-sticky-section-no wpr-equal-height-no e-con e-parent\" data-id=\"1656d58\" data-element_type=\"container\" data-e-type=\"container\">\n\t\t\t\t<div class=\"elementor-element elementor-element-addbf78 elementor-grid-3 elementor-grid-tablet-2 elementor-grid-mobile-1 elementor-posts--thumbnail-top elementor-card-shadow-yes elementor-posts__hover-gradient elementor-widget elementor-widget-posts\" data-id=\"addbf78\" data-element_type=\"widget\" data-e-type=\"widget\" data-settings=\"{&quot;cards_columns&quot;:&quot;3&quot;,&quot;cards_columns_tablet&quot;:&quot;2&quot;,&quot;cards_columns_mobile&quot;:&quot;1&quot;,&quot;cards_row_gap&quot;:{&quot;unit&quot;:&quot;px&quot;,&quot;size&quot;:35,&quot;sizes&quot;:[]},&quot;cards_row_gap_tablet&quot;:{&quot;unit&quot;:&quot;px&quot;,&quot;size&quot;:&quot;&quot;,&quot;sizes&quot;:[]},&quot;cards_row_gap_mobile&quot;:{&quot;unit&quot;:&quot;px&quot;,&quot;size&quot;:&quot;&quot;,&quot;sizes&quot;:[]}}\" data-widget_type=\"posts.cards\">\n\t\t\t\t<div class=\"elementor-widget-container\">\n\t\t\t\t\t\t\t<div class=\"elementor-posts-container elementor-posts elementor-posts--skin-cards elementor-grid\" role=\"list\">\n\t\t\t\t<article class=\"elementor-post elementor-grid-item post-1 post type-post status-publish format-standard has-post-thumbnail hentry category-uncategorized\" role=\"listitem\">\n\t\t\t<div class=\"elementor-post__card\">\n\t\t\t\t<a class=\"elementor-post__thumbnail__link\" href=\"https:\/\/sauleraclinic.uk\/en\/ruduo-odos-prieziura\/\" tabindex=\"-1\" ><div class=\"elementor-post__thumbnail\"><img fetchpriority=\"high\" decoding=\"async\" width=\"300\" height=\"200\" src=\"https:\/\/sauleraclinic.uk\/wp-content\/uploads\/2025\/08\/rudnes-odos-prieziura-300x200.png\" class=\"attachment-medium size-medium wp-image-2646\" alt=\"Dermatologo konusltacija Saule Ra klinikoje\" srcset=\"https:\/\/sauleraclinic.uk\/wp-content\/uploads\/2025\/08\/rudnes-odos-prieziura-300x200.png 300w, https:\/\/sauleraclinic.uk\/wp-content\/uploads\/2025\/08\/rudnes-odos-prieziura-1024x683.png 1024w, https:\/\/sauleraclinic.uk\/wp-content\/uploads\/2025\/08\/rudnes-odos-prieziura-768x512.png 768w, https:\/\/sauleraclinic.uk\/wp-content\/uploads\/2025\/08\/rudnes-odos-prieziura.png 1536w\" sizes=\"(max-width: 300px) 100vw, 300px\" \/><\/div><\/a>\n\t\t\t\t<div class=\"elementor-post__text\">\n\t\t\t\t<h3 class=\"elementor-post__title\">\n\t\t\t<a href=\"https:\/\/sauleraclinic.uk\/en\/ruduo-odos-prieziura\/\" >\n\t\t\t\tAutumn \u2013 a fresh start for your skin\t\t\t<\/a>\n\t\t<\/h3>\n\t\t\t\t<div class=\"elementor-post__excerpt\">\n\t\t\t<p>Why is autumn the best time to take care of your skin? After a warm summer, skin often becomes more sensitive and dry, with pigmentation spots or fine lines appearing. This is natural \u2013 the sun, sea, and wind all leave their mark.<\/p>\n\t\t<\/div>\n\t\t\n\t\t<a class=\"elementor-post__read-more\" href=\"https:\/\/sauleraclinic.uk\/en\/ruduo-odos-prieziura\/\" aria-label=\"Read more about Ruduo \u2013 nauja prad\u017eia J\u016bs\u0173 odai\" tabindex=\"-1\" >\n\t\t\tRead more \u00bb\t\t<\/a>\n\n\t\t\t\t<\/div>\n\t\t\t\t<div class=\"elementor-post__meta-data\">\n\t\t\t\t\t<span class=\"elementor-post-date\">\n\t\t\tAugust 20, 2025\t\t<\/span>\n\t\t\t\t<\/div>\n\t\t\t\t\t<\/div>\n\t\t<\/article>\n\t\t\t\t<\/div>\n\t\t\n\t\t\t\t\t\t<\/div>\n\t\t\t\t<\/div>\n\t\t\t\t<\/div>\n\t\t<div class=\"elementor-element elementor-element-3726e55 e-con-full e-flex wpr-particle-no wpr-jarallax-no wpr-parallax-no wpr-sticky-section-no wpr-equal-height-no e-con e-parent\" data-id=\"3726e55\" data-element_type=\"container\" data-e-type=\"container\">\n\t\t<div class=\"elementor-element elementor-element-b8591da e-con-full e-flex wpr-particle-no wpr-jarallax-no wpr-parallax-no wpr-sticky-section-no wpr-equal-height-no e-con e-child\" data-id=\"b8591da\" data-element_type=\"container\" data-e-type=\"container\" data-settings=\"{&quot;background_background&quot;:&quot;classic&quot;}\">\n\t\t<div class=\"elementor-element elementor-element-d0abacb e-con-full e-flex wpr-particle-no wpr-jarallax-no wpr-parallax-no wpr-sticky-section-no wpr-equal-height-no e-con e-child\" data-id=\"d0abacb\" data-element_type=\"container\" data-e-type=\"container\">\n\t\t\t\t<div class=\"elementor-element elementor-element-88fd47c elementor-widget elementor-widget-heading\" data-id=\"88fd47c\" data-element_type=\"widget\" data-e-type=\"widget\" data-widget_type=\"heading.default\">\n\t\t\t\t\t<h2 class=\"elementor-heading-title elementor-size-default\">Discover the full spectrum of our services<\/h2>\t\t\t\t<\/div>\n\t\t\t\t<div class=\"elementor-element elementor-element-e5b7237 elementor-widget elementor-widget-text-editor\" data-id=\"e5b7237\" data-element_type=\"widget\" data-e-type=\"widget\" data-widget_type=\"text-editor.default\">\n\t\t\t\t\t\t\t\t\t<p class=\"p1\">Find the solution that is right for you: from preventive care to exclusive procedures designed for your skin\u2019s well-being.<\/p>\t\t\t\t\t\t\t\t<\/div>\n\t\t\t\t<div class=\"elementor-element elementor-element-f753d93 elementor-widget elementor-widget-button\" data-id=\"f753d93\" data-element_type=\"widget\" data-e-type=\"widget\" data-widget_type=\"button.default\">\n\t\t\t\t\t\t\t\t\t\t<a class=\"elementor-button elementor-button-link elementor-size-sm elementor-animation-grow\" href=\"https:\/\/sauleraclinic.uk\/en\/paslaugos\/\">\n\t\t\t\t\t\t<span class=\"elementor-button-content-wrapper\">\n\t\t\t\t\t\t\t\t\t<span class=\"elementor-button-text\">View Services<\/span>\n\t\t\t\t\t<\/span>\n\t\t\t\t\t<\/a>\n\t\t\t\t\t\t\t\t<\/div>\n\t\t\t\t<\/div>\n\t\t<div class=\"elementor-element elementor-element-857da72 e-con-full e-flex wpr-particle-no wpr-jarallax-no wpr-parallax-no wpr-sticky-section-no wpr-equal-height-no e-con e-child\" data-id=\"857da72\" data-element_type=\"container\" data-e-type=\"container\" data-settings=\"{&quot;background_background&quot;:&quot;slideshow&quot;,&quot;background_slideshow_gallery&quot;:[],&quot;background_slideshow_loop&quot;:&quot;yes&quot;,&quot;background_slideshow_slide_duration&quot;:5000,&quot;background_slideshow_slide_transition&quot;:&quot;fade&quot;,&quot;background_slideshow_transition_duration&quot;:500}\">\n\t\t\t\t<div class=\"elementor-element elementor-element-a7a9a7a elementor-widget elementor-widget-image\" data-id=\"a7a9a7a\" data-element_type=\"widget\" data-e-type=\"widget\" data-widget_type=\"image.default\">\n\t\t\t\t\t\t\t\t\t\t\t\t\t\t\t<img decoding=\"async\" width=\"800\" height=\"592\" src=\"https:\/\/sauleraclinic.uk\/wp-content\/uploads\/2025\/08\/dermatologo-cta-1024x758.png\" class=\"attachment-large size-large wp-image-1817\" alt=\"Dermatologijos paslaug\u0173 galerija prie\u0161 ir po\" srcset=\"https:\/\/sauleraclinic.uk\/wp-content\/uploads\/2025\/08\/dermatologo-cta-1024x758.png 1024w, https:\/\/sauleraclinic.uk\/wp-content\/uploads\/2025\/08\/dermatologo-cta-300x222.png 300w, https:\/\/sauleraclinic.uk\/wp-content\/uploads\/2025\/08\/dermatologo-cta-768x568.png 768w, https:\/\/sauleraclinic.uk\/wp-content\/uploads\/2025\/08\/dermatologo-cta.png 1280w\" sizes=\"(max-width: 800px) 100vw, 800px\" \/>\t\t\t\t\t\t\t\t\t\t\t\t\t\t\t<\/div>\n\t\t\t\t<\/div>\n\t\t\t\t<\/div>\n\t\t\t\t<\/div>\n\t\t\t\t<\/div>","protected":false},"excerpt":{"rendered":"<p>Naujienos Naujienos Susipa\u017einkite su m\u016bs\u0173 paslaug\u0173 spektru Raskite sprendim\u0105, kuris tinka b\u016btent Jums: nuo prevencin\u0117s prie\u017ei\u016bros iki i\u0161skirtini\u0173 proced\u016br\u0173, sukurt\u0173 J\u016bs\u0173 odos gerovei. \u017di\u016br\u0117ti paslaugas<\/p>","protected":false},"author":1,"featured_media":0,"parent":0,"menu_order":0,"comment_status":"closed","ping_status":"closed","template":"","meta":{"inline_featured_image":false,"footnotes":""},"class_list":["post-2603","page","type-page","status-publish","hentry"],"yoast_head":"<!-- This site is optimized with the Yoast SEO plugin v27.4 - https:\/\/yoast.com\/product\/yoast-seo-wordpress\/ -->\n<title>Saul\u0117 Ra Dermatology Clinic Naujienos<\/title>\n<meta name=\"description\" content=\"Su\u017einokite naujausias Saul\u0117 Ra Dermatology Clinic naujienas, straipsnius ir patarimus odos sveikatai bei estetin\u0117ms proced\u016broms.\" \/>\n<meta name=\"robots\" content=\"index, follow, max-snippet:-1, max-image-preview:large, max-video-preview:-1\" \/>\n<link rel=\"canonical\" href=\"https:\/\/sauleraclinic.uk\/en\/naujienos\/\" \/>\n<meta property=\"og:locale\" content=\"en_GB\" \/>\n<meta property=\"og:type\" content=\"article\" \/>\n<meta property=\"og:title\" content=\"Saul\u0117 Ra Dermatology Clinic Naujienos\" \/>\n<meta property=\"og:description\" content=\"Su\u017einokite naujausias Saul\u0117 Ra Dermatology Clinic naujienas, straipsnius ir patarimus odos sveikatai bei estetin\u0117ms proced\u016broms.\" \/>\n<meta property=\"og:url\" content=\"https:\/\/sauleraclinic.uk\/en\/naujienos\/\" \/>\n<meta property=\"og:site_name\" content=\"Saul\u0117 RA Dermatology Clinic\" \/>\n<meta property=\"article:modified_time\" content=\"2025-09-12T10:35:26+00:00\" \/>\n<meta property=\"og:image\" content=\"https:\/\/sauleraclinic.uk\/wp-content\/uploads\/2025\/08\/dermatologo-cta-1024x758.png\" \/>\n<meta name=\"twitter:card\" content=\"summary_large_image\" \/>\n<meta name=\"twitter:label1\" content=\"Estimated reading time\" \/>\n\t<meta name=\"twitter:data1\" content=\"1 minute\" \/>\n<script type=\"application\/ld+json\" class=\"yoast-schema-graph\">{\"@context\":\"https:\\\/\\\/schema.org\",\"@graph\":[{\"@type\":\"WebPage\",\"@id\":\"https:\\\/\\\/sauleraclinic.uk\\\/naujienos\\\/\",\"url\":\"https:\\\/\\\/sauleraclinic.uk\\\/naujienos\\\/\",\"name\":\"Saul\u0117 Ra Dermatology Clinic Naujienos\",\"isPartOf\":{\"@id\":\"https:\\\/\\\/sauleraclinic.uk\\\/#website\"},\"primaryImageOfPage\":{\"@id\":\"https:\\\/\\\/sauleraclinic.uk\\\/naujienos\\\/#primaryimage\"},\"image\":{\"@id\":\"https:\\\/\\\/sauleraclinic.uk\\\/naujienos\\\/#primaryimage\"},\"thumbnailUrl\":\"https:\\\/\\\/sauleraclinic.uk\\\/wp-content\\\/uploads\\\/2025\\\/08\\\/dermatologo-cta-1024x758.png\",\"datePublished\":\"2025-09-01T14:45:35+00:00\",\"dateModified\":\"2025-09-12T10:35:26+00:00\",\"description\":\"Su\u017einokite naujausias Saul\u0117 Ra Dermatology Clinic naujienas, straipsnius ir patarimus odos sveikatai bei estetin\u0117ms proced\u016broms.\",\"breadcrumb\":{\"@id\":\"https:\\\/\\\/sauleraclinic.uk\\\/naujienos\\\/#breadcrumb\"},\"inLanguage\":\"en-GB\",\"potentialAction\":[{\"@type\":\"ReadAction\",\"target\":[\"https:\\\/\\\/sauleraclinic.uk\\\/naujienos\\\/\"]}]},{\"@type\":\"ImageObject\",\"inLanguage\":\"en-GB\",\"@id\":\"https:\\\/\\\/sauleraclinic.uk\\\/naujienos\\\/#primaryimage\",\"url\":\"https:\\\/\\\/sauleraclinic.uk\\\/wp-content\\\/uploads\\\/2025\\\/08\\\/dermatologo-cta-1024x758.png\",\"contentUrl\":\"https:\\\/\\\/sauleraclinic.uk\\\/wp-content\\\/uploads\\\/2025\\\/08\\\/dermatologo-cta-1024x758.png\"},{\"@type\":\"BreadcrumbList\",\"@id\":\"https:\\\/\\\/sauleraclinic.uk\\\/naujienos\\\/#breadcrumb\",\"itemListElement\":[{\"@type\":\"ListItem\",\"position\":1,\"name\":\"Home\",\"item\":\"https:\\\/\\\/sauleraclinic.uk\\\/\"},{\"@type\":\"ListItem\",\"position\":2,\"name\":\"Naujienos\"}]},{\"@type\":\"WebSite\",\"@id\":\"https:\\\/\\\/sauleraclinic.uk\\\/#website\",\"url\":\"https:\\\/\\\/sauleraclinic.uk\\\/\",\"name\":\"Saul\u0117 RA Dermatology Clinic\",\"description\":\"\",\"publisher\":{\"@id\":\"https:\\\/\\\/sauleraclinic.uk\\\/#organization\"},\"potentialAction\":[{\"@type\":\"SearchAction\",\"target\":{\"@type\":\"EntryPoint\",\"urlTemplate\":\"https:\\\/\\\/sauleraclinic.uk\\\/?s={search_term_string}\"},\"query-input\":{\"@type\":\"PropertyValueSpecification\",\"valueRequired\":true,\"valueName\":\"search_term_string\"}}],\"inLanguage\":\"en-GB\"},{\"@type\":\"Organization\",\"@id\":\"https:\\\/\\\/sauleraclinic.uk\\\/#organization\",\"name\":\"Saul\u0117 RA Dermatology Clinic\",\"url\":\"https:\\\/\\\/sauleraclinic.uk\\\/\",\"logo\":{\"@type\":\"ImageObject\",\"inLanguage\":\"en-GB\",\"@id\":\"https:\\\/\\\/sauleraclinic.uk\\\/#\\\/schema\\\/logo\\\/image\\\/\",\"url\":\"https:\\\/\\\/sauleraclinic.uk\\\/wp-content\\\/uploads\\\/2025\\\/08\\\/logo-gold-1.png\",\"contentUrl\":\"https:\\\/\\\/sauleraclinic.uk\\\/wp-content\\\/uploads\\\/2025\\\/08\\\/logo-gold-1.png\",\"width\":1000,\"height\":264,\"caption\":\"Saul\u0117 RA Dermatology Clinic\"},\"image\":{\"@id\":\"https:\\\/\\\/sauleraclinic.uk\\\/#\\\/schema\\\/logo\\\/image\\\/\"}}]}<\/script>\n<!-- \/ Yoast SEO plugin. -->","yoast_head_json":{"title":"Saul\u0117 Ra Dermatology Clinic Naujienos","description":"Su\u017einokite naujausias Saul\u0117 Ra Dermatology Clinic naujienas, straipsnius ir patarimus odos sveikatai bei estetin\u0117ms proced\u016broms.","robots":{"index":"index","follow":"follow","max-snippet":"max-snippet:-1","max-image-preview":"max-image-preview:large","max-video-preview":"max-video-preview:-1"},"canonical":"https:\/\/sauleraclinic.uk\/en\/naujienos\/","og_locale":"en_GB","og_type":"article","og_title":"Saul\u0117 Ra Dermatology Clinic Naujienos","og_description":"Su\u017einokite naujausias Saul\u0117 Ra Dermatology Clinic naujienas, straipsnius ir patarimus odos sveikatai bei estetin\u0117ms proced\u016broms.","og_url":"https:\/\/sauleraclinic.uk\/en\/naujienos\/","og_site_name":"Saul\u0117 RA Dermatology Clinic","article_modified_time":"2025-09-12T10:35:26+00:00","og_image":[{"url":"https:\/\/sauleraclinic.uk\/wp-content\/uploads\/2025\/08\/dermatologo-cta-1024x758.png","type":"","width":"","height":""}],"twitter_card":"summary_large_image","twitter_misc":{"Estimated reading time":"1 minute"},"schema":{"@context":"https:\/\/schema.org","@graph":[{"@type":"WebPage","@id":"https:\/\/sauleraclinic.uk\/naujienos\/","url":"https:\/\/sauleraclinic.uk\/naujienos\/","name":"Saul\u0117 Ra Dermatology Clinic Naujienos","isPartOf":{"@id":"https:\/\/sauleraclinic.uk\/#website"},"primaryImageOfPage":{"@id":"https:\/\/sauleraclinic.uk\/naujienos\/#primaryimage"},"image":{"@id":"https:\/\/sauleraclinic.uk\/naujienos\/#primaryimage"},"thumbnailUrl":"https:\/\/sauleraclinic.uk\/wp-content\/uploads\/2025\/08\/dermatologo-cta-1024x758.png","datePublished":"2025-09-01T14:45:35+00:00","dateModified":"2025-09-12T10:35:26+00:00","description":"Su\u017einokite naujausias Saul\u0117 Ra Dermatology Clinic naujienas, straipsnius ir patarimus odos sveikatai bei estetin\u0117ms proced\u016broms.","breadcrumb":{"@id":"https:\/\/sauleraclinic.uk\/naujienos\/#breadcrumb"},"inLanguage":"en-GB","potentialAction":[{"@type":"ReadAction","target":["https:\/\/sauleraclinic.uk\/naujienos\/"]}]},{"@type":"ImageObject","inLanguage":"en-GB","@id":"https:\/\/sauleraclinic.uk\/naujienos\/#primaryimage","url":"https:\/\/sauleraclinic.uk\/wp-content\/uploads\/2025\/08\/dermatologo-cta-1024x758.png","contentUrl":"https:\/\/sauleraclinic.uk\/wp-content\/uploads\/2025\/08\/dermatologo-cta-1024x758.png"},{"@type":"BreadcrumbList","@id":"https:\/\/sauleraclinic.uk\/naujienos\/#breadcrumb","itemListElement":[{"@type":"ListItem","position":1,"name":"Home","item":"https:\/\/sauleraclinic.uk\/"},{"@type":"ListItem","position":2,"name":"Naujienos"}]},{"@type":"WebSite","@id":"https:\/\/sauleraclinic.uk\/#website","url":"https:\/\/sauleraclinic.uk\/","name":"Saul\u0117 RA Dermatology Clinic","description":"","publisher":{"@id":"https:\/\/sauleraclinic.uk\/#organization"},"potentialAction":[{"@type":"SearchAction","target":{"@type":"EntryPoint","urlTemplate":"https:\/\/sauleraclinic.uk\/?s={search_term_string}"},"query-input":{"@type":"PropertyValueSpecification","valueRequired":true,"valueName":"search_term_string"}}],"inLanguage":"en-GB"},{"@type":"Organization","@id":"https:\/\/sauleraclinic.uk\/#organization","name":"Saul\u0117 RA Dermatology Clinic","url":"https:\/\/sauleraclinic.uk\/","logo":{"@type":"ImageObject","inLanguage":"en-GB","@id":"https:\/\/sauleraclinic.uk\/#\/schema\/logo\/image\/","url":"https:\/\/sauleraclinic.uk\/wp-content\/uploads\/2025\/08\/logo-gold-1.png","contentUrl":"https:\/\/sauleraclinic.uk\/wp-content\/uploads\/2025\/08\/logo-gold-1.png","width":1000,"height":264,"caption":"Saul\u0117 RA Dermatology Clinic"},"image":{"@id":"https:\/\/sauleraclinic.uk\/#\/schema\/logo\/image\/"}}]}},"_links":{"self":[{"href":"https:\/\/sauleraclinic.uk\/en\/wp-json\/wp\/v2\/pages\/2603","targetHints":{"allow":["GET"]}}],"collection":[{"href":"https:\/\/sauleraclinic.uk\/en\/wp-json\/wp\/v2\/pages"}],"about":[{"href":"https:\/\/sauleraclinic.uk\/en\/wp-json\/wp\/v2\/types\/page"}],"author":[{"embeddable":true,"href":"https:\/\/sauleraclinic.uk\/en\/wp-json\/wp\/v2\/users\/1"}],"replies":[{"embeddable":true,"href":"https:\/\/sauleraclinic.uk\/en\/wp-json\/wp\/v2\/comments?post=2603"}],"version-history":[{"count":55,"href":"https:\/\/sauleraclinic.uk\/en\/wp-json\/wp\/v2\/pages\/2603\/revisions"}],"predecessor-version":[{"id":3567,"href":"https:\/\/sauleraclinic.uk\/en\/wp-json\/wp\/v2\/pages\/2603\/revisions\/3567"}],"wp:attachment":[{"href":"https:\/\/sauleraclinic.uk\/en\/wp-json\/wp\/v2\/media?parent=2603"}],"curies":[{"name":"wp","href":"https:\/\/api.w.org\/{rel}","templated":true}]}}