{"id":1833,"date":"2025-08-26T08:28:33","date_gmt":"2025-08-26T08:28:33","guid":{"rendered":"https:\/\/sauleraclinic.uk\/?page_id=1833"},"modified":"2025-09-09T12:47:43","modified_gmt":"2025-09-09T12:47:43","slug":"botulino-injekcijos","status":"publish","type":"page","link":"https:\/\/sauleraclinic.uk\/en\/botulino-injekcijos\/","title":{"rendered":"Botox Injections"},"content":{"rendered":"<div data-elementor-type=\"wp-page\" data-elementor-id=\"1833\" class=\"elementor elementor-1833\" data-elementor-post-type=\"page\">\n\t\t\t\t<div class=\"elementor-element elementor-element-0dafbb4 e-con-full elementor-hidden-desktop elementor-hidden-tablet e-flex wpr-particle-no wpr-jarallax-no wpr-parallax-no wpr-sticky-section-no wpr-equal-height-no e-con e-parent\" data-id=\"0dafbb4\" data-element_type=\"container\" data-e-type=\"container\" data-settings=\"{&quot;background_background&quot;:&quot;classic&quot;}\">\n\t\t<div class=\"elementor-element elementor-element-d52ccde e-con-full e-flex wpr-particle-no wpr-jarallax-no wpr-parallax-no wpr-sticky-section-no wpr-equal-height-no e-con e-child\" data-id=\"d52ccde\" data-element_type=\"container\" data-e-type=\"container\">\n\t\t\t\t<div class=\"elementor-element elementor-element-8e9458a elementor-widget elementor-widget-heading\" data-id=\"8e9458a\" data-element_type=\"widget\" data-e-type=\"widget\" data-widget_type=\"heading.default\">\n\t\t\t\t\t<h5 class=\"elementor-heading-title elementor-size-default\">Saul\u0117 RA Dermatology Services<\/h5>\t\t\t\t<\/div>\n\t\t\t\t<div class=\"elementor-element elementor-element-4b7e1a2 page-header elementor-widget elementor-widget-heading\" data-id=\"4b7e1a2\" data-element_type=\"widget\" data-e-type=\"widget\" data-widget_type=\"heading.default\">\n\t\t\t\t\t<h1 class=\"elementor-heading-title elementor-size-default\">Botox Injections<\/h1>\t\t\t\t<\/div>\n\t\t\t\t<\/div>\n\t\t\t\t<\/div>\n\t\t<div class=\"elementor-element elementor-element-7d45e7d e-con-full e-flex wpr-particle-no wpr-jarallax-no wpr-parallax-no wpr-sticky-section-no wpr-equal-height-no e-con e-parent\" data-id=\"7d45e7d\" data-element_type=\"container\" data-e-type=\"container\">\n\t\t<div class=\"elementor-element elementor-element-abfb918 e-con-full e-flex wpr-particle-no wpr-jarallax-no wpr-parallax-no wpr-sticky-section-no wpr-equal-height-no e-con e-child\" data-id=\"abfb918\" data-element_type=\"container\" data-e-type=\"container\">\n\t\t\t\t<div class=\"elementor-element elementor-element-90756a8 elementor-widget elementor-widget-text-editor\" data-id=\"90756a8\" data-element_type=\"widget\" data-e-type=\"widget\" data-widget_type=\"text-editor.default\">\n\t\t\t\t\t\t\t\t\t<p class=\"p1\"><strong>Botox Injections<\/strong> are an aesthetic medicine procedure designed to reduce expression lines and rejuvenate the skin. Small doses of botulinum toxin are injected into specific facial muscles, temporarily relaxing them. As a result, mimic-induced wrinkles are reduced, and the face looks fresher and more natural.<\/p><p class=\"p3\"><b>When should you consider it?<\/b><b><\/b><\/p><p class=\"p1\">Botulinum injections are recommended:<\/p><ul><li class=\"p1\">when you want to reduce forehead wrinkles, frown lines, or crow\u2019s feet around the eyes;<\/li><li class=\"p1\">as a preventive measure \u2013 to slow down the formation of new wrinkles;<\/li><li class=\"p1\">when you want subtle skin rejuvenation without surgical intervention.<\/li><\/ul><p class=\"p1\"><b><br \/>How does the procedure work?<\/b><\/p><p class=\"p1\">The procedure takes about 15\u201330 minutes. Very thin needles are used, making the procedure minimally invasive and ensuring no long recovery time. After the treatment, patients can quickly return to their normal activities.<\/p><p class=\"p3\"><b>How long do the results last?<\/b><b><\/b><\/p><p class=\"p1\">The effect usually begins to appear within 3\u20137 days, with full results visible after 1\u20132 weeks.\nThe outcome typically lasts 3\u20136 months, and for some patients up to 8 months. With repeated treatments, the effects last longer, while the formation of new wrinkles slows down.<\/p><p class=\"p3\"><b>Benefits<\/b><b><\/b><\/p><ul><li class=\"p1\">natural and subtle results;<\/li><li class=\"p1\">quick, safe, and simple procedure;<\/li><li class=\"p1\">no lengthy recovery required;<\/li><li class=\"p1\">performed only with the highest-quality, certified, and trusted aesthetic medicine products.<\/li><\/ul><p class=\"p1\">\u00a0<\/p>\t\t\t\t\t\t\t\t<\/div>\n\t\t\t\t<\/div>\n\t\t<div class=\"elementor-element elementor-element-68df44a e-con-full e-flex wpr-particle-no wpr-jarallax-no wpr-parallax-no wpr-sticky-section-no wpr-equal-height-no e-con e-child\" data-id=\"68df44a\" data-element_type=\"container\" data-e-type=\"container\">\n\t\t<div class=\"elementor-element elementor-element-f0ae761 e-con-full e-flex wpr-particle-no wpr-jarallax-no wpr-parallax-no wpr-sticky-section-no wpr-equal-height-no e-con e-child\" data-id=\"f0ae761\" data-element_type=\"container\" data-e-type=\"container\" data-settings=\"{&quot;background_background&quot;:&quot;classic&quot;}\">\n\t\t<div class=\"elementor-element elementor-element-f9fddac e-con-full e-flex wpr-particle-no wpr-jarallax-no wpr-parallax-no wpr-sticky-section-no wpr-equal-height-no e-con e-child\" data-id=\"f9fddac\" data-element_type=\"container\" data-e-type=\"container\" data-settings=\"{&quot;background_background&quot;:&quot;classic&quot;}\">\n\t\t\t\t<div class=\"elementor-element elementor-element-12f7423 elementor-widget elementor-widget-heading\" data-id=\"12f7423\" data-element_type=\"widget\" data-e-type=\"widget\" data-widget_type=\"heading.default\">\n\t\t\t\t\t<h2 class=\"elementor-heading-title elementor-size-default\">Botox Injections<\/h2>\t\t\t\t<\/div>\n\t\t\t\t<div class=\"elementor-element elementor-element-c0a7d65 elementor-widget elementor-widget-image\" data-id=\"c0a7d65\" data-element_type=\"widget\" data-e-type=\"widget\" data-widget_type=\"image.default\">\n\t\t\t\t\t\t\t\t\t\t\t\t\t\t\t<img fetchpriority=\"high\" decoding=\"async\" width=\"1280\" height=\"814\" src=\"https:\/\/sauleraclinic.uk\/wp-content\/uploads\/2025\/08\/bbotulino-injekcijos.png\" class=\"attachment-full size-full wp-image-1850\" alt=\"Botulino injekcijos Saul\u0117 RA klinika\" srcset=\"https:\/\/sauleraclinic.uk\/wp-content\/uploads\/2025\/08\/bbotulino-injekcijos.png 1280w, https:\/\/sauleraclinic.uk\/wp-content\/uploads\/2025\/08\/bbotulino-injekcijos-300x191.png 300w, https:\/\/sauleraclinic.uk\/wp-content\/uploads\/2025\/08\/bbotulino-injekcijos-1024x651.png 1024w, https:\/\/sauleraclinic.uk\/wp-content\/uploads\/2025\/08\/bbotulino-injekcijos-768x488.png 768w\" sizes=\"(max-width: 1280px) 100vw, 1280px\" \/>\t\t\t\t\t\t\t\t\t\t\t\t\t\t\t<\/div>\n\t\t\t\t<\/div>\n\t\t\t\t<div class=\"elementor-element elementor-element-ab0348f elementor-align-center elementor-widget__width-initial elementor-widget elementor-widget-button\" data-id=\"ab0348f\" data-element_type=\"widget\" data-e-type=\"widget\" data-widget_type=\"button.default\">\n\t\t\t\t\t\t\t\t\t\t<a class=\"elementor-button elementor-button-link elementor-size-sm elementor-animation-grow\" href=\"https:\/\/sauleraclinic.uk\/en\/kainorastis\/\">\n\t\t\t\t\t\t<span class=\"elementor-button-content-wrapper\">\n\t\t\t\t\t\t<span class=\"elementor-button-icon\">\n\t\t\t\t<svg xmlns=\"http:\/\/www.w3.org\/2000\/svg\" width=\"24\" height=\"24\" viewbox=\"0 0 24 24\" fill=\"none\"><path d=\"M17.0306 12.531L9.53055 20.031C9.46087 20.1007 9.37815 20.156 9.2871 20.1937C9.19606 20.2314 9.09847 20.2508 8.99993 20.2508C8.90138 20.2508 8.8038 20.2314 8.71276 20.1937C8.62171 20.156 8.53899 20.1007 8.4693 20.031C8.39962 19.9614 8.34435 19.8786 8.30663 19.7876C8.26892 19.6965 8.24951 19.599 8.24951 19.5004C8.24951 19.4019 8.26892 19.3043 8.30663 19.2132C8.34435 19.1222 8.39962 19.0395 8.4693 18.9698L15.4396 12.0004L8.4693 5.03104C8.32857 4.89031 8.24951 4.69944 8.24951 4.50042C8.24951 4.30139 8.32857 4.11052 8.4693 3.96979C8.61003 3.82906 8.80091 3.75 8.99993 3.75C9.19895 3.75 9.38982 3.82906 9.53055 3.96979L17.0306 11.4698C17.1003 11.5394 17.1556 11.6222 17.1933 11.7132C17.2311 11.8043 17.2505 11.9019 17.2505 12.0004C17.2505 12.099 17.2311 12.1966 17.1933 12.2876C17.1556 12.3787 17.1003 12.4614 17.0306 12.531Z\" fill=\"#3A2A26\"><\/path><\/svg>\t\t\t<\/span>\n\t\t\t\t\t\t\t\t\t<span class=\"elementor-button-text\">View Pricing<\/span>\n\t\t\t\t\t<\/span>\n\t\t\t\t\t<\/a>\n\t\t\t\t\t\t\t\t<\/div>\n\t\t\t\t<div class=\"elementor-element elementor-element-b327dbb elementor-align-center number elementor-icon-list--layout-traditional elementor-list-item-link-full_width elementor-widget elementor-widget-icon-list\" data-id=\"b327dbb\" data-element_type=\"widget\" data-e-type=\"widget\" data-widget_type=\"icon-list.default\">\n\t\t\t\t\t\t\t<ul class=\"elementor-icon-list-items\">\n\t\t\t\t\t\t\t<li class=\"elementor-icon-list-item\">\n\t\t\t\t\t\t\t\t\t\t\t<a href=\"tel:+447743467235\">\n\n\t\t\t\t\t\t\t\t\t\t\t\t<span class=\"elementor-icon-list-icon\">\n\t\t\t\t\t\t\t<svg aria-hidden=\"true\" class=\"e-font-icon-svg e-fas-phone\" viewbox=\"0 0 512 512\" xmlns=\"http:\/\/www.w3.org\/2000\/svg\"><path d=\"M493.4 24.6l-104-24c-11.3-2.6-22.9 3.3-27.5 13.9l-48 112c-4.2 9.8-1.4 21.3 6.9 28l60.6 49.6c-36 76.7-98.9 140.5-177.2 177.2l-49.6-60.6c-6.8-8.3-18.2-11.1-28-6.9l-112 48C3.9 366.5-2 378.1.6 389.4l24 104C27.1 504.2 36.7 512 48 512c256.1 0 464-207.5 464-464 0-11.2-7.7-20.9-18.6-23.4z\"><\/path><\/svg>\t\t\t\t\t\t<\/span>\n\t\t\t\t\t\t\t\t\t\t<span class=\"elementor-icon-list-text\">+ 447743467235<\/span>\n\t\t\t\t\t\t\t\t\t\t\t<\/a>\n\t\t\t\t\t\t\t\t\t<\/li>\n\t\t\t\t\t\t<\/ul>\n\t\t\t\t\t\t<\/div>\n\t\t\t\t<div class=\"elementor-element elementor-element-3fd4ad6 elementor-align-center elementor-widget__width-initial elementor-widget elementor-widget-button\" data-id=\"3fd4ad6\" data-element_type=\"widget\" data-e-type=\"widget\" data-widget_type=\"button.default\">\n\t\t\t\t\t\t\t\t\t\t<a class=\"elementor-button elementor-button-link elementor-size-sm elementor-animation-grow\" href=\"https:\/\/sauleraclinic.uk\/en\/registracija\/\">\n\t\t\t\t\t\t<span class=\"elementor-button-content-wrapper\">\n\t\t\t\t\t\t<span class=\"elementor-button-icon\">\n\t\t\t\t<svg aria-hidden=\"true\" class=\"e-font-icon-svg e-far-calendar-check\" viewbox=\"0 0 448 512\" xmlns=\"http:\/\/www.w3.org\/2000\/svg\"><path d=\"M400 64h-48V12c0-6.627-5.373-12-12-12h-40c-6.627 0-12 5.373-12 12v52H160V12c0-6.627-5.373-12-12-12h-40c-6.627 0-12 5.373-12 12v52H48C21.49 64 0 85.49 0 112v352c0 26.51 21.49 48 48 48h352c26.51 0 48-21.49 48-48V112c0-26.51-21.49-48-48-48zm-6 400H54a6 6 0 0 1-6-6V160h352v298a6 6 0 0 1-6 6zm-52.849-200.65L198.842 404.519c-4.705 4.667-12.303 4.637-16.971-.068l-75.091-75.699c-4.667-4.705-4.637-12.303.068-16.971l22.719-22.536c4.705-4.667 12.303-4.637 16.97.069l44.104 44.461 111.072-110.181c4.705-4.667 12.303-4.637 16.971.068l22.536 22.718c4.667 4.705 4.636 12.303-.069 16.97z\"><\/path><\/svg>\t\t\t<\/span>\n\t\t\t\t\t\t\t\t\t<span class=\"elementor-button-text\">Submit Request<\/span>\n\t\t\t\t\t<\/span>\n\t\t\t\t\t<\/a>\n\t\t\t\t\t\t\t\t<\/div>\n\t\t\t\t<\/div>\n\t\t\t\t<\/div>\n\t\t\t\t<\/div>\n\t\t<div class=\"elementor-element elementor-element-6e1182f5 e-con-full e-flex wpr-particle-no wpr-jarallax-no wpr-parallax-no wpr-sticky-section-no wpr-equal-height-no e-con e-parent\" data-id=\"6e1182f5\" data-element_type=\"container\" data-e-type=\"container\">\n\t\t<div class=\"elementor-element elementor-element-670ad04c e-con-full e-flex wpr-particle-no wpr-jarallax-no wpr-parallax-no wpr-sticky-section-no wpr-equal-height-no e-con e-child\" data-id=\"670ad04c\" data-element_type=\"container\" data-e-type=\"container\" data-settings=\"{&quot;background_background&quot;:&quot;classic&quot;}\">\n\t\t<div class=\"elementor-element elementor-element-2d55ee18 e-con-full e-flex wpr-particle-no wpr-jarallax-no wpr-parallax-no wpr-sticky-section-no wpr-equal-height-no e-con e-child\" data-id=\"2d55ee18\" data-element_type=\"container\" data-e-type=\"container\">\n\t\t\t\t<div class=\"elementor-element elementor-element-3d18a66f elementor-widget elementor-widget-heading\" data-id=\"3d18a66f\" data-element_type=\"widget\" data-e-type=\"widget\" data-widget_type=\"heading.default\">\n\t\t\t\t\t<h2 class=\"elementor-heading-title elementor-size-default\">See the Changes in Our Patients<\/h2>\t\t\t\t<\/div>\n\t\t\t\t<div class=\"elementor-element elementor-element-46d411f elementor-widget elementor-widget-text-editor\" data-id=\"46d411f\" data-element_type=\"widget\" data-e-type=\"widget\" data-widget_type=\"text-editor.default\">\n\t\t\t\t\t\t\t\t\t<p class=\"p1\">Our patients results speak for themselves. Browse the gallery and see what changes can be achieved with the right treatment.<\/p>\t\t\t\t\t\t\t\t<\/div>\n\t\t\t\t<div class=\"elementor-element elementor-element-55396e75 elementor-widget elementor-widget-button\" data-id=\"55396e75\" data-element_type=\"widget\" data-e-type=\"widget\" data-widget_type=\"button.default\">\n\t\t\t\t\t\t\t\t\t\t<a class=\"elementor-button elementor-button-link elementor-size-sm elementor-animation-grow\" href=\"https:\/\/sauleraclinic.uk\/en\/pries-po\/\">\n\t\t\t\t\t\t<span class=\"elementor-button-content-wrapper\">\n\t\t\t\t\t\t\t\t\t<span class=\"elementor-button-text\">View Gallery<\/span>\n\t\t\t\t\t<\/span>\n\t\t\t\t\t<\/a>\n\t\t\t\t\t\t\t\t<\/div>\n\t\t\t\t<\/div>\n\t\t<div class=\"elementor-element elementor-element-2ad63031 e-con-full e-flex wpr-particle-no wpr-jarallax-no wpr-parallax-no wpr-sticky-section-no wpr-equal-height-no e-con e-child\" data-id=\"2ad63031\" data-element_type=\"container\" data-e-type=\"container\" data-settings=\"{&quot;background_background&quot;:&quot;slideshow&quot;,&quot;background_slideshow_gallery&quot;:[],&quot;background_slideshow_loop&quot;:&quot;yes&quot;,&quot;background_slideshow_slide_duration&quot;:5000,&quot;background_slideshow_slide_transition&quot;:&quot;fade&quot;,&quot;background_slideshow_transition_duration&quot;:500}\">\n\t\t\t\t<div class=\"elementor-element elementor-element-3d252bc4 elementor-widget elementor-widget-image\" data-id=\"3d252bc4\" data-element_type=\"widget\" data-e-type=\"widget\" data-widget_type=\"image.default\">\n\t\t\t\t\t\t\t\t\t\t\t\t\t\t\t<img decoding=\"async\" width=\"800\" height=\"592\" src=\"https:\/\/sauleraclinic.uk\/wp-content\/uploads\/2025\/08\/dermatologo-cta-1024x758.png\" class=\"attachment-large size-large wp-image-1817\" alt=\"Dermatologijos paslaug\u0173 galerija prie\u0161 ir po\" srcset=\"https:\/\/sauleraclinic.uk\/wp-content\/uploads\/2025\/08\/dermatologo-cta-1024x758.png 1024w, https:\/\/sauleraclinic.uk\/wp-content\/uploads\/2025\/08\/dermatologo-cta-300x222.png 300w, https:\/\/sauleraclinic.uk\/wp-content\/uploads\/2025\/08\/dermatologo-cta-768x568.png 768w, https:\/\/sauleraclinic.uk\/wp-content\/uploads\/2025\/08\/dermatologo-cta.png 1280w\" sizes=\"(max-width: 800px) 100vw, 800px\" \/>\t\t\t\t\t\t\t\t\t\t\t\t\t\t\t<\/div>\n\t\t\t\t<\/div>\n\t\t\t\t<\/div>\n\t\t\t\t<\/div>\n\t\t\t\t<\/div>","protected":false},"excerpt":{"rendered":"<p>Saul\u0117 Ra dermatologijos paslaugos Botulino injekcijos Botulino injekcijos \u2013 tai estetin\u0117s medicinos proced\u016bra, skirta mimikos rauk\u0161li\u0173 ma\u017einimui ir odos atjauninimui. \u012e tam tikrus veido raumenis suleid\u017eiamos itin ma\u017eos botulino toksino doz\u0117s, kurios laikinai atpalaiduoja raumen\u0173 veikl\u0105. D\u0117l to suma\u017e\u0117ja mimikos sukelti \u012flinkiai ir rauk\u0161l\u0117s, veidas atrodo gaivesnis ir nat\u016bralesnis. Kada verta rinktis? Botulino injekcijos rekomenduojamos: kai norima suma\u017einti rauk\u0161les kaktos srityje, tarp antaki\u0173 ar aplink akis (\u201evarn\u0173 p\u0117dut\u0117s\u201c); siekiant prevencijos \u2013 sul\u0117tinti nauj\u0173 rauk\u0161li\u0173 formavim\u0105si; norint subtilaus atjauninimo be chirurgin\u0117s intervencijos. Kaip vyksta proced\u016bra? Proced\u016bra trunka 15\u201330 minu\u010di\u0173. Naudojamos itin plonos adatos, tod\u0117l ji yra minimaliai invazyvi ir nesukelia ilgo gijimo laikotarpio. Po proced\u016bros galima greitai gr\u012f\u017eti prie \u012fprastos veiklos. Kiek laiko i\u0161lieka rezultatas? Poveikis pradeda ry\u0161k\u0117ti po 3\u20137 dien\u0173, o pilnas efektas matomas per 1\u20132 savaites. Rezultatas paprastai i\u0161lieka 3\u20136 m\u0117nesius, kai kuriems pacientams \u2013 iki 8 m\u0117n. Reguliariai kartojant proced\u016br\u0105, efektas tampa ilgiau i\u0161liekantis, o nauj\u0173 rauk\u0161li\u0173 gil\u0117jimas sul\u0117t\u0117ja. Privalumai nat\u016bralus, subtilus rezultatas; trumpa, saugi ir greita proced\u016bra; nereikalauja ilgo atsistatymo; viena labiausiai i\u0161tirt\u0173 ir patikim\u0173 estetin\u0117s medicinos proced\u016br\u0173. \u00a0 Botulino injekcijos Per\u017ei\u016br\u0117ti kainora\u0161t\u012f + 447743467235 Registruotis vizitui Pamatykite m\u016bs\u0173 pacient\u0173 poky\u010dius M\u016bs\u0173 pacient\u0173 rezultatai kalba patys u\u017e save. Per\u017ei\u016br\u0117kite galerij\u0105 ir pamatykite, koki\u0173 poky\u010di\u0173 galima pasiekti su tinkamu gydymu. \u017di\u016br\u0117ti galerij\u0105<\/p>","protected":false},"author":1,"featured_media":0,"parent":0,"menu_order":0,"comment_status":"closed","ping_status":"closed","template":"","meta":{"inline_featured_image":false,"footnotes":""},"class_list":["post-1833","page","type-page","status-publish","hentry"],"yoast_head":"<!-- This site is optimized with the Yoast SEO plugin v27.4 - https:\/\/yoast.com\/product\/yoast-seo-wordpress\/ -->\n<title>Botulino injekcijos Londone\/Peterborough - Saul\u0117 Ra Dermatology<\/title>\n<meta name=\"description\" content=\"Profesionalios botulino injekcijos \u2013 rauk\u0161li\u0173 ma\u017einimas ir jaunatvi\u0161ka i\u0161vaizda, i\u0161laikant nat\u016bral\u0173 veido \u012fsp\u016bd\u012f.\" \/>\n<meta name=\"robots\" content=\"index, follow, max-snippet:-1, max-image-preview:large, max-video-preview:-1\" \/>\n<link rel=\"canonical\" href=\"https:\/\/sauleraclinic.uk\/en\/botulino-injekcijos\/\" \/>\n<meta property=\"og:locale\" content=\"en_GB\" \/>\n<meta property=\"og:type\" content=\"article\" \/>\n<meta property=\"og:title\" content=\"Botulino injekcijos Londone\/Peterborough - Saul\u0117 Ra Dermatology\" \/>\n<meta property=\"og:description\" content=\"Profesionalios botulino injekcijos \u2013 rauk\u0161li\u0173 ma\u017einimas ir jaunatvi\u0161ka i\u0161vaizda, i\u0161laikant nat\u016bral\u0173 veido \u012fsp\u016bd\u012f.\" \/>\n<meta property=\"og:url\" content=\"https:\/\/sauleraclinic.uk\/en\/botulino-injekcijos\/\" \/>\n<meta property=\"og:site_name\" content=\"Saul\u0117 RA Dermatology Clinic\" \/>\n<meta property=\"article:modified_time\" content=\"2025-09-09T12:47:43+00:00\" \/>\n<meta property=\"og:image\" content=\"https:\/\/sauleraclinic.uk\/wp-content\/uploads\/2025\/08\/bbotulino-injekcijos.png\" \/>\n\t<meta property=\"og:image:width\" content=\"1280\" \/>\n\t<meta property=\"og:image:height\" content=\"814\" \/>\n\t<meta property=\"og:image:type\" content=\"image\/png\" \/>\n<meta name=\"twitter:card\" content=\"summary_large_image\" \/>\n<meta name=\"twitter:label1\" content=\"Estimated reading time\" \/>\n\t<meta name=\"twitter:data1\" content=\"1 minute\" \/>\n<script type=\"application\/ld+json\" class=\"yoast-schema-graph\">{\"@context\":\"https:\\\/\\\/schema.org\",\"@graph\":[{\"@type\":\"WebPage\",\"@id\":\"https:\\\/\\\/sauleraclinic.uk\\\/botulino-injekcijos\\\/\",\"url\":\"https:\\\/\\\/sauleraclinic.uk\\\/botulino-injekcijos\\\/\",\"name\":\"Botulino injekcijos Londone\\\/Peterborough - Saul\u0117 Ra Dermatology\",\"isPartOf\":{\"@id\":\"https:\\\/\\\/sauleraclinic.uk\\\/#website\"},\"primaryImageOfPage\":{\"@id\":\"https:\\\/\\\/sauleraclinic.uk\\\/botulino-injekcijos\\\/#primaryimage\"},\"image\":{\"@id\":\"https:\\\/\\\/sauleraclinic.uk\\\/botulino-injekcijos\\\/#primaryimage\"},\"thumbnailUrl\":\"https:\\\/\\\/sauleraclinic.uk\\\/wp-content\\\/uploads\\\/2025\\\/08\\\/bbotulino-injekcijos.png\",\"datePublished\":\"2025-08-26T08:28:33+00:00\",\"dateModified\":\"2025-09-09T12:47:43+00:00\",\"description\":\"Profesionalios botulino injekcijos \u2013 rauk\u0161li\u0173 ma\u017einimas ir jaunatvi\u0161ka i\u0161vaizda, i\u0161laikant nat\u016bral\u0173 veido \u012fsp\u016bd\u012f.\",\"breadcrumb\":{\"@id\":\"https:\\\/\\\/sauleraclinic.uk\\\/botulino-injekcijos\\\/#breadcrumb\"},\"inLanguage\":\"en-GB\",\"potentialAction\":[{\"@type\":\"ReadAction\",\"target\":[\"https:\\\/\\\/sauleraclinic.uk\\\/botulino-injekcijos\\\/\"]}]},{\"@type\":\"ImageObject\",\"inLanguage\":\"en-GB\",\"@id\":\"https:\\\/\\\/sauleraclinic.uk\\\/botulino-injekcijos\\\/#primaryimage\",\"url\":\"https:\\\/\\\/sauleraclinic.uk\\\/wp-content\\\/uploads\\\/2025\\\/08\\\/bbotulino-injekcijos.png\",\"contentUrl\":\"https:\\\/\\\/sauleraclinic.uk\\\/wp-content\\\/uploads\\\/2025\\\/08\\\/bbotulino-injekcijos.png\"},{\"@type\":\"BreadcrumbList\",\"@id\":\"https:\\\/\\\/sauleraclinic.uk\\\/botulino-injekcijos\\\/#breadcrumb\",\"itemListElement\":[{\"@type\":\"ListItem\",\"position\":1,\"name\":\"Home\",\"item\":\"https:\\\/\\\/sauleraclinic.uk\\\/\"},{\"@type\":\"ListItem\",\"position\":2,\"name\":\"Botulino injekcijos\"}]},{\"@type\":\"WebSite\",\"@id\":\"https:\\\/\\\/sauleraclinic.uk\\\/#website\",\"url\":\"https:\\\/\\\/sauleraclinic.uk\\\/\",\"name\":\"Saul\u0117 RA Dermatology Clinic\",\"description\":\"\",\"publisher\":{\"@id\":\"https:\\\/\\\/sauleraclinic.uk\\\/#organization\"},\"potentialAction\":[{\"@type\":\"SearchAction\",\"target\":{\"@type\":\"EntryPoint\",\"urlTemplate\":\"https:\\\/\\\/sauleraclinic.uk\\\/?s={search_term_string}\"},\"query-input\":{\"@type\":\"PropertyValueSpecification\",\"valueRequired\":true,\"valueName\":\"search_term_string\"}}],\"inLanguage\":\"en-GB\"},{\"@type\":\"Organization\",\"@id\":\"https:\\\/\\\/sauleraclinic.uk\\\/#organization\",\"name\":\"Saul\u0117 RA Dermatology Clinic\",\"url\":\"https:\\\/\\\/sauleraclinic.uk\\\/\",\"logo\":{\"@type\":\"ImageObject\",\"inLanguage\":\"en-GB\",\"@id\":\"https:\\\/\\\/sauleraclinic.uk\\\/#\\\/schema\\\/logo\\\/image\\\/\",\"url\":\"https:\\\/\\\/sauleraclinic.uk\\\/wp-content\\\/uploads\\\/2025\\\/08\\\/logo-gold-1.png\",\"contentUrl\":\"https:\\\/\\\/sauleraclinic.uk\\\/wp-content\\\/uploads\\\/2025\\\/08\\\/logo-gold-1.png\",\"width\":1000,\"height\":264,\"caption\":\"Saul\u0117 RA Dermatology Clinic\"},\"image\":{\"@id\":\"https:\\\/\\\/sauleraclinic.uk\\\/#\\\/schema\\\/logo\\\/image\\\/\"}}]}<\/script>\n<!-- \/ Yoast SEO plugin. -->","yoast_head_json":{"title":"Botulino injekcijos Londone\/Peterborough - Saul\u0117 Ra Dermatology","description":"Profesionalios botulino injekcijos \u2013 rauk\u0161li\u0173 ma\u017einimas ir jaunatvi\u0161ka i\u0161vaizda, i\u0161laikant nat\u016bral\u0173 veido \u012fsp\u016bd\u012f.","robots":{"index":"index","follow":"follow","max-snippet":"max-snippet:-1","max-image-preview":"max-image-preview:large","max-video-preview":"max-video-preview:-1"},"canonical":"https:\/\/sauleraclinic.uk\/en\/botulino-injekcijos\/","og_locale":"en_GB","og_type":"article","og_title":"Botulino injekcijos Londone\/Peterborough - Saul\u0117 Ra Dermatology","og_description":"Profesionalios botulino injekcijos \u2013 rauk\u0161li\u0173 ma\u017einimas ir jaunatvi\u0161ka i\u0161vaizda, i\u0161laikant nat\u016bral\u0173 veido \u012fsp\u016bd\u012f.","og_url":"https:\/\/sauleraclinic.uk\/en\/botulino-injekcijos\/","og_site_name":"Saul\u0117 RA Dermatology Clinic","article_modified_time":"2025-09-09T12:47:43+00:00","og_image":[{"width":1280,"height":814,"url":"https:\/\/sauleraclinic.uk\/wp-content\/uploads\/2025\/08\/bbotulino-injekcijos.png","type":"image\/png"}],"twitter_card":"summary_large_image","twitter_misc":{"Estimated reading time":"1 minute"},"schema":{"@context":"https:\/\/schema.org","@graph":[{"@type":"WebPage","@id":"https:\/\/sauleraclinic.uk\/botulino-injekcijos\/","url":"https:\/\/sauleraclinic.uk\/botulino-injekcijos\/","name":"Botulino injekcijos Londone\/Peterborough - Saul\u0117 Ra Dermatology","isPartOf":{"@id":"https:\/\/sauleraclinic.uk\/#website"},"primaryImageOfPage":{"@id":"https:\/\/sauleraclinic.uk\/botulino-injekcijos\/#primaryimage"},"image":{"@id":"https:\/\/sauleraclinic.uk\/botulino-injekcijos\/#primaryimage"},"thumbnailUrl":"https:\/\/sauleraclinic.uk\/wp-content\/uploads\/2025\/08\/bbotulino-injekcijos.png","datePublished":"2025-08-26T08:28:33+00:00","dateModified":"2025-09-09T12:47:43+00:00","description":"Profesionalios botulino injekcijos \u2013 rauk\u0161li\u0173 ma\u017einimas ir jaunatvi\u0161ka i\u0161vaizda, i\u0161laikant nat\u016bral\u0173 veido \u012fsp\u016bd\u012f.","breadcrumb":{"@id":"https:\/\/sauleraclinic.uk\/botulino-injekcijos\/#breadcrumb"},"inLanguage":"en-GB","potentialAction":[{"@type":"ReadAction","target":["https:\/\/sauleraclinic.uk\/botulino-injekcijos\/"]}]},{"@type":"ImageObject","inLanguage":"en-GB","@id":"https:\/\/sauleraclinic.uk\/botulino-injekcijos\/#primaryimage","url":"https:\/\/sauleraclinic.uk\/wp-content\/uploads\/2025\/08\/bbotulino-injekcijos.png","contentUrl":"https:\/\/sauleraclinic.uk\/wp-content\/uploads\/2025\/08\/bbotulino-injekcijos.png"},{"@type":"BreadcrumbList","@id":"https:\/\/sauleraclinic.uk\/botulino-injekcijos\/#breadcrumb","itemListElement":[{"@type":"ListItem","position":1,"name":"Home","item":"https:\/\/sauleraclinic.uk\/"},{"@type":"ListItem","position":2,"name":"Botulino injekcijos"}]},{"@type":"WebSite","@id":"https:\/\/sauleraclinic.uk\/#website","url":"https:\/\/sauleraclinic.uk\/","name":"Saul\u0117 RA Dermatology Clinic","description":"","publisher":{"@id":"https:\/\/sauleraclinic.uk\/#organization"},"potentialAction":[{"@type":"SearchAction","target":{"@type":"EntryPoint","urlTemplate":"https:\/\/sauleraclinic.uk\/?s={search_term_string}"},"query-input":{"@type":"PropertyValueSpecification","valueRequired":true,"valueName":"search_term_string"}}],"inLanguage":"en-GB"},{"@type":"Organization","@id":"https:\/\/sauleraclinic.uk\/#organization","name":"Saul\u0117 RA Dermatology Clinic","url":"https:\/\/sauleraclinic.uk\/","logo":{"@type":"ImageObject","inLanguage":"en-GB","@id":"https:\/\/sauleraclinic.uk\/#\/schema\/logo\/image\/","url":"https:\/\/sauleraclinic.uk\/wp-content\/uploads\/2025\/08\/logo-gold-1.png","contentUrl":"https:\/\/sauleraclinic.uk\/wp-content\/uploads\/2025\/08\/logo-gold-1.png","width":1000,"height":264,"caption":"Saul\u0117 RA Dermatology Clinic"},"image":{"@id":"https:\/\/sauleraclinic.uk\/#\/schema\/logo\/image\/"}}]}},"_links":{"self":[{"href":"https:\/\/sauleraclinic.uk\/en\/wp-json\/wp\/v2\/pages\/1833","targetHints":{"allow":["GET"]}}],"collection":[{"href":"https:\/\/sauleraclinic.uk\/en\/wp-json\/wp\/v2\/pages"}],"about":[{"href":"https:\/\/sauleraclinic.uk\/en\/wp-json\/wp\/v2\/types\/page"}],"author":[{"embeddable":true,"href":"https:\/\/sauleraclinic.uk\/en\/wp-json\/wp\/v2\/users\/1"}],"replies":[{"embeddable":true,"href":"https:\/\/sauleraclinic.uk\/en\/wp-json\/wp\/v2\/comments?post=1833"}],"version-history":[{"count":44,"href":"https:\/\/sauleraclinic.uk\/en\/wp-json\/wp\/v2\/pages\/1833\/revisions"}],"predecessor-version":[{"id":3161,"href":"https:\/\/sauleraclinic.uk\/en\/wp-json\/wp\/v2\/pages\/1833\/revisions\/3161"}],"wp:attachment":[{"href":"https:\/\/sauleraclinic.uk\/en\/wp-json\/wp\/v2\/media?parent=1833"}],"curies":[{"name":"wp","href":"https:\/\/api.w.org\/{rel}","templated":true}]}}