{"id":1768,"date":"2025-08-26T08:10:22","date_gmt":"2025-08-26T08:10:22","guid":{"rendered":"https:\/\/sauleraclinic.uk\/?page_id=1768"},"modified":"2025-10-29T12:03:12","modified_gmt":"2025-10-29T12:03:12","slug":"konsultacija-internetu","status":"publish","type":"page","link":"https:\/\/sauleraclinic.uk\/en\/konsultacija-internetu\/","title":{"rendered":"Online Consultation"},"content":{"rendered":"<div data-elementor-type=\"wp-page\" data-elementor-id=\"1768\" class=\"elementor elementor-1768\" data-elementor-post-type=\"page\">\n\t\t\t\t<div class=\"elementor-element elementor-element-efb7ed1 e-con-full elementor-hidden-desktop elementor-hidden-tablet e-flex wpr-particle-no wpr-jarallax-no wpr-parallax-no wpr-sticky-section-no wpr-equal-height-no e-con e-parent\" data-id=\"efb7ed1\" data-element_type=\"container\" data-e-type=\"container\" data-settings=\"{&quot;background_background&quot;:&quot;classic&quot;}\">\n\t\t<div class=\"elementor-element elementor-element-46dab2f e-con-full e-flex wpr-particle-no wpr-jarallax-no wpr-parallax-no wpr-sticky-section-no wpr-equal-height-no e-con e-child\" data-id=\"46dab2f\" data-element_type=\"container\" data-e-type=\"container\">\n\t\t\t\t<div class=\"elementor-element elementor-element-81a2625 elementor-widget elementor-widget-heading\" data-id=\"81a2625\" data-element_type=\"widget\" data-e-type=\"widget\" data-widget_type=\"heading.default\">\n\t\t\t\t\t<h5 class=\"elementor-heading-title elementor-size-default\">Saul\u0117 RA Dermatology Services<\/h5>\t\t\t\t<\/div>\n\t\t\t\t<div class=\"elementor-element elementor-element-d5e89a2 page-header elementor-widget elementor-widget-heading\" data-id=\"d5e89a2\" data-element_type=\"widget\" data-e-type=\"widget\" data-widget_type=\"heading.default\">\n\t\t\t\t\t<h1 class=\"elementor-heading-title elementor-size-default\">Online Consultation<\/h1>\t\t\t\t<\/div>\n\t\t\t\t<\/div>\n\t\t\t\t<\/div>\n\t\t<div class=\"elementor-element elementor-element-eca3328 e-con-full e-flex wpr-particle-no wpr-jarallax-no wpr-parallax-no wpr-sticky-section-no wpr-equal-height-no e-con e-parent\" data-id=\"eca3328\" data-element_type=\"container\" data-e-type=\"container\">\n\t\t<div class=\"elementor-element elementor-element-0bf4e3c e-con-full e-flex wpr-particle-no wpr-jarallax-no wpr-parallax-no wpr-sticky-section-no wpr-equal-height-no e-con e-child\" data-id=\"0bf4e3c\" data-element_type=\"container\" data-e-type=\"container\">\n\t\t\t\t<div class=\"elementor-element elementor-element-2633d58 elementor-widget elementor-widget-text-editor\" data-id=\"2633d58\" data-element_type=\"widget\" data-e-type=\"widget\" data-widget_type=\"text-editor.default\">\n\t\t\t\t\t\t\t\t\t<p class=\"p1\"><b>How does an online consultation work?<\/b><b><\/b><\/p><p class=\"p1\">To book an online consultation, simply fill in the form on our website or call us directly. We will arrange the most convenient consultation time for you.\nDuring the consultation, dermatologist Vilma Polinkevi\u010dien\u0117 evaluates your skin condition based on the information and photos you provide, listens to your concerns, and offers personalized recommendations. This is a convenient way to receive professional care without leaving home, especially for initial diagnostics or ongoing treatment plan discussions.<\/p><p class=\"p1\"><b>When should you choose an online consultation?<\/b><b><\/b><\/p><ul><li><p class=\"p1\">when you notice skin problems and can share photos (acne, rashes, dermatitis, etc.);<\/p><\/li><li><p class=\"p1\">when you would like recommendations on skincare products or adjustments to your treatment plan;<\/p><\/li><li><p class=\"p1\">when you need advice on further tests or a possible clinic visit;<\/p><\/li><li><p class=\"p1\">to discuss food intolerance test results or how diet may affect your skin.<\/p><\/li><\/ul><p class=\"p1\"><b>What does the consultation include?<\/b><b><\/b><\/p><ul><li><p class=\"p1\">professional evaluation by a dermatologist;<\/p><\/li><li><p class=\"p1\">diagnosis and recommendations;<\/p><\/li><li><p class=\"p1\">treatment or procedure recommendations;<\/p><\/li><li><p class=\"p1\">personalised answers to your questions;<\/p><\/li><\/ul><p class=\"p2\">An online consultation is an opportunity to receive professional advice from anywhere, while maintaining high standards of quality and confidentiality.<\/p>\t\t\t\t\t\t\t\t<\/div>\n\t\t\t\t<\/div>\n\t\t<div class=\"elementor-element elementor-element-24adee1 e-con-full e-flex wpr-particle-no wpr-jarallax-no wpr-parallax-no wpr-sticky-section-no wpr-equal-height-no e-con e-child\" data-id=\"24adee1\" data-element_type=\"container\" data-e-type=\"container\">\n\t\t<div class=\"elementor-element elementor-element-a76e0b4 e-con-full e-flex wpr-particle-no wpr-jarallax-no wpr-parallax-no wpr-sticky-section-no wpr-equal-height-no e-con e-child\" data-id=\"a76e0b4\" data-element_type=\"container\" data-e-type=\"container\" data-settings=\"{&quot;background_background&quot;:&quot;classic&quot;}\">\n\t\t<div class=\"elementor-element elementor-element-ce113e9 e-con-full e-flex wpr-particle-no wpr-jarallax-no wpr-parallax-no wpr-sticky-section-no wpr-equal-height-no e-con e-child\" data-id=\"ce113e9\" data-element_type=\"container\" data-e-type=\"container\" data-settings=\"{&quot;background_background&quot;:&quot;classic&quot;}\">\n\t\t\t\t<div class=\"elementor-element elementor-element-6d7a5a0 elementor-widget elementor-widget-heading\" data-id=\"6d7a5a0\" data-element_type=\"widget\" data-e-type=\"widget\" data-widget_type=\"heading.default\">\n\t\t\t\t\t<h2 class=\"elementor-heading-title elementor-size-default\">Online Consultation<\/h2>\t\t\t\t<\/div>\n\t\t\t\t<div class=\"elementor-element elementor-element-9f46307 elementor-widget elementor-widget-image\" data-id=\"9f46307\" data-element_type=\"widget\" data-e-type=\"widget\" data-widget_type=\"image.default\">\n\t\t\t\t\t\t\t\t\t\t\t\t\t\t\t<img fetchpriority=\"high\" decoding=\"async\" width=\"1280\" height=\"940\" src=\"https:\/\/sauleraclinic.uk\/wp-content\/uploads\/2025\/08\/konsultacija-internetu-e1756196374266.png\" class=\"attachment-full size-full wp-image-1789\" alt=\"Online dermatology consultation at Saul\u0117 Ra Clinic with certified specialist\" srcset=\"https:\/\/sauleraclinic.uk\/wp-content\/uploads\/2025\/08\/konsultacija-internetu-e1756196374266.png 1280w, https:\/\/sauleraclinic.uk\/wp-content\/uploads\/2025\/08\/konsultacija-internetu-e1756196374266-300x220.png 300w, https:\/\/sauleraclinic.uk\/wp-content\/uploads\/2025\/08\/konsultacija-internetu-e1756196374266-1024x752.png 1024w, https:\/\/sauleraclinic.uk\/wp-content\/uploads\/2025\/08\/konsultacija-internetu-e1756196374266-768x564.png 768w\" sizes=\"(max-width: 1280px) 100vw, 1280px\" \/>\t\t\t\t\t\t\t\t\t\t\t\t\t\t\t<\/div>\n\t\t\t\t<\/div>\n\t\t\t\t<div class=\"elementor-element elementor-element-68d2193 elementor-align-center elementor-widget__width-initial elementor-widget elementor-widget-button\" data-id=\"68d2193\" data-element_type=\"widget\" data-e-type=\"widget\" data-widget_type=\"button.default\">\n\t\t\t\t\t\t\t\t\t\t<a class=\"elementor-button elementor-button-link elementor-size-sm elementor-animation-grow\" href=\"https:\/\/sauleraclinic.uk\/en\/kainorastis\/\">\n\t\t\t\t\t\t<span class=\"elementor-button-content-wrapper\">\n\t\t\t\t\t\t<span class=\"elementor-button-icon\">\n\t\t\t\t<svg xmlns=\"http:\/\/www.w3.org\/2000\/svg\" width=\"24\" height=\"24\" viewbox=\"0 0 24 24\" fill=\"none\"><path d=\"M17.0306 12.531L9.53055 20.031C9.46087 20.1007 9.37815 20.156 9.2871 20.1937C9.19606 20.2314 9.09847 20.2508 8.99993 20.2508C8.90138 20.2508 8.8038 20.2314 8.71276 20.1937C8.62171 20.156 8.53899 20.1007 8.4693 20.031C8.39962 19.9614 8.34435 19.8786 8.30663 19.7876C8.26892 19.6965 8.24951 19.599 8.24951 19.5004C8.24951 19.4019 8.26892 19.3043 8.30663 19.2132C8.34435 19.1222 8.39962 19.0395 8.4693 18.9698L15.4396 12.0004L8.4693 5.03104C8.32857 4.89031 8.24951 4.69944 8.24951 4.50042C8.24951 4.30139 8.32857 4.11052 8.4693 3.96979C8.61003 3.82906 8.80091 3.75 8.99993 3.75C9.19895 3.75 9.38982 3.82906 9.53055 3.96979L17.0306 11.4698C17.1003 11.5394 17.1556 11.6222 17.1933 11.7132C17.2311 11.8043 17.2505 11.9019 17.2505 12.0004C17.2505 12.099 17.2311 12.1966 17.1933 12.2876C17.1556 12.3787 17.1003 12.4614 17.0306 12.531Z\" fill=\"#3A2A26\"><\/path><\/svg>\t\t\t<\/span>\n\t\t\t\t\t\t\t\t\t<span class=\"elementor-button-text\">View Pricing<\/span>\n\t\t\t\t\t<\/span>\n\t\t\t\t\t<\/a>\n\t\t\t\t\t\t\t\t<\/div>\n\t\t\t\t<div class=\"elementor-element elementor-element-05cc39e elementor-align-center number elementor-icon-list--layout-traditional elementor-list-item-link-full_width elementor-widget elementor-widget-icon-list\" data-id=\"05cc39e\" data-element_type=\"widget\" data-e-type=\"widget\" data-widget_type=\"icon-list.default\">\n\t\t\t\t\t\t\t<ul class=\"elementor-icon-list-items\">\n\t\t\t\t\t\t\t<li class=\"elementor-icon-list-item\">\n\t\t\t\t\t\t\t\t\t\t\t<a href=\"tel:+447743467235\">\n\n\t\t\t\t\t\t\t\t\t\t\t\t<span class=\"elementor-icon-list-icon\">\n\t\t\t\t\t\t\t<svg aria-hidden=\"true\" class=\"e-font-icon-svg e-fas-phone\" viewbox=\"0 0 512 512\" xmlns=\"http:\/\/www.w3.org\/2000\/svg\"><path d=\"M493.4 24.6l-104-24c-11.3-2.6-22.9 3.3-27.5 13.9l-48 112c-4.2 9.8-1.4 21.3 6.9 28l60.6 49.6c-36 76.7-98.9 140.5-177.2 177.2l-49.6-60.6c-6.8-8.3-18.2-11.1-28-6.9l-112 48C3.9 366.5-2 378.1.6 389.4l24 104C27.1 504.2 36.7 512 48 512c256.1 0 464-207.5 464-464 0-11.2-7.7-20.9-18.6-23.4z\"><\/path><\/svg>\t\t\t\t\t\t<\/span>\n\t\t\t\t\t\t\t\t\t\t<span class=\"elementor-icon-list-text\">+ 447743467235<\/span>\n\t\t\t\t\t\t\t\t\t\t\t<\/a>\n\t\t\t\t\t\t\t\t\t<\/li>\n\t\t\t\t\t\t<\/ul>\n\t\t\t\t\t\t<\/div>\n\t\t\t\t<div class=\"elementor-element elementor-element-bcfce7a elementor-align-center elementor-widget__width-initial elementor-widget elementor-widget-button\" data-id=\"bcfce7a\" data-element_type=\"widget\" data-e-type=\"widget\" data-widget_type=\"button.default\">\n\t\t\t\t\t\t\t\t\t\t<a class=\"elementor-button elementor-button-link elementor-size-sm elementor-animation-grow\" href=\"https:\/\/sauleraclinic.uk\/en\/registracija\/\">\n\t\t\t\t\t\t<span class=\"elementor-button-content-wrapper\">\n\t\t\t\t\t\t<span class=\"elementor-button-icon\">\n\t\t\t\t<svg aria-hidden=\"true\" class=\"e-font-icon-svg e-far-calendar-check\" viewbox=\"0 0 448 512\" xmlns=\"http:\/\/www.w3.org\/2000\/svg\"><path d=\"M400 64h-48V12c0-6.627-5.373-12-12-12h-40c-6.627 0-12 5.373-12 12v52H160V12c0-6.627-5.373-12-12-12h-40c-6.627 0-12 5.373-12 12v52H48C21.49 64 0 85.49 0 112v352c0 26.51 21.49 48 48 48h352c26.51 0 48-21.49 48-48V112c0-26.51-21.49-48-48-48zm-6 400H54a6 6 0 0 1-6-6V160h352v298a6 6 0 0 1-6 6zm-52.849-200.65L198.842 404.519c-4.705 4.667-12.303 4.637-16.971-.068l-75.091-75.699c-4.667-4.705-4.637-12.303.068-16.971l22.719-22.536c4.705-4.667 12.303-4.637 16.97.069l44.104 44.461 111.072-110.181c4.705-4.667 12.303-4.637 16.971.068l22.536 22.718c4.667 4.705 4.636 12.303-.069 16.97z\"><\/path><\/svg>\t\t\t<\/span>\n\t\t\t\t\t\t\t\t\t<span class=\"elementor-button-text\">Submit Request<\/span>\n\t\t\t\t\t<\/span>\n\t\t\t\t\t<\/a>\n\t\t\t\t\t\t\t\t<\/div>\n\t\t\t\t<\/div>\n\t\t\t\t<\/div>\n\t\t\t\t<\/div>\n\t\t<div class=\"elementor-element elementor-element-2df860cc e-con-full e-flex wpr-particle-no wpr-jarallax-no wpr-parallax-no wpr-sticky-section-no wpr-equal-height-no e-con e-parent\" data-id=\"2df860cc\" data-element_type=\"container\" data-e-type=\"container\">\n\t\t<div class=\"elementor-element elementor-element-73f6ec0 e-con-full e-flex wpr-particle-no wpr-jarallax-no wpr-parallax-no wpr-sticky-section-no wpr-equal-height-no e-con e-child\" data-id=\"73f6ec0\" data-element_type=\"container\" data-e-type=\"container\" data-settings=\"{&quot;background_background&quot;:&quot;classic&quot;}\">\n\t\t<div class=\"elementor-element elementor-element-4c39bc4c e-con-full e-flex wpr-particle-no wpr-jarallax-no wpr-parallax-no wpr-sticky-section-no wpr-equal-height-no e-con e-child\" data-id=\"4c39bc4c\" data-element_type=\"container\" data-e-type=\"container\">\n\t\t\t\t<div class=\"elementor-element elementor-element-15f076fa elementor-widget elementor-widget-heading\" data-id=\"15f076fa\" data-element_type=\"widget\" data-e-type=\"widget\" data-widget_type=\"heading.default\">\n\t\t\t\t\t<h2 class=\"elementor-heading-title elementor-size-default\">See the Changes in Our Patients<\/h2>\t\t\t\t<\/div>\n\t\t\t\t<div class=\"elementor-element elementor-element-2f2dcf24 elementor-widget elementor-widget-text-editor\" data-id=\"2f2dcf24\" data-element_type=\"widget\" data-e-type=\"widget\" data-widget_type=\"text-editor.default\">\n\t\t\t\t\t\t\t\t\t<p class=\"p1\">Our patients results speak for themselves. Browse the gallery and see what changes can be achieved with the right treatment.<\/p>\t\t\t\t\t\t\t\t<\/div>\n\t\t\t\t<div class=\"elementor-element elementor-element-ca27f61 elementor-widget elementor-widget-button\" data-id=\"ca27f61\" data-element_type=\"widget\" data-e-type=\"widget\" data-widget_type=\"button.default\">\n\t\t\t\t\t\t\t\t\t\t<a class=\"elementor-button elementor-button-link elementor-size-sm elementor-animation-grow\" href=\"https:\/\/sauleraclinic.uk\/en\/pries-po\/\">\n\t\t\t\t\t\t<span class=\"elementor-button-content-wrapper\">\n\t\t\t\t\t\t\t\t\t<span class=\"elementor-button-text\">View Gallery<\/span>\n\t\t\t\t\t<\/span>\n\t\t\t\t\t<\/a>\n\t\t\t\t\t\t\t\t<\/div>\n\t\t\t\t<\/div>\n\t\t<div class=\"elementor-element elementor-element-7a27fb7e e-con-full e-flex wpr-particle-no wpr-jarallax-no wpr-parallax-no wpr-sticky-section-no wpr-equal-height-no e-con e-child\" data-id=\"7a27fb7e\" data-element_type=\"container\" data-e-type=\"container\" data-settings=\"{&quot;background_background&quot;:&quot;slideshow&quot;,&quot;background_slideshow_gallery&quot;:[],&quot;background_slideshow_loop&quot;:&quot;yes&quot;,&quot;background_slideshow_slide_duration&quot;:5000,&quot;background_slideshow_slide_transition&quot;:&quot;fade&quot;,&quot;background_slideshow_transition_duration&quot;:500}\">\n\t\t\t\t<div class=\"elementor-element elementor-element-75ff8e52 elementor-widget elementor-widget-image\" data-id=\"75ff8e52\" data-element_type=\"widget\" data-e-type=\"widget\" data-widget_type=\"image.default\">\n\t\t\t\t\t\t\t\t\t\t\t\t\t\t\t<img decoding=\"async\" width=\"800\" height=\"592\" src=\"https:\/\/sauleraclinic.uk\/wp-content\/uploads\/2025\/08\/dermatologo-cta-1024x758.png\" class=\"attachment-large size-large wp-image-1817\" alt=\"Dermatologijos paslaug\u0173 galerija prie\u0161 ir po\" srcset=\"https:\/\/sauleraclinic.uk\/wp-content\/uploads\/2025\/08\/dermatologo-cta-1024x758.png 1024w, https:\/\/sauleraclinic.uk\/wp-content\/uploads\/2025\/08\/dermatologo-cta-300x222.png 300w, https:\/\/sauleraclinic.uk\/wp-content\/uploads\/2025\/08\/dermatologo-cta-768x568.png 768w, https:\/\/sauleraclinic.uk\/wp-content\/uploads\/2025\/08\/dermatologo-cta.png 1280w\" sizes=\"(max-width: 800px) 100vw, 800px\" \/>\t\t\t\t\t\t\t\t\t\t\t\t\t\t\t<\/div>\n\t\t\t\t<\/div>\n\t\t\t\t<\/div>\n\t\t\t\t<\/div>\n\t\t\t\t<\/div>","protected":false},"excerpt":{"rendered":"<p>Saul\u0117 Ra dermatologijos paslaugos Konsultacija internetu Kaip vyksta konsultacija internetu? Nuotolinei konsultacijai u\u017esiregistruoti galite u\u017epild\u0119 form\u0105 m\u016bs\u0173 svetain\u0117je arba paskambin\u0119 nurodytu telefonu. Sutarsime patogiausi\u0105 konsultacijos laik\u0105. Konsultacijos metu gydytoja dermatolog\u0117 Vilma Polinkevi\u010dien\u0117 \u012fvertina J\u016bs\u0173 odos b\u016bkl\u0119 pagal pateikt\u0105 informacij\u0105 ir nuotraukas, i\u0161klauso nusiskundimus bei pateikia individualias rekomendacijas. Tai patogus b\u016bdas gauti profesionali\u0105 pagalb\u0105 nei\u0161einant i\u0161 nam\u0173, ypa\u010d pirminei diagnostikai ar t\u0119stiniam gydymo plano aptarimui. Kokiais atvejais verta rinktis konsultacij\u0105 internetu? esant odos problemoms, kurias galima \u012fvertinti pagal nuotraukas (akn\u0117, ro\u017ein\u0117, b\u0117rimai, dermatitai); norint gauti rekomendacijas d\u0117l odos prie\u017ei\u016bros priemoni\u0173 ar gydymo plano koregavimo; kai reikalingas patarimas d\u0117l tolimesni\u0173 tyrim\u0173 ar vizito klinikoje; d\u0117l maisto netoleravimo tyrim\u0173 rezultat\u0173 aptarimo ar odos b\u016bkl\u0117s ry\u0161io su mityba. K\u0105 apima konsultacija? profesionalus gydytojos vertinimas; atsakymai \u012f J\u016bs\u0173 klausimus; rekomendacijos d\u0117l gydymo ar proced\u016br\u0173; nurodymas, ar b\u016btina atvykti \u012f klinik\u0105 detalesniems tyrimams ar proced\u016broms. Nuotolin\u0117 konsultacija \u2013 tai galimyb\u0117 gauti profesional\u0173 patarim\u0105 i\u0161 bet kur, i\u0161saugant auk\u0161t\u0105 kokyb\u0117s standart\u0105 ir konfidencialum\u0105. Konsultacija internetu Per\u017ei\u016br\u0117ti kainora\u0161t\u012f + 447743467235 Registruotis vizitui Pamatykite m\u016bs\u0173 pacient\u0173 poky\u010dius M\u016bs\u0173 pacient\u0173 rezultatai kalba patys u\u017e save. Per\u017ei\u016br\u0117kite galerij\u0105 ir pamatykite, koki\u0173 poky\u010di\u0173 galima pasiekti su tinkamu gydymu. \u017di\u016br\u0117ti galerij\u0105<\/p>","protected":false},"author":1,"featured_media":0,"parent":0,"menu_order":0,"comment_status":"closed","ping_status":"closed","template":"","meta":{"inline_featured_image":false,"footnotes":""},"class_list":["post-1768","page","type-page","status-publish","hentry"],"yoast_head":"<!-- This site is optimized with the Yoast SEO plugin v27.4 - https:\/\/yoast.com\/product\/yoast-seo-wordpress\/ -->\n<title>Saul\u0117 Ra Dermatology Clinic - dermatolog\u0117s konsultacija internetu<\/title>\n<meta name=\"description\" content=\"Registruokit\u0117s konsultacijai m\u016bs\u0173 klinikoje. Dermatologai pad\u0117s atrasti individual\u0173 sprendim\u0105 J\u016bs\u0173 odai ir paskirs tinkamiausi\u0105 gydym\u0105\" \/>\n<meta name=\"robots\" content=\"index, follow, max-snippet:-1, max-image-preview:large, max-video-preview:-1\" \/>\n<link rel=\"canonical\" href=\"https:\/\/sauleraclinic.uk\/en\/konsultacija-internetu\/\" \/>\n<meta property=\"og:locale\" content=\"en_GB\" \/>\n<meta property=\"og:type\" content=\"article\" \/>\n<meta property=\"og:title\" content=\"Saul\u0117 Ra Dermatology Clinic - dermatolog\u0117s konsultacija internetu\" \/>\n<meta property=\"og:description\" content=\"Registruokit\u0117s konsultacijai m\u016bs\u0173 klinikoje. Dermatologai pad\u0117s atrasti individual\u0173 sprendim\u0105 J\u016bs\u0173 odai ir paskirs tinkamiausi\u0105 gydym\u0105\" \/>\n<meta property=\"og:url\" content=\"https:\/\/sauleraclinic.uk\/en\/konsultacija-internetu\/\" \/>\n<meta property=\"og:site_name\" content=\"Saul\u0117 RA Dermatology Clinic\" \/>\n<meta property=\"article:modified_time\" content=\"2025-10-29T12:03:12+00:00\" \/>\n<meta property=\"og:image\" content=\"https:\/\/sauleraclinic.uk\/wp-content\/uploads\/2025\/08\/konsultacija-internetu-e1756196374266-1024x752.png\" \/>\n\t<meta property=\"og:image:width\" content=\"1024\" \/>\n\t<meta property=\"og:image:height\" content=\"752\" \/>\n\t<meta property=\"og:image:type\" content=\"image\/png\" \/>\n<meta name=\"twitter:card\" content=\"summary_large_image\" \/>\n<meta name=\"twitter:label1\" content=\"Estimated reading time\" \/>\n\t<meta name=\"twitter:data1\" content=\"1 minute\" \/>\n<script type=\"application\/ld+json\" class=\"yoast-schema-graph\">{\"@context\":\"https:\\\/\\\/schema.org\",\"@graph\":[{\"@type\":\"WebPage\",\"@id\":\"https:\\\/\\\/sauleraclinic.uk\\\/konsultacija-internetu\\\/\",\"url\":\"https:\\\/\\\/sauleraclinic.uk\\\/konsultacija-internetu\\\/\",\"name\":\"Saul\u0117 Ra Dermatology Clinic - dermatolog\u0117s konsultacija internetu\",\"isPartOf\":{\"@id\":\"https:\\\/\\\/sauleraclinic.uk\\\/#website\"},\"primaryImageOfPage\":{\"@id\":\"https:\\\/\\\/sauleraclinic.uk\\\/konsultacija-internetu\\\/#primaryimage\"},\"image\":{\"@id\":\"https:\\\/\\\/sauleraclinic.uk\\\/konsultacija-internetu\\\/#primaryimage\"},\"thumbnailUrl\":\"https:\\\/\\\/sauleraclinic.uk\\\/wp-content\\\/uploads\\\/2025\\\/08\\\/konsultacija-internetu-e1756196374266.png\",\"datePublished\":\"2025-08-26T08:10:22+00:00\",\"dateModified\":\"2025-10-29T12:03:12+00:00\",\"description\":\"Registruokit\u0117s konsultacijai m\u016bs\u0173 klinikoje. Dermatologai pad\u0117s atrasti individual\u0173 sprendim\u0105 J\u016bs\u0173 odai ir paskirs tinkamiausi\u0105 gydym\u0105\",\"breadcrumb\":{\"@id\":\"https:\\\/\\\/sauleraclinic.uk\\\/konsultacija-internetu\\\/#breadcrumb\"},\"inLanguage\":\"en-GB\",\"potentialAction\":[{\"@type\":\"ReadAction\",\"target\":[\"https:\\\/\\\/sauleraclinic.uk\\\/konsultacija-internetu\\\/\"]}]},{\"@type\":\"ImageObject\",\"inLanguage\":\"en-GB\",\"@id\":\"https:\\\/\\\/sauleraclinic.uk\\\/konsultacija-internetu\\\/#primaryimage\",\"url\":\"https:\\\/\\\/sauleraclinic.uk\\\/wp-content\\\/uploads\\\/2025\\\/08\\\/konsultacija-internetu-e1756196374266.png\",\"contentUrl\":\"https:\\\/\\\/sauleraclinic.uk\\\/wp-content\\\/uploads\\\/2025\\\/08\\\/konsultacija-internetu-e1756196374266.png\"},{\"@type\":\"BreadcrumbList\",\"@id\":\"https:\\\/\\\/sauleraclinic.uk\\\/konsultacija-internetu\\\/#breadcrumb\",\"itemListElement\":[{\"@type\":\"ListItem\",\"position\":1,\"name\":\"Home\",\"item\":\"https:\\\/\\\/sauleraclinic.uk\\\/\"},{\"@type\":\"ListItem\",\"position\":2,\"name\":\"Konsultacija internetu\"}]},{\"@type\":\"WebSite\",\"@id\":\"https:\\\/\\\/sauleraclinic.uk\\\/#website\",\"url\":\"https:\\\/\\\/sauleraclinic.uk\\\/\",\"name\":\"Saul\u0117 RA Dermatology Clinic\",\"description\":\"\",\"publisher\":{\"@id\":\"https:\\\/\\\/sauleraclinic.uk\\\/#organization\"},\"potentialAction\":[{\"@type\":\"SearchAction\",\"target\":{\"@type\":\"EntryPoint\",\"urlTemplate\":\"https:\\\/\\\/sauleraclinic.uk\\\/?s={search_term_string}\"},\"query-input\":{\"@type\":\"PropertyValueSpecification\",\"valueRequired\":true,\"valueName\":\"search_term_string\"}}],\"inLanguage\":\"en-GB\"},{\"@type\":\"Organization\",\"@id\":\"https:\\\/\\\/sauleraclinic.uk\\\/#organization\",\"name\":\"Saul\u0117 RA Dermatology Clinic\",\"url\":\"https:\\\/\\\/sauleraclinic.uk\\\/\",\"logo\":{\"@type\":\"ImageObject\",\"inLanguage\":\"en-GB\",\"@id\":\"https:\\\/\\\/sauleraclinic.uk\\\/#\\\/schema\\\/logo\\\/image\\\/\",\"url\":\"https:\\\/\\\/sauleraclinic.uk\\\/wp-content\\\/uploads\\\/2025\\\/08\\\/logo-gold-1.png\",\"contentUrl\":\"https:\\\/\\\/sauleraclinic.uk\\\/wp-content\\\/uploads\\\/2025\\\/08\\\/logo-gold-1.png\",\"width\":1000,\"height\":264,\"caption\":\"Saul\u0117 RA Dermatology Clinic\"},\"image\":{\"@id\":\"https:\\\/\\\/sauleraclinic.uk\\\/#\\\/schema\\\/logo\\\/image\\\/\"}}]}<\/script>\n<!-- \/ Yoast SEO plugin. -->","yoast_head_json":{"title":"Saul\u0117 Ra Dermatology Clinic - dermatolog\u0117s konsultacija internetu","description":"Registruokit\u0117s konsultacijai m\u016bs\u0173 klinikoje. Dermatologai pad\u0117s atrasti individual\u0173 sprendim\u0105 J\u016bs\u0173 odai ir paskirs tinkamiausi\u0105 gydym\u0105","robots":{"index":"index","follow":"follow","max-snippet":"max-snippet:-1","max-image-preview":"max-image-preview:large","max-video-preview":"max-video-preview:-1"},"canonical":"https:\/\/sauleraclinic.uk\/en\/konsultacija-internetu\/","og_locale":"en_GB","og_type":"article","og_title":"Saul\u0117 Ra Dermatology Clinic - dermatolog\u0117s konsultacija internetu","og_description":"Registruokit\u0117s konsultacijai m\u016bs\u0173 klinikoje. Dermatologai pad\u0117s atrasti individual\u0173 sprendim\u0105 J\u016bs\u0173 odai ir paskirs tinkamiausi\u0105 gydym\u0105","og_url":"https:\/\/sauleraclinic.uk\/en\/konsultacija-internetu\/","og_site_name":"Saul\u0117 RA Dermatology Clinic","article_modified_time":"2025-10-29T12:03:12+00:00","og_image":[{"width":1024,"height":752,"url":"https:\/\/sauleraclinic.uk\/wp-content\/uploads\/2025\/08\/konsultacija-internetu-e1756196374266-1024x752.png","type":"image\/png"}],"twitter_card":"summary_large_image","twitter_misc":{"Estimated reading time":"1 minute"},"schema":{"@context":"https:\/\/schema.org","@graph":[{"@type":"WebPage","@id":"https:\/\/sauleraclinic.uk\/konsultacija-internetu\/","url":"https:\/\/sauleraclinic.uk\/konsultacija-internetu\/","name":"Saul\u0117 Ra Dermatology Clinic - dermatolog\u0117s konsultacija internetu","isPartOf":{"@id":"https:\/\/sauleraclinic.uk\/#website"},"primaryImageOfPage":{"@id":"https:\/\/sauleraclinic.uk\/konsultacija-internetu\/#primaryimage"},"image":{"@id":"https:\/\/sauleraclinic.uk\/konsultacija-internetu\/#primaryimage"},"thumbnailUrl":"https:\/\/sauleraclinic.uk\/wp-content\/uploads\/2025\/08\/konsultacija-internetu-e1756196374266.png","datePublished":"2025-08-26T08:10:22+00:00","dateModified":"2025-10-29T12:03:12+00:00","description":"Registruokit\u0117s konsultacijai m\u016bs\u0173 klinikoje. Dermatologai pad\u0117s atrasti individual\u0173 sprendim\u0105 J\u016bs\u0173 odai ir paskirs tinkamiausi\u0105 gydym\u0105","breadcrumb":{"@id":"https:\/\/sauleraclinic.uk\/konsultacija-internetu\/#breadcrumb"},"inLanguage":"en-GB","potentialAction":[{"@type":"ReadAction","target":["https:\/\/sauleraclinic.uk\/konsultacija-internetu\/"]}]},{"@type":"ImageObject","inLanguage":"en-GB","@id":"https:\/\/sauleraclinic.uk\/konsultacija-internetu\/#primaryimage","url":"https:\/\/sauleraclinic.uk\/wp-content\/uploads\/2025\/08\/konsultacija-internetu-e1756196374266.png","contentUrl":"https:\/\/sauleraclinic.uk\/wp-content\/uploads\/2025\/08\/konsultacija-internetu-e1756196374266.png"},{"@type":"BreadcrumbList","@id":"https:\/\/sauleraclinic.uk\/konsultacija-internetu\/#breadcrumb","itemListElement":[{"@type":"ListItem","position":1,"name":"Home","item":"https:\/\/sauleraclinic.uk\/"},{"@type":"ListItem","position":2,"name":"Konsultacija internetu"}]},{"@type":"WebSite","@id":"https:\/\/sauleraclinic.uk\/#website","url":"https:\/\/sauleraclinic.uk\/","name":"Saul\u0117 RA Dermatology Clinic","description":"","publisher":{"@id":"https:\/\/sauleraclinic.uk\/#organization"},"potentialAction":[{"@type":"SearchAction","target":{"@type":"EntryPoint","urlTemplate":"https:\/\/sauleraclinic.uk\/?s={search_term_string}"},"query-input":{"@type":"PropertyValueSpecification","valueRequired":true,"valueName":"search_term_string"}}],"inLanguage":"en-GB"},{"@type":"Organization","@id":"https:\/\/sauleraclinic.uk\/#organization","name":"Saul\u0117 RA Dermatology Clinic","url":"https:\/\/sauleraclinic.uk\/","logo":{"@type":"ImageObject","inLanguage":"en-GB","@id":"https:\/\/sauleraclinic.uk\/#\/schema\/logo\/image\/","url":"https:\/\/sauleraclinic.uk\/wp-content\/uploads\/2025\/08\/logo-gold-1.png","contentUrl":"https:\/\/sauleraclinic.uk\/wp-content\/uploads\/2025\/08\/logo-gold-1.png","width":1000,"height":264,"caption":"Saul\u0117 RA Dermatology Clinic"},"image":{"@id":"https:\/\/sauleraclinic.uk\/#\/schema\/logo\/image\/"}}]}},"_links":{"self":[{"href":"https:\/\/sauleraclinic.uk\/en\/wp-json\/wp\/v2\/pages\/1768","targetHints":{"allow":["GET"]}}],"collection":[{"href":"https:\/\/sauleraclinic.uk\/en\/wp-json\/wp\/v2\/pages"}],"about":[{"href":"https:\/\/sauleraclinic.uk\/en\/wp-json\/wp\/v2\/types\/page"}],"author":[{"embeddable":true,"href":"https:\/\/sauleraclinic.uk\/en\/wp-json\/wp\/v2\/users\/1"}],"replies":[{"embeddable":true,"href":"https:\/\/sauleraclinic.uk\/en\/wp-json\/wp\/v2\/comments?post=1768"}],"version-history":[{"count":97,"href":"https:\/\/sauleraclinic.uk\/en\/wp-json\/wp\/v2\/pages\/1768\/revisions"}],"predecessor-version":[{"id":4647,"href":"https:\/\/sauleraclinic.uk\/en\/wp-json\/wp\/v2\/pages\/1768\/revisions\/4647"}],"wp:attachment":[{"href":"https:\/\/sauleraclinic.uk\/en\/wp-json\/wp\/v2\/media?parent=1768"}],"curies":[{"name":"wp","href":"https:\/\/api.w.org\/{rel}","templated":true}]}}