{"id":1461,"date":"2025-08-25T19:55:21","date_gmt":"2025-08-25T19:55:21","guid":{"rendered":"https:\/\/sauleraclinic.uk\/?page_id=1461"},"modified":"2025-10-24T14:05:21","modified_gmt":"2025-10-24T14:05:21","slug":"dovanu-kuponas","status":"publish","type":"page","link":"https:\/\/sauleraclinic.uk\/en\/dovanu-kuponas\/","title":{"rendered":"Gift Voucher"},"content":{"rendered":"\t\t<div data-elementor-type=\"wp-page\" data-elementor-id=\"1461\" class=\"elementor elementor-1461\" data-elementor-post-type=\"page\">\n\t\t\t\t<div class=\"elementor-element elementor-element-e58464a e-con-full e-flex wpr-particle-no wpr-jarallax-no wpr-parallax-no wpr-sticky-section-no wpr-equal-height-no e-con e-parent\" data-id=\"e58464a\" data-element_type=\"container\" data-e-type=\"container\" data-settings=\"{&quot;background_background&quot;:&quot;classic&quot;}\">\n\t\t<div class=\"elementor-element elementor-element-f248563 e-con-full e-flex wpr-particle-no wpr-jarallax-no wpr-parallax-no wpr-sticky-section-no wpr-equal-height-no e-con e-child\" data-id=\"f248563\" data-element_type=\"container\" data-e-type=\"container\">\n\t\t\t\t<div class=\"elementor-element elementor-element-45322ea elementor-hidden-desktop elementor-hidden-tablet elementor-widget elementor-widget-heading\" data-id=\"45322ea\" data-element_type=\"widget\" data-e-type=\"widget\" data-widget_type=\"heading.default\">\n\t\t\t\t\t<h5 class=\"elementor-heading-title elementor-size-default\">Saul\u0117 Ra dermatologijos paslaugos<\/h5>\t\t\t\t<\/div>\n\t\t\t\t<div class=\"elementor-element elementor-element-30d4bd0 page-header elementor-widget elementor-widget-heading\" data-id=\"30d4bd0\" data-element_type=\"widget\" data-e-type=\"widget\" data-widget_type=\"heading.default\">\n\t\t\t\t\t<h1 class=\"elementor-heading-title elementor-size-default\">Dovan\u0173 kuponas<\/h1>\t\t\t\t<\/div>\n\t\t\t\t<\/div>\n\t\t\t\t<\/div>\n\t\t<div class=\"elementor-element elementor-element-ad83068 e-con-full e-flex wpr-particle-no wpr-jarallax-no wpr-parallax-no wpr-sticky-section-no wpr-equal-height-no e-con e-parent\" data-id=\"ad83068\" data-element_type=\"container\" data-e-type=\"container\">\n\t\t<div class=\"elementor-element elementor-element-92bf538 e-con-full e-flex wpr-particle-no wpr-jarallax-no wpr-parallax-no wpr-sticky-section-no wpr-equal-height-no e-con e-child\" data-id=\"92bf538\" data-element_type=\"container\" data-e-type=\"container\">\n\t\t\t\t<div class=\"elementor-element elementor-element-df358d3 elementor-widget elementor-widget-text-editor\" data-id=\"df358d3\" data-element_type=\"widget\" data-e-type=\"widget\" data-widget_type=\"text-editor.default\">\n\t\t\t\t\t\t\t\t\t<p><strong>Kaip \u012fsigyti kupon\u0105<\/strong><\/p><ul><li><p class=\"p1\">Kupon\u0105 galite \u012fsigyti <strong>klinikos registrat\u016broje<\/strong> arba <strong>u\u017esisakyti internetu<\/strong>.<\/p><\/li><li><p class=\"p1\"><strong>U\u017epildykite u\u017eklausos form\u0105<\/strong> \u0161iame puslapyje, mes susisieksime su Jumis d\u0117l sumos (minimalus kuponas &#8211; <strong>50 \u00a3<\/strong>), apmok\u0117jimo ir kupono gavimo b\u016bdo.<\/p><\/li><li><p class=\"p1\">Kupon\u0105 gal\u0117site gauti elektroniniu pa\u0161tu arba atspausdint\u0105, eleganti\u0161koje pakuot\u0117je klinikoje.<\/p><\/li><\/ul><p><strong>Kaip tai veikia?<\/strong><\/p><ul><li><p class=\"p1\">U\u017epildykite form\u0105 ir pateikite kontaktinius duomenis.<\/p><\/li><li><p class=\"p1\">M\u016bs\u0173 komanda susisieks su Jumis patikslinti informacijos.<\/p><\/li><li><p class=\"p1\">Atlikus apmok\u0117jim\u0105, kuponas bus paruo\u0161tas el. pa\u0161tu arba atsi\u0117mimui.<\/p><\/li><\/ul><p><strong>Kod\u0117l verta rinktis dovan\u0173 kupon\u0105?<\/strong><\/p><ul><li><p class=\"p1\">Laisv\u0117 pasirinkti proced\u016br\u0105 pagal poreikius.<\/p><\/li><li><p class=\"p1\">Eleganti\u0161ka, subtili dovana, tinkanti bet kokia proga.<\/p><\/li><li><p class=\"p1\">Galiojimas 6 m\u0117n.\u00a0<\/p><\/li><\/ul>\t\t\t\t\t\t\t\t<\/div>\n\t\t\t\t<\/div>\n\t\t<div class=\"elementor-element elementor-element-848a084 e-con-full e-flex wpr-particle-no wpr-jarallax-no wpr-parallax-no wpr-sticky-section-no wpr-equal-height-no e-con e-child\" data-id=\"848a084\" data-element_type=\"container\" data-e-type=\"container\">\n\t\t\t\t<div class=\"elementor-element elementor-element-2b7dc97 elementor-widget elementor-widget-image\" data-id=\"2b7dc97\" data-element_type=\"widget\" data-e-type=\"widget\" data-widget_type=\"image.default\">\n\t\t\t\t\t\t\t\t\t\t\t\t\t\t\t<img fetchpriority=\"high\" decoding=\"async\" width=\"486\" height=\"486\" src=\"https:\/\/sauleraclinic.uk\/wp-content\/uploads\/2025\/08\/dovanu-kuponas-1-1-1.png\" class=\"attachment-large size-large wp-image-546\" alt=\"Dovan\u0173 kupoas\" srcset=\"https:\/\/sauleraclinic.uk\/wp-content\/uploads\/2025\/08\/dovanu-kuponas-1-1-1.png 486w, https:\/\/sauleraclinic.uk\/wp-content\/uploads\/2025\/08\/dovanu-kuponas-1-1-1-300x300.png 300w, https:\/\/sauleraclinic.uk\/wp-content\/uploads\/2025\/08\/dovanu-kuponas-1-1-1-150x150.png 150w\" sizes=\"(max-width: 486px) 100vw, 486px\" \/>\t\t\t\t\t\t\t\t\t\t\t\t\t\t\t<\/div>\n\t\t\t\t<\/div>\n\t\t\t\t<\/div>\n\t\t<div class=\"elementor-element elementor-element-8d6cd4a e-con-full e-flex wpr-particle-no wpr-jarallax-no wpr-parallax-no wpr-sticky-section-no wpr-equal-height-no e-con e-parent\" data-id=\"8d6cd4a\" data-element_type=\"container\" data-e-type=\"container\">\n\t\t<div class=\"elementor-element elementor-element-c09696e e-con-full e-flex wpr-particle-no wpr-jarallax-no wpr-parallax-no wpr-sticky-section-no wpr-equal-height-no e-con e-child\" data-id=\"c09696e\" data-element_type=\"container\" data-e-type=\"container\">\n\t\t\t\t<div class=\"elementor-element elementor-element-2886bab elementor-widget__width-inherit elementor-widget elementor-widget-heading\" data-id=\"2886bab\" data-element_type=\"widget\" data-e-type=\"widget\" data-widget_type=\"heading.default\">\n\t\t\t\t\t<h5 class=\"elementor-heading-title elementor-size-default\">Dovan\u0173 kupono u\u017eklausos forma<\/h5>\t\t\t\t<\/div>\n\t\t\t\t<div class=\"elementor-element elementor-element-0185c9d page-header elementor-widget-mobile__width-initial elementor-widget elementor-widget-heading\" data-id=\"0185c9d\" data-element_type=\"widget\" data-e-type=\"widget\" data-widget_type=\"heading.default\">\n\t\t\t\t\t<h2 class=\"elementor-heading-title elementor-size-default\">U\u017epildykite form\u0105 <\/h2>\t\t\t\t<\/div>\n\t\t\t\t<\/div>\n\t\t<div class=\"elementor-element elementor-element-ae8d951 e-con-full e-flex wpr-particle-no wpr-jarallax-no wpr-parallax-no wpr-sticky-section-no wpr-equal-height-no e-con e-child\" data-id=\"ae8d951\" data-element_type=\"container\" data-e-type=\"container\">\n\t\t<div class=\"elementor-element elementor-element-8dd07af e-con-full e-flex wpr-particle-no wpr-jarallax-no wpr-parallax-no wpr-sticky-section-no wpr-equal-height-no e-con e-child\" data-id=\"8dd07af\" data-element_type=\"container\" data-e-type=\"container\" data-settings=\"{&quot;background_background&quot;:&quot;classic&quot;}\">\n\t\t\t\t<div class=\"elementor-element elementor-element-50e28ae elementor-button-align-start form elementor-widget elementor-widget-form\" data-id=\"50e28ae\" data-element_type=\"widget\" data-e-type=\"widget\" data-settings=\"{&quot;step_next_label&quot;:&quot;Next&quot;,&quot;step_previous_label&quot;:&quot;Previous&quot;,&quot;button_width&quot;:&quot;100&quot;,&quot;step_type&quot;:&quot;number_text&quot;,&quot;step_icon_shape&quot;:&quot;circle&quot;}\" data-widget_type=\"form.default\">\n\t\t\t\t\t\t\t<form class=\"elementor-form\" method=\"post\" >\n\t\t\t<input type=\"hidden\" name=\"post_id\" value=\"1461\"\/>\n\t\t\t<input type=\"hidden\" name=\"form_id\" value=\"50e28ae\"\/>\n\t\t\t<input type=\"hidden\" name=\"referer_title\" value=\"Saul\u0117 Ra Dermatology Clinic - Dovan\u0173 Kuponas\" \/>\n\n\t\t\t\t\t\t\t<input type=\"hidden\" name=\"queried_id\" value=\"1461\"\/>\n\t\t\t\n\t\t\t<div class=\"elementor-form-fields-wrapper elementor-labels-above\">\n\t\t\t\t\t\t\t\t<div class=\"elementor-field-type-text elementor-field-group elementor-column elementor-field-group-name elementor-col-100 elementor-field-required elementor-mark-required\">\n\t\t\t\t\t\t\t\t\t\t\t\t<label for=\"form-field-name\" class=\"elementor-field-label\">\n\t\t\t\t\t\t\t\tVardas\t\t\t\t\t\t\t<\/label>\n\t\t\t\t\t\t\t\t\t\t\t\t\t\t<input size=\"1\" type=\"text\" name=\"form_fields[name]\" id=\"form-field-name\" class=\"elementor-field elementor-size-sm  elementor-field-textual\" placeholder=\"Asmuo kuris u\u017esako kupon\u0105\" required=\"required\">\n\t\t\t\t\t\t\t\t\t\t\t<\/div>\n\t\t\t\t\t\t\t\t<div class=\"elementor-field-type-email elementor-field-group elementor-column elementor-field-group-email elementor-col-100 elementor-field-required elementor-mark-required\">\n\t\t\t\t\t\t\t\t\t\t\t\t<label for=\"form-field-email\" class=\"elementor-field-label\">\n\t\t\t\t\t\t\t\tEl. pa\u0161tas\t\t\t\t\t\t\t<\/label>\n\t\t\t\t\t\t\t\t\t\t\t\t\t\t<input size=\"1\" type=\"email\" name=\"form_fields[email]\" id=\"form-field-email\" class=\"elementor-field elementor-size-sm  elementor-field-textual\" placeholder=\"El. pa\u0161tas\" required=\"required\">\n\t\t\t\t\t\t\t\t\t\t\t<\/div>\n\t\t\t\t\t\t\t\t<div class=\"elementor-field-type-number elementor-field-group elementor-column elementor-field-group-field_1c9b0b4 elementor-col-100 elementor-field-required elementor-mark-required\">\n\t\t\t\t\t\t\t\t\t\t\t\t<label for=\"form-field-field_1c9b0b4\" class=\"elementor-field-label\">\n\t\t\t\t\t\t\t\tTelefono numeris\t\t\t\t\t\t\t<\/label>\n\t\t\t\t\t\t\t\t\t<input type=\"number\" name=\"form_fields[field_1c9b0b4]\" id=\"form-field-field_1c9b0b4\" class=\"elementor-field elementor-size-sm  elementor-field-textual\" placeholder=\"Telefono numeris\" required=\"required\" min=\"9\" max=\"\" >\n\t\t\t\t\t\t<\/div>\n\t\t\t\t\t\t\t\t<div class=\"elementor-field-type-textarea elementor-field-group elementor-column elementor-field-group-message elementor-col-100\">\n\t\t\t\t\t\t\t\t\t\t\t\t<label for=\"form-field-message\" class=\"elementor-field-label\">\n\t\t\t\t\t\t\t\t\u017dinut\u0117\t\t\t\t\t\t\t<\/label>\n\t\t\t\t\t\t<textarea class=\"elementor-field-textual elementor-field  elementor-size-sm\" name=\"form_fields[message]\" id=\"form-field-message\" rows=\"3\" placeholder=\"J\u016bs\u0173 \u017einut\u0117 (kupono suma, kam dovanojama ar kita informacija)\"><\/textarea>\t\t\t\t<\/div>\n\t\t\t\t\t\t\t\t<div class=\"elementor-field-group elementor-column elementor-field-type-submit elementor-col-100 e-form__buttons\">\n\t\t\t\t\t<button class=\"elementor-button elementor-size-xs elementor-animation-grow\" type=\"submit\">\n\t\t\t\t\t\t<span class=\"elementor-button-content-wrapper\">\n\t\t\t\t\t\t\t\t\t\t\t\t\t\t\t\t\t\t\t\t\t\t<span class=\"elementor-button-text\">PATEIKTI U\u017dKLAUS\u0104<\/span>\n\t\t\t\t\t\t\t\t\t\t\t\t\t<\/span>\n\t\t\t\t\t<\/button>\n\t\t\t\t<\/div>\n\t\t\t<\/div>\n\t\t<\/form>\n\t\t\t\t\t\t<\/div>\n\t\t\t\t<\/div>\n\t\t\t\t<\/div>\n\t\t\t\t<\/div>\n\t\t<div class=\"elementor-element elementor-element-36209da e-con-full e-flex wpr-particle-no wpr-jarallax-no wpr-parallax-no wpr-sticky-section-no wpr-equal-height-no e-con e-parent\" data-id=\"36209da\" data-element_type=\"container\" data-e-type=\"container\">\n\t\t<div class=\"elementor-element elementor-element-6b5e079 e-con-full e-flex wpr-particle-no wpr-jarallax-no wpr-parallax-no wpr-sticky-section-no wpr-equal-height-no e-con e-child\" data-id=\"6b5e079\" data-element_type=\"container\" data-e-type=\"container\" data-settings=\"{&quot;background_background&quot;:&quot;classic&quot;}\">\n\t\t<div class=\"elementor-element elementor-element-7a3a164 e-con-full e-flex wpr-particle-no wpr-jarallax-no wpr-parallax-no wpr-sticky-section-no wpr-equal-height-no e-con e-child\" data-id=\"7a3a164\" data-element_type=\"container\" data-e-type=\"container\">\n\t\t\t\t<div class=\"elementor-element elementor-element-361fd04 elementor-widget elementor-widget-heading\" data-id=\"361fd04\" data-element_type=\"widget\" data-e-type=\"widget\" data-widget_type=\"heading.default\">\n\t\t\t\t\t<h2 class=\"elementor-heading-title elementor-size-default\">Susipa\u017einkite su m\u016bs\u0173 paslaug\u0173 spektru<\/h2>\t\t\t\t<\/div>\n\t\t\t\t<div class=\"elementor-element elementor-element-5162b63 elementor-widget elementor-widget-text-editor\" data-id=\"5162b63\" data-element_type=\"widget\" data-e-type=\"widget\" data-widget_type=\"text-editor.default\">\n\t\t\t\t\t\t\t\t\t<p class=\"p1\">Raskite sprendim\u0105, kuris tinka b\u016btent Jums: nuo prevencin\u0117s prie\u017ei\u016bros iki i\u0161skirtini\u0173 proced\u016br\u0173, sukurt\u0173 J\u016bs\u0173 odos gerovei.<\/p>\t\t\t\t\t\t\t\t<\/div>\n\t\t\t\t<div class=\"elementor-element elementor-element-b1592ba elementor-widget elementor-widget-button\" data-id=\"b1592ba\" data-element_type=\"widget\" data-e-type=\"widget\" data-widget_type=\"button.default\">\n\t\t\t\t\t\t\t\t\t\t<a class=\"elementor-button elementor-button-link elementor-size-sm elementor-animation-grow\" href=\"https:\/\/sauleraclinic.uk\/paslaugos\/\">\n\t\t\t\t\t\t<span class=\"elementor-button-content-wrapper\">\n\t\t\t\t\t\t\t\t\t<span class=\"elementor-button-text\">\u017di\u016br\u0117ti paslaugas<\/span>\n\t\t\t\t\t<\/span>\n\t\t\t\t\t<\/a>\n\t\t\t\t\t\t\t\t<\/div>\n\t\t\t\t<\/div>\n\t\t<div class=\"elementor-element elementor-element-4e37095 e-con-full e-flex wpr-particle-no wpr-jarallax-no wpr-parallax-no wpr-sticky-section-no wpr-equal-height-no e-con e-child\" data-id=\"4e37095\" data-element_type=\"container\" data-e-type=\"container\" data-settings=\"{&quot;background_background&quot;:&quot;slideshow&quot;,&quot;background_slideshow_gallery&quot;:[],&quot;background_slideshow_loop&quot;:&quot;yes&quot;,&quot;background_slideshow_slide_duration&quot;:5000,&quot;background_slideshow_slide_transition&quot;:&quot;fade&quot;,&quot;background_slideshow_transition_duration&quot;:500}\">\n\t\t\t\t<div class=\"elementor-element elementor-element-1a4333c elementor-widget elementor-widget-image\" data-id=\"1a4333c\" data-element_type=\"widget\" data-e-type=\"widget\" data-widget_type=\"image.default\">\n\t\t\t\t\t\t\t\t\t\t\t\t\t\t\t<img decoding=\"async\" width=\"800\" height=\"592\" src=\"https:\/\/sauleraclinic.uk\/wp-content\/uploads\/2025\/08\/dermatologo-cta-1024x758.png\" class=\"attachment-large size-large wp-image-1817\" alt=\"Dermatologijos paslaug\u0173 galerija prie\u0161 ir po\" srcset=\"https:\/\/sauleraclinic.uk\/wp-content\/uploads\/2025\/08\/dermatologo-cta-1024x758.png 1024w, https:\/\/sauleraclinic.uk\/wp-content\/uploads\/2025\/08\/dermatologo-cta-300x222.png 300w, https:\/\/sauleraclinic.uk\/wp-content\/uploads\/2025\/08\/dermatologo-cta-768x568.png 768w, https:\/\/sauleraclinic.uk\/wp-content\/uploads\/2025\/08\/dermatologo-cta.png 1280w\" sizes=\"(max-width: 800px) 100vw, 800px\" \/>\t\t\t\t\t\t\t\t\t\t\t\t\t\t\t<\/div>\n\t\t\t\t<\/div>\n\t\t\t\t<\/div>\n\t\t\t\t<\/div>\n\t\t\t\t<\/div>\n\t\t","protected":false},"excerpt":{"rendered":"<p>Saul\u0117 Ra dermatologijos paslaugos Dovan\u0173 kuponas Kaip \u012fsigyti kupon\u0105 Kupon\u0105 galite \u012fsigyti klinikos registrat\u016broje arba u\u017esisakyti internetu. U\u017epildykite u\u017eklausos form\u0105 \u0161iame puslapyje, mes susisieksime su Jumis d\u0117l sumos (minimalus kuponas &#8211; 50 \u00a3), apmok\u0117jimo ir kupono gavimo b\u016bdo. Kupon\u0105 gal\u0117site gauti elektroniniu pa\u0161tu arba atspausdint\u0105, eleganti\u0161koje pakuot\u0117je klinikoje. Kaip tai veikia? U\u017epildykite form\u0105 ir pateikite kontaktinius duomenis. M\u016bs\u0173 komanda susisieks su Jumis patikslinti informacijos. Atlikus apmok\u0117jim\u0105, kuponas bus paruo\u0161tas el. pa\u0161tu arba atsi\u0117mimui. Kod\u0117l verta rinktis dovan\u0173 kupon\u0105? Laisv\u0117 pasirinkti proced\u016br\u0105 pagal poreikius. Eleganti\u0161ka, subtili dovana, tinkanti bet kokia proga. Galiojimas 6 m\u0117n.\u00a0 Dovan\u0173 kupono u\u017eklausos forma U\u017epildykite form\u0105 Susipa\u017einkite su m\u016bs\u0173 paslaug\u0173 spektru Raskite sprendim\u0105, kuris tinka b\u016btent Jums: nuo prevencin\u0117s prie\u017ei\u016bros iki i\u0161skirtini\u0173 proced\u016br\u0173, sukurt\u0173 J\u016bs\u0173 odos gerovei. \u017di\u016br\u0117ti paslaugas<\/p>","protected":false},"author":1,"featured_media":0,"parent":0,"menu_order":0,"comment_status":"closed","ping_status":"closed","template":"","meta":{"inline_featured_image":false,"footnotes":""},"class_list":["post-1461","page","type-page","status-publish","hentry"],"yoast_head":"<!-- This site is optimized with the Yoast SEO plugin v27.4 - https:\/\/yoast.com\/product\/yoast-seo-wordpress\/ -->\n<title>Saul\u0117 Ra Dermatology Clinic - Dovan\u0173 Kuponas<\/title>\n<meta name=\"description\" content=\"Padovanokite sveik\u0105 ir gra\u017ei\u0105 od\u0105. \u012esigykite eleganti\u0161k\u0105 dovan\u0173 kupon\u0105 dermatologijos paslaugoms m\u016bs\u0173 klinikoje\" \/>\n<meta name=\"robots\" content=\"index, follow, max-snippet:-1, max-image-preview:large, max-video-preview:-1\" \/>\n<link rel=\"canonical\" href=\"https:\/\/sauleraclinic.uk\/en\/dovanu-kuponas\/\" \/>\n<meta property=\"og:locale\" content=\"en_GB\" \/>\n<meta property=\"og:type\" content=\"article\" \/>\n<meta property=\"og:title\" content=\"Saul\u0117 Ra Dermatology Clinic - Dovan\u0173 Kuponas\" \/>\n<meta property=\"og:description\" content=\"Padovanokite sveik\u0105 ir gra\u017ei\u0105 od\u0105. \u012esigykite eleganti\u0161k\u0105 dovan\u0173 kupon\u0105 dermatologijos paslaugoms m\u016bs\u0173 klinikoje\" \/>\n<meta property=\"og:url\" content=\"https:\/\/sauleraclinic.uk\/en\/dovanu-kuponas\/\" \/>\n<meta property=\"og:site_name\" content=\"Saul\u0117 RA Dermatology Clinic\" \/>\n<meta property=\"article:modified_time\" content=\"2025-10-24T14:05:21+00:00\" \/>\n<meta property=\"og:image\" content=\"https:\/\/sauleraclinic.uk\/wp-content\/uploads\/2025\/08\/dovanu-kuponas-1-1-1.png\" \/>\n\t<meta property=\"og:image:width\" content=\"486\" \/>\n\t<meta property=\"og:image:height\" content=\"486\" \/>\n\t<meta property=\"og:image:type\" content=\"image\/png\" \/>\n<meta name=\"twitter:card\" content=\"summary_large_image\" \/>\n<meta name=\"twitter:label1\" content=\"Estimated reading time\" \/>\n\t<meta name=\"twitter:data1\" content=\"1 minute\" \/>\n<script type=\"application\/ld+json\" class=\"yoast-schema-graph\">{\"@context\":\"https:\\\/\\\/schema.org\",\"@graph\":[{\"@type\":\"WebPage\",\"@id\":\"https:\\\/\\\/sauleraclinic.uk\\\/dovanu-kuponas\\\/\",\"url\":\"https:\\\/\\\/sauleraclinic.uk\\\/dovanu-kuponas\\\/\",\"name\":\"Saul\u0117 Ra Dermatology Clinic - Dovan\u0173 Kuponas\",\"isPartOf\":{\"@id\":\"https:\\\/\\\/sauleraclinic.uk\\\/#website\"},\"primaryImageOfPage\":{\"@id\":\"https:\\\/\\\/sauleraclinic.uk\\\/dovanu-kuponas\\\/#primaryimage\"},\"image\":{\"@id\":\"https:\\\/\\\/sauleraclinic.uk\\\/dovanu-kuponas\\\/#primaryimage\"},\"thumbnailUrl\":\"https:\\\/\\\/sauleraclinic.uk\\\/wp-content\\\/uploads\\\/2025\\\/08\\\/dovanu-kuponas-1-1-1.png\",\"datePublished\":\"2025-08-25T19:55:21+00:00\",\"dateModified\":\"2025-10-24T14:05:21+00:00\",\"description\":\"Padovanokite sveik\u0105 ir gra\u017ei\u0105 od\u0105. \u012esigykite eleganti\u0161k\u0105 dovan\u0173 kupon\u0105 dermatologijos paslaugoms m\u016bs\u0173 klinikoje\",\"breadcrumb\":{\"@id\":\"https:\\\/\\\/sauleraclinic.uk\\\/dovanu-kuponas\\\/#breadcrumb\"},\"inLanguage\":\"en-GB\",\"potentialAction\":[{\"@type\":\"ReadAction\",\"target\":[\"https:\\\/\\\/sauleraclinic.uk\\\/dovanu-kuponas\\\/\"]}]},{\"@type\":\"ImageObject\",\"inLanguage\":\"en-GB\",\"@id\":\"https:\\\/\\\/sauleraclinic.uk\\\/dovanu-kuponas\\\/#primaryimage\",\"url\":\"https:\\\/\\\/sauleraclinic.uk\\\/wp-content\\\/uploads\\\/2025\\\/08\\\/dovanu-kuponas-1-1-1.png\",\"contentUrl\":\"https:\\\/\\\/sauleraclinic.uk\\\/wp-content\\\/uploads\\\/2025\\\/08\\\/dovanu-kuponas-1-1-1.png\"},{\"@type\":\"BreadcrumbList\",\"@id\":\"https:\\\/\\\/sauleraclinic.uk\\\/dovanu-kuponas\\\/#breadcrumb\",\"itemListElement\":[{\"@type\":\"ListItem\",\"position\":1,\"name\":\"Home\",\"item\":\"https:\\\/\\\/sauleraclinic.uk\\\/\"},{\"@type\":\"ListItem\",\"position\":2,\"name\":\"Dovan\u0173 kuponas\"}]},{\"@type\":\"WebSite\",\"@id\":\"https:\\\/\\\/sauleraclinic.uk\\\/#website\",\"url\":\"https:\\\/\\\/sauleraclinic.uk\\\/\",\"name\":\"Saul\u0117 RA Dermatology Clinic\",\"description\":\"\",\"publisher\":{\"@id\":\"https:\\\/\\\/sauleraclinic.uk\\\/#organization\"},\"potentialAction\":[{\"@type\":\"SearchAction\",\"target\":{\"@type\":\"EntryPoint\",\"urlTemplate\":\"https:\\\/\\\/sauleraclinic.uk\\\/?s={search_term_string}\"},\"query-input\":{\"@type\":\"PropertyValueSpecification\",\"valueRequired\":true,\"valueName\":\"search_term_string\"}}],\"inLanguage\":\"en-GB\"},{\"@type\":\"Organization\",\"@id\":\"https:\\\/\\\/sauleraclinic.uk\\\/#organization\",\"name\":\"Saul\u0117 RA Dermatology Clinic\",\"url\":\"https:\\\/\\\/sauleraclinic.uk\\\/\",\"logo\":{\"@type\":\"ImageObject\",\"inLanguage\":\"en-GB\",\"@id\":\"https:\\\/\\\/sauleraclinic.uk\\\/#\\\/schema\\\/logo\\\/image\\\/\",\"url\":\"https:\\\/\\\/sauleraclinic.uk\\\/wp-content\\\/uploads\\\/2025\\\/08\\\/logo-gold-1.png\",\"contentUrl\":\"https:\\\/\\\/sauleraclinic.uk\\\/wp-content\\\/uploads\\\/2025\\\/08\\\/logo-gold-1.png\",\"width\":1000,\"height\":264,\"caption\":\"Saul\u0117 RA Dermatology Clinic\"},\"image\":{\"@id\":\"https:\\\/\\\/sauleraclinic.uk\\\/#\\\/schema\\\/logo\\\/image\\\/\"}}]}<\/script>\n<!-- \/ Yoast SEO plugin. -->","yoast_head_json":{"title":"Saul\u0117 Ra Dermatology Clinic - Dovan\u0173 Kuponas","description":"Padovanokite sveik\u0105 ir gra\u017ei\u0105 od\u0105. \u012esigykite eleganti\u0161k\u0105 dovan\u0173 kupon\u0105 dermatologijos paslaugoms m\u016bs\u0173 klinikoje","robots":{"index":"index","follow":"follow","max-snippet":"max-snippet:-1","max-image-preview":"max-image-preview:large","max-video-preview":"max-video-preview:-1"},"canonical":"https:\/\/sauleraclinic.uk\/en\/dovanu-kuponas\/","og_locale":"en_GB","og_type":"article","og_title":"Saul\u0117 Ra Dermatology Clinic - Dovan\u0173 Kuponas","og_description":"Padovanokite sveik\u0105 ir gra\u017ei\u0105 od\u0105. \u012esigykite eleganti\u0161k\u0105 dovan\u0173 kupon\u0105 dermatologijos paslaugoms m\u016bs\u0173 klinikoje","og_url":"https:\/\/sauleraclinic.uk\/en\/dovanu-kuponas\/","og_site_name":"Saul\u0117 RA Dermatology Clinic","article_modified_time":"2025-10-24T14:05:21+00:00","og_image":[{"width":486,"height":486,"url":"https:\/\/sauleraclinic.uk\/wp-content\/uploads\/2025\/08\/dovanu-kuponas-1-1-1.png","type":"image\/png"}],"twitter_card":"summary_large_image","twitter_misc":{"Estimated reading time":"1 minute"},"schema":{"@context":"https:\/\/schema.org","@graph":[{"@type":"WebPage","@id":"https:\/\/sauleraclinic.uk\/dovanu-kuponas\/","url":"https:\/\/sauleraclinic.uk\/dovanu-kuponas\/","name":"Saul\u0117 Ra Dermatology Clinic - Dovan\u0173 Kuponas","isPartOf":{"@id":"https:\/\/sauleraclinic.uk\/#website"},"primaryImageOfPage":{"@id":"https:\/\/sauleraclinic.uk\/dovanu-kuponas\/#primaryimage"},"image":{"@id":"https:\/\/sauleraclinic.uk\/dovanu-kuponas\/#primaryimage"},"thumbnailUrl":"https:\/\/sauleraclinic.uk\/wp-content\/uploads\/2025\/08\/dovanu-kuponas-1-1-1.png","datePublished":"2025-08-25T19:55:21+00:00","dateModified":"2025-10-24T14:05:21+00:00","description":"Padovanokite sveik\u0105 ir gra\u017ei\u0105 od\u0105. \u012esigykite eleganti\u0161k\u0105 dovan\u0173 kupon\u0105 dermatologijos paslaugoms m\u016bs\u0173 klinikoje","breadcrumb":{"@id":"https:\/\/sauleraclinic.uk\/dovanu-kuponas\/#breadcrumb"},"inLanguage":"en-GB","potentialAction":[{"@type":"ReadAction","target":["https:\/\/sauleraclinic.uk\/dovanu-kuponas\/"]}]},{"@type":"ImageObject","inLanguage":"en-GB","@id":"https:\/\/sauleraclinic.uk\/dovanu-kuponas\/#primaryimage","url":"https:\/\/sauleraclinic.uk\/wp-content\/uploads\/2025\/08\/dovanu-kuponas-1-1-1.png","contentUrl":"https:\/\/sauleraclinic.uk\/wp-content\/uploads\/2025\/08\/dovanu-kuponas-1-1-1.png"},{"@type":"BreadcrumbList","@id":"https:\/\/sauleraclinic.uk\/dovanu-kuponas\/#breadcrumb","itemListElement":[{"@type":"ListItem","position":1,"name":"Home","item":"https:\/\/sauleraclinic.uk\/"},{"@type":"ListItem","position":2,"name":"Dovan\u0173 kuponas"}]},{"@type":"WebSite","@id":"https:\/\/sauleraclinic.uk\/#website","url":"https:\/\/sauleraclinic.uk\/","name":"Saul\u0117 RA Dermatology Clinic","description":"","publisher":{"@id":"https:\/\/sauleraclinic.uk\/#organization"},"potentialAction":[{"@type":"SearchAction","target":{"@type":"EntryPoint","urlTemplate":"https:\/\/sauleraclinic.uk\/?s={search_term_string}"},"query-input":{"@type":"PropertyValueSpecification","valueRequired":true,"valueName":"search_term_string"}}],"inLanguage":"en-GB"},{"@type":"Organization","@id":"https:\/\/sauleraclinic.uk\/#organization","name":"Saul\u0117 RA Dermatology Clinic","url":"https:\/\/sauleraclinic.uk\/","logo":{"@type":"ImageObject","inLanguage":"en-GB","@id":"https:\/\/sauleraclinic.uk\/#\/schema\/logo\/image\/","url":"https:\/\/sauleraclinic.uk\/wp-content\/uploads\/2025\/08\/logo-gold-1.png","contentUrl":"https:\/\/sauleraclinic.uk\/wp-content\/uploads\/2025\/08\/logo-gold-1.png","width":1000,"height":264,"caption":"Saul\u0117 RA Dermatology Clinic"},"image":{"@id":"https:\/\/sauleraclinic.uk\/#\/schema\/logo\/image\/"}}]}},"_links":{"self":[{"href":"https:\/\/sauleraclinic.uk\/en\/wp-json\/wp\/v2\/pages\/1461","targetHints":{"allow":["GET"]}}],"collection":[{"href":"https:\/\/sauleraclinic.uk\/en\/wp-json\/wp\/v2\/pages"}],"about":[{"href":"https:\/\/sauleraclinic.uk\/en\/wp-json\/wp\/v2\/types\/page"}],"author":[{"embeddable":true,"href":"https:\/\/sauleraclinic.uk\/en\/wp-json\/wp\/v2\/users\/1"}],"replies":[{"embeddable":true,"href":"https:\/\/sauleraclinic.uk\/en\/wp-json\/wp\/v2\/comments?post=1461"}],"version-history":[{"count":106,"href":"https:\/\/sauleraclinic.uk\/en\/wp-json\/wp\/v2\/pages\/1461\/revisions"}],"predecessor-version":[{"id":4530,"href":"https:\/\/sauleraclinic.uk\/en\/wp-json\/wp\/v2\/pages\/1461\/revisions\/4530"}],"wp:attachment":[{"href":"https:\/\/sauleraclinic.uk\/en\/wp-json\/wp\/v2\/media?parent=1461"}],"curies":[{"name":"wp","href":"https:\/\/api.w.org\/{rel}","templated":true}]}}